{"id":7730,"date":"2025-11-10T16:12:06","date_gmt":"2025-11-10T19:12:06","guid":{"rendered":"https:\/\/ibiti.com\/?page_id=7730"},"modified":"2026-01-08T09:28:18","modified_gmt":"2026-01-08T12:28:18","slug":"o-que-trazer","status":"publish","type":"page","link":"https:\/\/ibiti.com\/en\/o-que-trazer\/","title":{"rendered":"What to bring"},"content":{"rendered":"\t\t<div data-elementor-type=\"wp-page\" data-elementor-id=\"7730\" class=\"elementor elementor-7730\" data-elementor-post-type=\"page\">\n\t\t\t\t<div class=\"elementor-element elementor-element-31b317e7 e-flex e-con-boxed wpr-particle-no wpr-jarallax-no wpr-parallax-no wpr-sticky-section-no e-con e-parent\" data-id=\"31b317e7\" data-element_type=\"container\" data-e-type=\"container\" data-settings=\"{&quot;background_background&quot;:&quot;classic&quot;}\">\n\t\t\t\t\t<div class=\"e-con-inner\">\n\t\t\t\t\t<\/div>\n\t\t\t\t<\/div>\n\t\t<div class=\"elementor-element elementor-element-742e6ca0 e-flex e-con-boxed wpr-particle-no wpr-jarallax-no wpr-parallax-no wpr-sticky-section-no e-con e-parent\" data-id=\"742e6ca0\" data-element_type=\"container\" data-e-type=\"container\">\n\t\t\t\t\t<div class=\"e-con-inner\">\n\t\t\t\t<div class=\"elementor-element elementor-element-6a5ca05e elementor-grid-1 elementor-grid-tablet-2 elementor-grid-mobile-1 elementor-widget elementor-widget-loop-grid\" data-id=\"6a5ca05e\" data-element_type=\"widget\" data-e-type=\"widget\" data-settings=\"{&quot;template_id&quot;:&quot;3817&quot;,&quot;columns&quot;:1,&quot;row_gap&quot;:{&quot;unit&quot;:&quot;px&quot;,&quot;size&quot;:64,&quot;sizes&quot;:[]},&quot;row_gap_mobile&quot;:{&quot;unit&quot;:&quot;px&quot;,&quot;size&quot;:48,&quot;sizes&quot;:[]},&quot;_skin&quot;:&quot;post&quot;,&quot;columns_tablet&quot;:&quot;2&quot;,&quot;columns_mobile&quot;:&quot;1&quot;,&quot;edit_handle_selector&quot;:&quot;[data-elementor-type=\\&quot;loop-item\\&quot;]&quot;,&quot;row_gap_laptop&quot;:{&quot;unit&quot;:&quot;px&quot;,&quot;size&quot;:&quot;&quot;,&quot;sizes&quot;:[]},&quot;row_gap_tablet&quot;:{&quot;unit&quot;:&quot;px&quot;,&quot;size&quot;:&quot;&quot;,&quot;sizes&quot;:[]}}\" data-widget_type=\"loop-grid.post\">\n\t\t\t\t<div class=\"elementor-widget-container\">\n\t\t\t\t\t\t\t<div class=\"e-loop-nothing-found-message\">\n\t\t<\/div>\n\t\t\t\t\t\t<\/div>\n\t\t\t\t<\/div>\n\t\t\t\t<div class=\"elementor-element elementor-element-d45b01b elementor-widget elementor-widget-text-editor\" data-id=\"d45b01b\" data-element_type=\"widget\" data-e-type=\"widget\" data-widget_type=\"text-editor.default\">\n\t\t\t\t<div class=\"elementor-widget-container\">\n\t\t\t\t\t\t\t\t\t<p>Seguem algumas dicas do que trazer para o conforto de voc\u00eas:<\/p>\n<ul>\n<li>Roupas e cal\u00e7ados confort\u00e1veis para aproveitar nossas trilhas e atividades ao ar livre<\/li>\n<li>Chap\u00e9us, \u00f3culos de sol e protetor solar para o dia (Ibiti fica nas montanhas, e geralmente \u00e9 ensolarado durante o dia)<\/li>\n<li>Repelente de insetos, necess\u00e1rio dependendo da esta\u00e7\u00e3o (Fornecemos repelente natural e ecol\u00f3gico para uso durante sua estadia)<\/li>\n<li>Mochila para caminhadas (ou para dias em que voc\u00ea ficar\u00e1 fora o dia todo, longe da sua acomoda\u00e7\u00e3o)<\/li>\n<li>Roupas de banho para se refrescar em nossas cachoeiras e relaxar na piscina aquecida<\/li>\n<li>Casacos (\u00e0 noite, as temperaturas caem para cerca de 18\u00ba)<\/li>\n<li>Recomendamos levar uma garrafa de \u00e1gua reutiliz\u00e1vel<\/li>\n<li>Medicamentos pessoais (a cidade principal fica a 30 minutos de dist\u00e2ncia, por uma estrada de terra)<br \/><br \/><\/li>\n<\/ul>\t\t\t\t\t\t\t\t<\/div>\n\t\t\t\t<\/div>\n\t\t\t\t\t<\/div>\n\t\t\t\t<\/div>\n\t\t\t\t<\/div>\n\t\t","protected":false},"excerpt":{"rendered":"<p>Seguem algumas dicas do que trazer para o conforto de voc\u00eas: Roupas e cal\u00e7ados confort\u00e1veis para aproveitar nossas trilhas e atividades ao ar livre Chap\u00e9us, \u00f3culos de sol e protetor solar para o dia (Ibiti fica nas montanhas, e geralmente \u00e9 ensolarado durante o dia) Repelente de insetos, necess\u00e1rio dependendo da esta\u00e7\u00e3o (Fornecemos repelente natural e ecol\u00f3gico para uso durante sua estadia) Mochila para caminhadas (ou para dias em que voc\u00ea ficar\u00e1 fora o dia todo, longe da sua acomoda\u00e7\u00e3o) Roupas de banho para se refrescar em nossas cachoeiras e relaxar na piscina aquecida Casacos (\u00e0 noite, as temperaturas caem para cerca de 18\u00ba) Recomendamos levar uma garrafa de \u00e1gua reutiliz\u00e1vel Medicamentos pessoais (a cidade principal fica a 30 minutos de dist\u00e2ncia, por uma estrada de terra)<\/p>","protected":false},"author":14,"featured_media":8257,"parent":0,"menu_order":0,"comment_status":"closed","ping_status":"closed","template":"","meta":{"inline_featured_image":false,"footnotes":""},"class_list":["post-7730","page","type-page","status-publish","has-post-thumbnail","hentry"],"yoast_head":"<!-- This site is optimized with the Yoast SEO plugin v27.3 - https:\/\/yoast.com\/product\/yoast-seo-wordpress\/ -->\n<title>O que trazer - IBITI<\/title>\n<meta name=\"robots\" content=\"index, follow, max-snippet:-1, max-image-preview:large, max-video-preview:-1\" \/>\n<link rel=\"canonical\" href=\"https:\/\/ibiti.com\/en\/o-que-trazer\/\" \/>\n<meta property=\"og:locale\" content=\"en_US\" \/>\n<meta property=\"og:type\" content=\"article\" \/>\n<meta property=\"og:title\" content=\"O que trazer - IBITI\" \/>\n<meta property=\"og:description\" content=\"Seguem algumas dicas do que trazer para o conforto de voc\u00eas: Roupas e cal\u00e7ados confort\u00e1veis para aproveitar nossas trilhas e atividades ao ar livre Chap\u00e9us, \u00f3culos de sol e protetor solar para o dia (Ibiti fica nas montanhas, e geralmente \u00e9 ensolarado durante o dia) Repelente de insetos, necess\u00e1rio dependendo da esta\u00e7\u00e3o (Fornecemos repelente natural e ecol\u00f3gico para uso durante sua estadia) Mochila para caminhadas (ou para dias em que voc\u00ea ficar\u00e1 fora o dia todo, longe da sua acomoda\u00e7\u00e3o) Roupas de banho para se refrescar em nossas cachoeiras e relaxar na piscina aquecida Casacos (\u00e0 noite, as temperaturas caem para cerca de 18\u00ba) Recomendamos levar uma garrafa de \u00e1gua reutiliz\u00e1vel Medicamentos pessoais (a cidade principal fica a 30 minutos de dist\u00e2ncia, por uma estrada de terra)\" \/>\n<meta property=\"og:url\" content=\"https:\/\/ibiti.com\/en\/o-que-trazer\/\" \/>\n<meta property=\"og:site_name\" content=\"IBITI\" \/>\n<meta property=\"article:modified_time\" content=\"2026-01-08T12:28:18+00:00\" \/>\n<meta property=\"og:image\" content=\"https:\/\/ibiti.com\/wp-content\/uploads\/2026\/01\/ibiti-copy.webp\" \/>\n\t<meta property=\"og:image:width\" content=\"640\" \/>\n\t<meta property=\"og:image:height\" content=\"462\" \/>\n\t<meta property=\"og:image:type\" content=\"image\/webp\" \/>\n<meta name=\"twitter:card\" content=\"summary_large_image\" \/>\n<meta name=\"twitter:label1\" content=\"Est. reading time\" \/>\n\t<meta name=\"twitter:data1\" content=\"1 minute\" \/>\n<script type=\"application\/ld+json\" class=\"yoast-schema-graph\">{\"@context\":\"https:\\\/\\\/schema.org\",\"@graph\":[{\"@type\":\"WebPage\",\"@id\":\"https:\\\/\\\/ibiti.com\\\/o-que-trazer\\\/\",\"url\":\"https:\\\/\\\/ibiti.com\\\/o-que-trazer\\\/\",\"name\":\"O que trazer - IBITI\",\"isPartOf\":{\"@id\":\"https:\\\/\\\/ibiti.com\\\/#website\"},\"primaryImageOfPage\":{\"@id\":\"https:\\\/\\\/ibiti.com\\\/o-que-trazer\\\/#primaryimage\"},\"image\":{\"@id\":\"https:\\\/\\\/ibiti.com\\\/o-que-trazer\\\/#primaryimage\"},\"thumbnailUrl\":\"https:\\\/\\\/ibiti.com\\\/wp-content\\\/uploads\\\/2026\\\/01\\\/ibiti-copy.webp\",\"datePublished\":\"2025-11-10T19:12:06+00:00\",\"dateModified\":\"2026-01-08T12:28:18+00:00\",\"inLanguage\":\"en-US\",\"potentialAction\":[{\"@type\":\"ReadAction\",\"target\":[\"https:\\\/\\\/ibiti.com\\\/o-que-trazer\\\/\"]}]},{\"@type\":\"ImageObject\",\"inLanguage\":\"en-US\",\"@id\":\"https:\\\/\\\/ibiti.com\\\/o-que-trazer\\\/#primaryimage\",\"url\":\"https:\\\/\\\/ibiti.com\\\/wp-content\\\/uploads\\\/2026\\\/01\\\/ibiti-copy.webp\",\"contentUrl\":\"https:\\\/\\\/ibiti.com\\\/wp-content\\\/uploads\\\/2026\\\/01\\\/ibiti-copy.webp\",\"width\":640,\"height\":462},{\"@type\":\"WebSite\",\"@id\":\"https:\\\/\\\/ibiti.com\\\/#website\",\"url\":\"https:\\\/\\\/ibiti.com\\\/\",\"name\":\"IBITI\",\"description\":\"Somos um projeto socioambiental experimental focado no homem e sua casa, o planeta.  Somos um novo mundo nas montanhas de Minas.  Acreditamos na harmonia entre o ser humano e a natureza.\",\"publisher\":{\"@id\":\"https:\\\/\\\/ibiti.com\\\/#organization\"},\"potentialAction\":[{\"@type\":\"SearchAction\",\"target\":{\"@type\":\"EntryPoint\",\"urlTemplate\":\"https:\\\/\\\/ibiti.com\\\/?s={search_term_string}\"},\"query-input\":{\"@type\":\"PropertyValueSpecification\",\"valueRequired\":true,\"valueName\":\"search_term_string\"}}],\"inLanguage\":\"en-US\"},{\"@type\":\"Organization\",\"@id\":\"https:\\\/\\\/ibiti.com\\\/#organization\",\"name\":\"IBITI\",\"url\":\"https:\\\/\\\/ibiti.com\\\/\",\"logo\":{\"@type\":\"ImageObject\",\"inLanguage\":\"en-US\",\"@id\":\"https:\\\/\\\/ibiti.com\\\/#\\\/schema\\\/logo\\\/image\\\/\",\"url\":\"https:\\\/\\\/ibiti.com\\\/wp-content\\\/uploads\\\/2024\\\/10\\\/ibiti-logo-default.svg\",\"contentUrl\":\"https:\\\/\\\/ibiti.com\\\/wp-content\\\/uploads\\\/2024\\\/10\\\/ibiti-logo-default.svg\",\"width\":80,\"height\":54,\"caption\":\"IBITI\"},\"image\":{\"@id\":\"https:\\\/\\\/ibiti.com\\\/#\\\/schema\\\/logo\\\/image\\\/\"}}]}<\/script>\n<!-- \/ Yoast SEO plugin. -->","yoast_head_json":{"title":"O que trazer - IBITI","robots":{"index":"index","follow":"follow","max-snippet":"max-snippet:-1","max-image-preview":"max-image-preview:large","max-video-preview":"max-video-preview:-1"},"canonical":"https:\/\/ibiti.com\/en\/o-que-trazer\/","og_locale":"en_US","og_type":"article","og_title":"O que trazer - IBITI","og_description":"Seguem algumas dicas do que trazer para o conforto de voc\u00eas: Roupas e cal\u00e7ados confort\u00e1veis para aproveitar nossas trilhas e atividades ao ar livre Chap\u00e9us, \u00f3culos de sol e protetor solar para o dia (Ibiti fica nas montanhas, e geralmente \u00e9 ensolarado durante o dia) Repelente de insetos, necess\u00e1rio dependendo da esta\u00e7\u00e3o (Fornecemos repelente natural e ecol\u00f3gico para uso durante sua estadia) Mochila para caminhadas (ou para dias em que voc\u00ea ficar\u00e1 fora o dia todo, longe da sua acomoda\u00e7\u00e3o) Roupas de banho para se refrescar em nossas cachoeiras e relaxar na piscina aquecida Casacos (\u00e0 noite, as temperaturas caem para cerca de 18\u00ba) Recomendamos levar uma garrafa de \u00e1gua reutiliz\u00e1vel Medicamentos pessoais (a cidade principal fica a 30 minutos de dist\u00e2ncia, por uma estrada de terra)","og_url":"https:\/\/ibiti.com\/en\/o-que-trazer\/","og_site_name":"IBITI","article_modified_time":"2026-01-08T12:28:18+00:00","og_image":[{"width":640,"height":462,"url":"https:\/\/ibiti.com\/wp-content\/uploads\/2026\/01\/ibiti-copy.webp","type":"image\/webp"}],"twitter_card":"summary_large_image","twitter_misc":{"Est. reading time":"1 minute"},"schema":{"@context":"https:\/\/schema.org","@graph":[{"@type":"WebPage","@id":"https:\/\/ibiti.com\/o-que-trazer\/","url":"https:\/\/ibiti.com\/o-que-trazer\/","name":"O que trazer - IBITI","isPartOf":{"@id":"https:\/\/ibiti.com\/#website"},"primaryImageOfPage":{"@id":"https:\/\/ibiti.com\/o-que-trazer\/#primaryimage"},"image":{"@id":"https:\/\/ibiti.com\/o-que-trazer\/#primaryimage"},"thumbnailUrl":"https:\/\/ibiti.com\/wp-content\/uploads\/2026\/01\/ibiti-copy.webp","datePublished":"2025-11-10T19:12:06+00:00","dateModified":"2026-01-08T12:28:18+00:00","inLanguage":"en-US","potentialAction":[{"@type":"ReadAction","target":["https:\/\/ibiti.com\/o-que-trazer\/"]}]},{"@type":"ImageObject","inLanguage":"en-US","@id":"https:\/\/ibiti.com\/o-que-trazer\/#primaryimage","url":"https:\/\/ibiti.com\/wp-content\/uploads\/2026\/01\/ibiti-copy.webp","contentUrl":"https:\/\/ibiti.com\/wp-content\/uploads\/2026\/01\/ibiti-copy.webp","width":640,"height":462},{"@type":"WebSite","@id":"https:\/\/ibiti.com\/#website","url":"https:\/\/ibiti.com\/","name":"IBITI","description":"We are an experimental socio-environmental project focused on man and his home, the planet.  We are a new world in the mountains of Minas Gerais.  We believe in harmony between human beings and nature.","publisher":{"@id":"https:\/\/ibiti.com\/#organization"},"potentialAction":[{"@type":"SearchAction","target":{"@type":"EntryPoint","urlTemplate":"https:\/\/ibiti.com\/?s={search_term_string}"},"query-input":{"@type":"PropertyValueSpecification","valueRequired":true,"valueName":"search_term_string"}}],"inLanguage":"en-US"},{"@type":"Organization","@id":"https:\/\/ibiti.com\/#organization","name":"IBITI","url":"https:\/\/ibiti.com\/","logo":{"@type":"ImageObject","inLanguage":"en-US","@id":"https:\/\/ibiti.com\/#\/schema\/logo\/image\/","url":"https:\/\/ibiti.com\/wp-content\/uploads\/2024\/10\/ibiti-logo-default.svg","contentUrl":"https:\/\/ibiti.com\/wp-content\/uploads\/2024\/10\/ibiti-logo-default.svg","width":80,"height":54,"caption":"IBITI"},"image":{"@id":"https:\/\/ibiti.com\/#\/schema\/logo\/image\/"}}]}},"jetpack_sharing_enabled":true,"_links":{"self":[{"href":"https:\/\/ibiti.com\/en\/wp-json\/wp\/v2\/pages\/7730","targetHints":{"allow":["GET"]}}],"collection":[{"href":"https:\/\/ibiti.com\/en\/wp-json\/wp\/v2\/pages"}],"about":[{"href":"https:\/\/ibiti.com\/en\/wp-json\/wp\/v2\/types\/page"}],"author":[{"embeddable":true,"href":"https:\/\/ibiti.com\/en\/wp-json\/wp\/v2\/users\/14"}],"replies":[{"embeddable":true,"href":"https:\/\/ibiti.com\/en\/wp-json\/wp\/v2\/comments?post=7730"}],"version-history":[{"count":0,"href":"https:\/\/ibiti.com\/en\/wp-json\/wp\/v2\/pages\/7730\/revisions"}],"wp:featuredmedia":[{"embeddable":true,"href":"https:\/\/ibiti.com\/en\/wp-json\/wp\/v2\/media\/8257"}],"wp:attachment":[{"href":"https:\/\/ibiti.com\/en\/wp-json\/wp\/v2\/media?parent=7730"}],"curies":[{"name":"wp","href":"https:\/\/api.w.org\/{rel}","templated":true}]}}