{"id":7708,"date":"2025-11-10T15:56:39","date_gmt":"2025-11-10T18:56:39","guid":{"rendered":"https:\/\/ibiti.com\/?page_id=7708"},"modified":"2026-01-09T15:20:45","modified_gmt":"2026-01-09T18:20:45","slug":"how-to-get-there","status":"publish","type":"page","link":"https:\/\/ibiti.com\/en\/how-to-get-there\/","title":{"rendered":"How to get there"},"content":{"rendered":"\t\t<div data-elementor-type=\"wp-page\" data-elementor-id=\"7708\" class=\"elementor elementor-7708\" data-elementor-post-type=\"page\">\n\t\t\t\t<div class=\"elementor-element elementor-element-31b317e7 e-flex e-con-boxed e-con e-parent\" data-id=\"31b317e7\" data-element_type=\"container\" data-e-type=\"container\" data-settings=\"{&quot;background_background&quot;:&quot;classic&quot;}\">\n\t\t\t\t\t<div class=\"e-con-inner\">\n\t\t\t\t\t<\/div>\n\t\t\t\t<\/div>\n\t\t<div class=\"elementor-element elementor-element-742e6ca0 e-flex e-con-boxed e-con e-parent\" data-id=\"742e6ca0\" data-element_type=\"container\" data-e-type=\"container\">\n\t\t\t\t\t<div class=\"e-con-inner\">\n\t\t\t\t<div class=\"elementor-element elementor-element-6a5ca05e elementor-grid-1 elementor-grid-tablet-2 elementor-grid-mobile-1 elementor-widget elementor-widget-loop-grid\" data-id=\"6a5ca05e\" data-element_type=\"widget\" data-e-type=\"widget\" data-settings=\"{&quot;template_id&quot;:&quot;3817&quot;,&quot;columns&quot;:1,&quot;row_gap&quot;:{&quot;unit&quot;:&quot;px&quot;,&quot;size&quot;:64,&quot;sizes&quot;:[]},&quot;row_gap_mobile&quot;:{&quot;unit&quot;:&quot;px&quot;,&quot;size&quot;:48,&quot;sizes&quot;:[]},&quot;_skin&quot;:&quot;post&quot;,&quot;columns_tablet&quot;:&quot;2&quot;,&quot;columns_mobile&quot;:&quot;1&quot;,&quot;edit_handle_selector&quot;:&quot;[data-elementor-type=\\&quot;loop-item\\&quot;]&quot;,&quot;row_gap_laptop&quot;:{&quot;unit&quot;:&quot;px&quot;,&quot;size&quot;:&quot;&quot;,&quot;sizes&quot;:[]},&quot;row_gap_tablet&quot;:{&quot;unit&quot;:&quot;px&quot;,&quot;size&quot;:&quot;&quot;,&quot;sizes&quot;:[]}}\" data-widget_type=\"loop-grid.post\">\n\t\t\t\t<div class=\"elementor-widget-container\">\n\t\t\t\t\t\t\t<div class=\"e-loop-nothing-found-message\">\n\t\t<\/div>\n\t\t\t\t\t\t<\/div>\n\t\t\t\t<\/div>\n\t\t\t\t<div class=\"elementor-element elementor-element-d45b01b elementor-widget elementor-widget-text-editor\" data-id=\"d45b01b\" data-element_type=\"widget\" data-e-type=\"widget\" data-widget_type=\"text-editor.default\">\n\t\t\t\t<div class=\"elementor-widget-container\">\n\t\t\t\t\t\t\t\t\t<p><strong><br \/>Waze:<\/strong><\/p><p><a href=\"https:\/\/ul.waze.com\/ul?preview_venue_id=207160879.2071608786.10109322&amp;navigate=yes&amp;utm_campaign=default&amp;utm_source=waze_website&amp;utm_medium=lm_share_location\">Acesse o link<\/a><\/p><p><strong>Google Maps:<\/strong><br \/><a href=\"https:\/\/maps.app.goo.gl\/QVVZfjU9xxg3w8C88\">https:\/\/maps.app.goo.gl\/QVVZfjU9xxg3w8C88<\/a><\/p><p>Sugerimos seguir as dire\u00e7\u00f5es pelo GoogleMaps.<\/p><p><strong>Obs.:<\/strong> A estrada de Lima Duarte at\u00e9 o Engenho Lodge costuma est\u00e1 em obra \/ manuten\u00e7\u00e3o devido ao cal\u00e7amento, dirija com cautela.<br \/><br \/><\/p>\t\t\t\t\t\t\t\t<\/div>\n\t\t\t\t<\/div>\n\t\t\t\t\t<\/div>\n\t\t\t\t<\/div>\n\t\t\t\t<\/div>\n\t\t","protected":false},"excerpt":{"rendered":"<p>Waze: Access the Google Maps link:https:\/\/maps.app.goo.gl\/QVVZfjU9xxg3w8C88 We suggest following the directions on GoogleMaps. Note: The road from Lima Duarte to Engenho Lodge is usually under construction\/maintenance due to the sidewalk, so drive carefully.<\/p>","protected":false},"author":14,"featured_media":7719,"parent":0,"menu_order":0,"comment_status":"closed","ping_status":"closed","template":"","meta":{"footnotes":""},"class_list":["post-7708","page","type-page","status-publish","has-post-thumbnail","hentry"],"yoast_head":"<!-- This site is optimized with the Yoast SEO plugin v27.5 - https:\/\/yoast.com\/product\/yoast-seo-wordpress\/ -->\n<title>Como chegar - IBITI<\/title>\n<meta name=\"robots\" content=\"index, follow, max-snippet:-1, max-image-preview:large, max-video-preview:-1\" \/>\n<link rel=\"canonical\" href=\"https:\/\/ibiti.com\/en\/how-to-get-there\/\" \/>\n<meta property=\"og:locale\" content=\"en_US\" \/>\n<meta property=\"og:type\" content=\"article\" \/>\n<meta property=\"og:title\" content=\"Como chegar - IBITI\" \/>\n<meta property=\"og:description\" content=\"Waze: Acesse o link Google Maps:https:\/\/maps.app.goo.gl\/QVVZfjU9xxg3w8C88 Sugerimos seguir as dire\u00e7\u00f5es pelo GoogleMaps. Obs.: A estrada de Lima Duarte at\u00e9 o Engenho Lodge costuma est\u00e1 em obra \/ manuten\u00e7\u00e3o devido ao cal\u00e7amento, dirija com cautela.\" \/>\n<meta property=\"og:url\" content=\"https:\/\/ibiti.com\/en\/how-to-get-there\/\" \/>\n<meta property=\"og:site_name\" content=\"IBITI\" \/>\n<meta property=\"article:modified_time\" content=\"2026-01-09T18:20:45+00:00\" \/>\n<meta property=\"og:image\" content=\"https:\/\/ibiti.com\/wp-content\/uploads\/2025\/11\/Foto-Venda.webp\" \/>\n\t<meta property=\"og:image:width\" content=\"640\" \/>\n\t<meta property=\"og:image:height\" content=\"640\" \/>\n\t<meta property=\"og:image:type\" content=\"image\/webp\" \/>\n<meta name=\"twitter:card\" content=\"summary_large_image\" \/>\n<meta name=\"twitter:label1\" content=\"Est. reading time\" \/>\n\t<meta name=\"twitter:data1\" content=\"1 minute\" \/>\n<script type=\"application\/ld+json\" class=\"yoast-schema-graph\">{\"@context\":\"https:\\\/\\\/schema.org\",\"@graph\":[{\"@type\":\"WebPage\",\"@id\":\"https:\\\/\\\/ibiti.com\\\/como-chegar\\\/\",\"url\":\"https:\\\/\\\/ibiti.com\\\/como-chegar\\\/\",\"name\":\"Como chegar - IBITI\",\"isPartOf\":{\"@id\":\"https:\\\/\\\/ibiti.com\\\/#website\"},\"primaryImageOfPage\":{\"@id\":\"https:\\\/\\\/ibiti.com\\\/como-chegar\\\/#primaryimage\"},\"image\":{\"@id\":\"https:\\\/\\\/ibiti.com\\\/como-chegar\\\/#primaryimage\"},\"thumbnailUrl\":\"https:\\\/\\\/ibiti.com\\\/wp-content\\\/uploads\\\/2025\\\/11\\\/Foto-Venda.webp\",\"datePublished\":\"2025-11-10T18:56:39+00:00\",\"dateModified\":\"2026-01-09T18:20:45+00:00\",\"inLanguage\":\"en-US\",\"potentialAction\":[{\"@type\":\"ReadAction\",\"target\":[\"https:\\\/\\\/ibiti.com\\\/como-chegar\\\/\"]}]},{\"@type\":\"ImageObject\",\"inLanguage\":\"en-US\",\"@id\":\"https:\\\/\\\/ibiti.com\\\/como-chegar\\\/#primaryimage\",\"url\":\"https:\\\/\\\/ibiti.com\\\/wp-content\\\/uploads\\\/2025\\\/11\\\/Foto-Venda.webp\",\"contentUrl\":\"https:\\\/\\\/ibiti.com\\\/wp-content\\\/uploads\\\/2025\\\/11\\\/Foto-Venda.webp\",\"width\":640,\"height\":640},{\"@type\":\"WebSite\",\"@id\":\"https:\\\/\\\/ibiti.com\\\/#website\",\"url\":\"https:\\\/\\\/ibiti.com\\\/\",\"name\":\"IBITI\",\"description\":\"Somos um projeto socioambiental experimental focado no homem e sua casa, o planeta.  Somos um novo mundo nas montanhas de Minas.  Acreditamos na harmonia entre o ser humano e a natureza.\",\"publisher\":{\"@id\":\"https:\\\/\\\/ibiti.com\\\/#organization\"},\"potentialAction\":[{\"@type\":\"SearchAction\",\"target\":{\"@type\":\"EntryPoint\",\"urlTemplate\":\"https:\\\/\\\/ibiti.com\\\/?s={search_term_string}\"},\"query-input\":{\"@type\":\"PropertyValueSpecification\",\"valueRequired\":true,\"valueName\":\"search_term_string\"}}],\"inLanguage\":\"en-US\"},{\"@type\":\"Organization\",\"@id\":\"https:\\\/\\\/ibiti.com\\\/#organization\",\"name\":\"IBITI\",\"url\":\"https:\\\/\\\/ibiti.com\\\/\",\"logo\":{\"@type\":\"ImageObject\",\"inLanguage\":\"en-US\",\"@id\":\"https:\\\/\\\/ibiti.com\\\/#\\\/schema\\\/logo\\\/image\\\/\",\"url\":\"https:\\\/\\\/ibiti.com\\\/wp-content\\\/uploads\\\/2024\\\/10\\\/ibiti-logo-default.svg\",\"contentUrl\":\"https:\\\/\\\/ibiti.com\\\/wp-content\\\/uploads\\\/2024\\\/10\\\/ibiti-logo-default.svg\",\"width\":80,\"height\":54,\"caption\":\"IBITI\"},\"image\":{\"@id\":\"https:\\\/\\\/ibiti.com\\\/#\\\/schema\\\/logo\\\/image\\\/\"}}]}<\/script>\n<!-- \/ Yoast SEO plugin. -->","yoast_head_json":{"title":"How to get there - IBITI","robots":{"index":"index","follow":"follow","max-snippet":"max-snippet:-1","max-image-preview":"max-image-preview:large","max-video-preview":"max-video-preview:-1"},"canonical":"https:\/\/ibiti.com\/en\/how-to-get-there\/","og_locale":"en_US","og_type":"article","og_title":"Como chegar - IBITI","og_description":"Waze: Acesse o link Google Maps:https:\/\/maps.app.goo.gl\/QVVZfjU9xxg3w8C88 Sugerimos seguir as dire\u00e7\u00f5es pelo GoogleMaps. Obs.: A estrada de Lima Duarte at\u00e9 o Engenho Lodge costuma est\u00e1 em obra \/ manuten\u00e7\u00e3o devido ao cal\u00e7amento, dirija com cautela.","og_url":"https:\/\/ibiti.com\/en\/how-to-get-there\/","og_site_name":"IBITI","article_modified_time":"2026-01-09T18:20:45+00:00","og_image":[{"width":640,"height":640,"url":"https:\/\/ibiti.com\/wp-content\/uploads\/2025\/11\/Foto-Venda.webp","type":"image\/webp"}],"twitter_card":"summary_large_image","twitter_misc":{"Est. reading time":"1 minute"},"schema":{"@context":"https:\/\/schema.org","@graph":[{"@type":"WebPage","@id":"https:\/\/ibiti.com\/como-chegar\/","url":"https:\/\/ibiti.com\/como-chegar\/","name":"How to get there - IBITI","isPartOf":{"@id":"https:\/\/ibiti.com\/#website"},"primaryImageOfPage":{"@id":"https:\/\/ibiti.com\/como-chegar\/#primaryimage"},"image":{"@id":"https:\/\/ibiti.com\/como-chegar\/#primaryimage"},"thumbnailUrl":"https:\/\/ibiti.com\/wp-content\/uploads\/2025\/11\/Foto-Venda.webp","datePublished":"2025-11-10T18:56:39+00:00","dateModified":"2026-01-09T18:20:45+00:00","inLanguage":"en-US","potentialAction":[{"@type":"ReadAction","target":["https:\/\/ibiti.com\/como-chegar\/"]}]},{"@type":"ImageObject","inLanguage":"en-US","@id":"https:\/\/ibiti.com\/como-chegar\/#primaryimage","url":"https:\/\/ibiti.com\/wp-content\/uploads\/2025\/11\/Foto-Venda.webp","contentUrl":"https:\/\/ibiti.com\/wp-content\/uploads\/2025\/11\/Foto-Venda.webp","width":640,"height":640},{"@type":"WebSite","@id":"https:\/\/ibiti.com\/#website","url":"https:\/\/ibiti.com\/","name":"IBITI","description":"We are an experimental socio-environmental project focused on man and his home, the planet.  We are a new world in the mountains of Minas Gerais.  We believe in harmony between human beings and nature.","publisher":{"@id":"https:\/\/ibiti.com\/#organization"},"potentialAction":[{"@type":"SearchAction","target":{"@type":"EntryPoint","urlTemplate":"https:\/\/ibiti.com\/?s={search_term_string}"},"query-input":{"@type":"PropertyValueSpecification","valueRequired":true,"valueName":"search_term_string"}}],"inLanguage":"en-US"},{"@type":"Organization","@id":"https:\/\/ibiti.com\/#organization","name":"IBITI","url":"https:\/\/ibiti.com\/","logo":{"@type":"ImageObject","inLanguage":"en-US","@id":"https:\/\/ibiti.com\/#\/schema\/logo\/image\/","url":"https:\/\/ibiti.com\/wp-content\/uploads\/2024\/10\/ibiti-logo-default.svg","contentUrl":"https:\/\/ibiti.com\/wp-content\/uploads\/2024\/10\/ibiti-logo-default.svg","width":80,"height":54,"caption":"IBITI"},"image":{"@id":"https:\/\/ibiti.com\/#\/schema\/logo\/image\/"}}]}},"jetpack_sharing_enabled":true,"_links":{"self":[{"href":"https:\/\/ibiti.com\/en\/wp-json\/wp\/v2\/pages\/7708","targetHints":{"allow":["GET"]}}],"collection":[{"href":"https:\/\/ibiti.com\/en\/wp-json\/wp\/v2\/pages"}],"about":[{"href":"https:\/\/ibiti.com\/en\/wp-json\/wp\/v2\/types\/page"}],"author":[{"embeddable":true,"href":"https:\/\/ibiti.com\/en\/wp-json\/wp\/v2\/users\/14"}],"replies":[{"embeddable":true,"href":"https:\/\/ibiti.com\/en\/wp-json\/wp\/v2\/comments?post=7708"}],"version-history":[{"count":0,"href":"https:\/\/ibiti.com\/en\/wp-json\/wp\/v2\/pages\/7708\/revisions"}],"wp:featuredmedia":[{"embeddable":true,"href":"https:\/\/ibiti.com\/en\/wp-json\/wp\/v2\/media\/7719"}],"wp:attachment":[{"href":"https:\/\/ibiti.com\/en\/wp-json\/wp\/v2\/media?parent=7708"}],"curies":[{"name":"wp","href":"https:\/\/api.w.org\/{rel}","templated":true}]}}