{"id":4493,"date":"2025-01-04T18:56:55","date_gmt":"2025-01-04T18:56:55","guid":{"rendered":"https:\/\/ibiti.com\/?page_id=4493"},"modified":"2025-01-26T18:19:28","modified_gmt":"2025-01-26T21:19:28","slug":"bem-vindos","status":"publish","type":"page","link":"https:\/\/ibiti.com\/en\/guia-de-vivencias-ibiti\/remote\/bem-vindos\/","title":{"rendered":"Welcome"},"content":{"rendered":"<div data-elementor-type=\"wp-page\" data-elementor-id=\"4493\" class=\"elementor elementor-4493\" data-elementor-post-type=\"page\">\n\t\t\t\t<div class=\"elementor-element elementor-element-35d2258 e-flex e-con-boxed wpr-particle-no wpr-jarallax-no wpr-parallax-no wpr-sticky-section-no e-con e-parent\" data-id=\"35d2258\" data-element_type=\"container\" data-e-type=\"container\" data-settings=\"{&quot;background_background&quot;:&quot;classic&quot;}\">\n\t\t\t\t\t<div class=\"e-con-inner\">\n\t\t\t\t<div class=\"elementor-element elementor-element-77bef9f elementor-widget elementor-widget-heading\" data-id=\"77bef9f\" data-element_type=\"widget\" data-e-type=\"widget\" data-widget_type=\"heading.default\">\n\t\t\t\t<div class=\"elementor-widget-container\">\n\t\t\t\t\t<span class=\"elementor-heading-title elementor-size-default\">Remote<\/span>\t\t\t\t<\/div>\n\t\t\t\t<\/div>\n\t\t\t\t<div class=\"elementor-element elementor-element-f2de976 elementor-widget elementor-widget-heading\" data-id=\"f2de976\" data-element_type=\"widget\" data-e-type=\"widget\" data-widget_type=\"heading.default\">\n\t\t\t\t<div class=\"elementor-widget-container\">\n\t\t\t\t\t<h2 class=\"elementor-heading-title elementor-size-default\">Welcome to Ibiti: Plan your stay<\/h2>\t\t\t\t<\/div>\n\t\t\t\t<\/div>\n\t\t\t\t\t<\/div>\n\t\t\t\t<\/div>\n\t\t<div class=\"elementor-element elementor-element-da09194 e-flex e-con-boxed wpr-particle-no wpr-jarallax-no wpr-parallax-no wpr-sticky-section-no e-con e-parent\" data-id=\"da09194\" data-element_type=\"container\" data-e-type=\"container\">\n\t\t\t\t\t<div class=\"e-con-inner\">\n\t\t\t\t<div class=\"elementor-element elementor-element-7886fe5 elementor-widget elementor-widget-heading\" data-id=\"7886fe5\" data-element_type=\"widget\" data-e-type=\"widget\" data-widget_type=\"heading.default\">\n\t\t\t\t<div class=\"elementor-widget-container\">\n\t\t\t\t\t<h2 class=\"elementor-heading-title elementor-size-default\">Hello, we're delighted to welcome you to Remote!<\/h2>\t\t\t\t<\/div>\n\t\t\t\t<\/div>\n\t\t\t\t<div class=\"elementor-element elementor-element-69cc879 elementor-widget elementor-widget-text-editor\" data-id=\"69cc879\" data-element_type=\"widget\" data-e-type=\"widget\" data-widget_type=\"text-editor.default\">\n\t\t\t\t<div class=\"elementor-widget-container\">\n\t\t\t\t\t\t\t\t\t<p>We are a large experimental project that seeks every day to make a difference and contribute to the sustainable development of the region. A few years ago, we decided to open our doors to responsible tourism, in order to provide an experience in the midst of the ideas and practices we adopt here to live and evolve in harmony with the wonderful place we inhabit.<\/p><p>By staying with us, you contribute directly to the continuation of this project and the multiplication of these ideas.<\/p><p>We're asking for your help to ensure that our accommodation has a minimal impact. Simply use electricity, water and textiles conscientiously. Your room will be cleaned daily. When you want to change your towels, leave them hanging in the bathtub or sink.<\/p>\t\t\t\t\t\t\t\t<\/div>\n\t\t\t\t<\/div>\n\t\t\t\t<div class=\"elementor-element elementor-element-bfd4e55 elementor-widget elementor-widget-heading\" data-id=\"bfd4e55\" data-element_type=\"widget\" data-e-type=\"widget\" data-widget_type=\"heading.default\">\n\t\t\t\t<div class=\"elementor-widget-container\">\n\t\t\t\t\t<h3 class=\"elementor-heading-title elementor-size-default\">Check-in and check-out times<\/h3>\t\t\t\t<\/div>\n\t\t\t\t<\/div>\n\t\t\t\t<div class=\"elementor-element elementor-element-87ce4aa elementor-widget elementor-widget-text-editor\" data-id=\"87ce4aa\" data-element_type=\"widget\" data-e-type=\"widget\" data-widget_type=\"text-editor.default\">\n\t\t\t\t<div class=\"elementor-widget-container\">\n\t\t\t\t\t\t\t\t\t<p>Check-in from 3pm*<\/p><p>Check-out until 12pm*<\/p><p>*If early check-in or late check-out is required, check availability with the host team in advance. Requests are subject to availability and additional charges.<\/p><p>Extra consumption and payment for services used during your stay will be made at check-out.<\/p>\t\t\t\t\t\t\t\t<\/div>\n\t\t\t\t<\/div>\n\t\t\t\t<div class=\"elementor-element elementor-element-8d22196 elementor-widget elementor-widget-heading\" data-id=\"8d22196\" data-element_type=\"widget\" data-e-type=\"widget\" data-widget_type=\"heading.default\">\n\t\t\t\t<div class=\"elementor-widget-container\">\n\t\t\t\t\t<h3 class=\"elementor-heading-title elementor-size-default\">Meals<\/h3>\t\t\t\t<\/div>\n\t\t\t\t<\/div>\n\t\t\t\t<div class=\"elementor-element elementor-element-bc015b6 elementor-widget elementor-widget-text-editor\" data-id=\"bc015b6\" data-element_type=\"widget\" data-e-type=\"widget\" data-widget_type=\"text-editor.default\">\n\t\t\t\t<div class=\"elementor-widget-container\">\n\t\t\t\t\t\t\t\t\t<p>Breakfast, lunch and dinner are included in the daily rate and are served in the Arei\u00e3o restaurant, where the kitchen is run by Mariinha, a specialist in local and Minas Gerais cuisine. At Arei\u00e3o we offer chicken and pork.<\/p><p>Breakfast: 8 a.m. to 10:30 a.m.<\/p><p>Lunch: 12pm to 3pm<\/p><p>Dinner: 7pm to 11pm<\/p>\t\t\t\t\t\t\t\t<\/div>\n\t\t\t\t<\/div>\n\t\t\t\t<div class=\"elementor-element elementor-element-5f2238d elementor-widget elementor-widget-heading\" data-id=\"5f2238d\" data-element_type=\"widget\" data-e-type=\"widget\" data-widget_type=\"heading.default\">\n\t\t\t\t<div class=\"elementor-widget-container\">\n\t\t\t\t\t<h3 class=\"elementor-heading-title elementor-size-default\">Cell phones and internet<\/h3>\t\t\t\t<\/div>\n\t\t\t\t<\/div>\n\t\t\t\t<div class=\"elementor-element elementor-element-4c36b75 elementor-widget elementor-widget-text-editor\" data-id=\"4c36b75\" data-element_type=\"widget\" data-e-type=\"widget\" data-widget_type=\"text-editor.default\">\n\t\t\t\t<div class=\"elementor-widget-container\">\n\t\t\t\t\t\t\t\t\t<p>In the Ibiti Projeto region as a whole, cell phones work to a limited extent. VIVO is the operator with the best signal in specific locations.<\/p><p>For your convenience, we have a Wi-Fi signal in all the rooms and the networks available to guests have the same password XXXXXXXX<\/p><p>If you have any questions or would like to schedule your activities, please contact our team via WhatsApp (32) 9950-6076.<\/p><p>We wish you an excellent and life-changing experience at Ibiti Projeto! <\/p>\t\t\t\t\t\t\t\t<\/div>\n\t\t\t\t<\/div>\n\t\t\t\t\t<\/div>\n\t\t\t\t<\/div>\n\t\t\t\t<\/div>","protected":false},"excerpt":{"rendered":"<p>Remote Welcome to Ibiti: Plan your stay Hello, we are delighted to welcome you to Remote! We are a large experimental project that seeks every day to make a difference and contribute to the sustainable development of the region. A few years ago, we decided to open our doors to responsible tourism, in order to provide an experience in the midst of the ideas and practices we adopt here to live and evolve in harmony with the wonderful place we inhabit. By staying with us, you contribute directly to the continuation of this project and the multiplication of these ideas. We ask for your help so that our accommodation generates minimal impact. Simply use electricity, water and textiles conscientiously. Your room will be cleaned daily. When you want to change your towels, leave them hanging in the bathtub or sink. Check-in and check-out times Check-in from 3pm* Check-out until 12pm* *If you need early check-in or late check-out, check availability with the host team in advance. The request is subject to availability and an additional charge. Extra consumption and payment for services used during your stay will be made at check-out. Meals Breakfast, lunch and dinner are included in the daily rate and are served in the Arei\u00e3o restaurant, where the kitchen is run by Mariinha, a specialist in local and Minas Gerais cuisine. At Arei\u00e3o we offer chicken and pork. Breakfast: 8am to 10.30am Lunch: 12pm to 3pm Dinner: 7pm to 11pm Cell phones and internet In the Ibiti Projeto region as a whole, cell phones work to a limited extent. VIVO is the operator with the best signal in specific locations. For your convenience, we have a Wi-Fi signal in all the accommodation and the networks available to guests have the same password XXXXXXXX If you have any questions or would like to schedule your activities, please contact our team via WhatsApp (32) 9950-6076. We wish you an excellent and transformative experience at Ibiti Projeto!<\/p>","protected":false},"author":4,"featured_media":0,"parent":4417,"menu_order":0,"comment_status":"closed","ping_status":"closed","template":"","meta":{"inline_featured_image":false,"footnotes":""},"class_list":["post-4493","page","type-page","status-publish","hentry"],"yoast_head":"<!-- This site is optimized with the Yoast SEO plugin v27.3 - https:\/\/yoast.com\/product\/yoast-seo-wordpress\/ -->\n<title>Bem-vindos - IBITI<\/title>\n<meta name=\"robots\" content=\"index, follow, max-snippet:-1, max-image-preview:large, max-video-preview:-1\" \/>\n<link rel=\"canonical\" href=\"https:\/\/ibiti.com\/en\/guia-de-vivencias-ibiti\/remote\/bem-vindos\/\" \/>\n<meta property=\"og:locale\" content=\"en_US\" \/>\n<meta property=\"og:type\" content=\"article\" \/>\n<meta property=\"og:title\" content=\"Bem-vindos - IBITI\" \/>\n<meta property=\"og:description\" content=\"Remote Bem-vindos ao Ibiti: Planeje sua estada Ol\u00e1, estamos muito felizes em receb\u00ea-lo no Remote! Somos um grande projeto experimental que busca diariamente fazer a diferen\u00e7a e contribuir para o desenvolvimento sustent\u00e1vel da regi\u00e3o. H\u00e1 alguns anos, decidimos abrir as portas para o turismo respons\u00e1vel, de forma a proporcionar uma viv\u00eancia em meio \u00e0s ideias e pr\u00e1ticas que adotamos aqui para viver e evoluir em harmonia com o lugar maravilhoso que habitamos. Se hospedando conosco, voc\u00ea contribui diretamente para a continuidade desse projeto e multiplica\u00e7\u00e3o dessas ideias. Solicitamos sua ajuda para que nossa hospedagem gere o m\u00ednimo impacto. Basta usar com consci\u00eancia a energia el\u00e9trica, a \u00e1gua e os t\u00eaxteis. Seu quarto ser\u00e1 limpo diariamente, quando quiser a troca das toalhas de banho deixe-as penduradas na banheira ou pia. Hor\u00e1rios de check-in e check-out Check-in a partir das 15h* Check-out at\u00e9 \u00e0s 12h* *Em caso de necessidade de early check-in e late check-out, verificar antecipadamente a disponibilidade com a equipe de anfitri\u00f5es. A solicita\u00e7\u00e3o fica sujeita \u00e0 disponibilidade e cobran\u00e7a adicional. O consumo extra e pagamento de servi\u00e7os utilizados durante sua estada ser\u00e1 realizado no momento do check-out. Refei\u00e7\u00f5es O caf\u00e9 da manh\u00e3, almo\u00e7o e jantar est\u00e3o inclusos na di\u00e1ria, e s\u00e3o servidos no restaurante do Arei\u00e3o, onde a cozinha \u00e9 comandada pela Mariinha, especialista em culin\u00e1ria local e mineira. No Arei\u00e3o oferecemos carne de frango e porco. Caf\u00e9 da manh\u00e3: 8h \u00e0s 10h30 Almo\u00e7o: 12h \u00e0s 15h Jantar: 19h \u00e0s 23h Celulares e internet Na regi\u00e3o do Ibiti Projeto como todo, os celulares funcionam de forma limitada. A operadora VIVO \u00e9 a que apresenta o melhor sinal em locais espec\u00edficos. Para sua comodidade temos sinal de Wi-fi em todas as acomoda\u00e7\u00f5es e as redes dispon\u00edveis para os h\u00f3spedes possuem a mesma senha XXXXXXXX Caso tenha alguma d\u00favida ou deseja agendar suas atividades, entre em contato com nossa equipe tamb\u00e9m pelo WhatsApp (32) 9950-6076. Desejamos a voc\u00ea uma excelente e transformadora experi\u00eancia no Ibiti Projeto!\" \/>\n<meta property=\"og:url\" content=\"https:\/\/ibiti.com\/en\/guia-de-vivencias-ibiti\/remote\/bem-vindos\/\" \/>\n<meta property=\"og:site_name\" content=\"IBITI\" \/>\n<meta property=\"article:modified_time\" content=\"2025-01-26T21:19:28+00:00\" \/>\n<meta name=\"twitter:card\" content=\"summary_large_image\" \/>\n<meta name=\"twitter:label1\" content=\"Est. reading time\" \/>\n\t<meta name=\"twitter:data1\" content=\"2 minutes\" \/>\n<script type=\"application\/ld+json\" class=\"yoast-schema-graph\">{\"@context\":\"https:\\\/\\\/schema.org\",\"@graph\":[{\"@type\":\"WebPage\",\"@id\":\"https:\\\/\\\/ibiti.com\\\/guia-de-vivencias-ibiti\\\/remote\\\/bem-vindos\\\/\",\"url\":\"https:\\\/\\\/ibiti.com\\\/guia-de-vivencias-ibiti\\\/remote\\\/bem-vindos\\\/\",\"name\":\"Bem-vindos - IBITI\",\"isPartOf\":{\"@id\":\"https:\\\/\\\/ibiti.com\\\/#website\"},\"datePublished\":\"2025-01-04T18:56:55+00:00\",\"dateModified\":\"2025-01-26T21:19:28+00:00\",\"breadcrumb\":{\"@id\":\"https:\\\/\\\/ibiti.com\\\/guia-de-vivencias-ibiti\\\/remote\\\/bem-vindos\\\/#breadcrumb\"},\"inLanguage\":\"en-US\",\"potentialAction\":[{\"@type\":\"ReadAction\",\"target\":[\"https:\\\/\\\/ibiti.com\\\/guia-de-vivencias-ibiti\\\/remote\\\/bem-vindos\\\/\"]}]},{\"@type\":\"BreadcrumbList\",\"@id\":\"https:\\\/\\\/ibiti.com\\\/guia-de-vivencias-ibiti\\\/remote\\\/bem-vindos\\\/#breadcrumb\",\"itemListElement\":[{\"@type\":\"ListItem\",\"position\":1,\"name\":\"Guia de Viv\u00eancias Ibiti\",\"item\":\"https:\\\/\\\/ibiti.com\\\/guia-de-vivencias-ibiti\\\/\"},{\"@type\":\"ListItem\",\"position\":2,\"name\":\"Remote\",\"item\":\"https:\\\/\\\/ibiti.com\\\/guia-de-vivencias-ibiti\\\/remote\\\/\"},{\"@type\":\"ListItem\",\"position\":3,\"name\":\"Bem-vindos\"}]},{\"@type\":\"WebSite\",\"@id\":\"https:\\\/\\\/ibiti.com\\\/#website\",\"url\":\"https:\\\/\\\/ibiti.com\\\/\",\"name\":\"IBITI\",\"description\":\"Somos um projeto socioambiental experimental focado no homem e sua casa, o planeta.  Somos um novo mundo nas montanhas de Minas.  Acreditamos na harmonia entre o ser humano e a natureza.\",\"publisher\":{\"@id\":\"https:\\\/\\\/ibiti.com\\\/#organization\"},\"potentialAction\":[{\"@type\":\"SearchAction\",\"target\":{\"@type\":\"EntryPoint\",\"urlTemplate\":\"https:\\\/\\\/ibiti.com\\\/?s={search_term_string}\"},\"query-input\":{\"@type\":\"PropertyValueSpecification\",\"valueRequired\":true,\"valueName\":\"search_term_string\"}}],\"inLanguage\":\"en-US\"},{\"@type\":\"Organization\",\"@id\":\"https:\\\/\\\/ibiti.com\\\/#organization\",\"name\":\"IBITI\",\"url\":\"https:\\\/\\\/ibiti.com\\\/\",\"logo\":{\"@type\":\"ImageObject\",\"inLanguage\":\"en-US\",\"@id\":\"https:\\\/\\\/ibiti.com\\\/#\\\/schema\\\/logo\\\/image\\\/\",\"url\":\"https:\\\/\\\/ibiti.com\\\/wp-content\\\/uploads\\\/2024\\\/10\\\/ibiti-logo-default.svg\",\"contentUrl\":\"https:\\\/\\\/ibiti.com\\\/wp-content\\\/uploads\\\/2024\\\/10\\\/ibiti-logo-default.svg\",\"width\":80,\"height\":54,\"caption\":\"IBITI\"},\"image\":{\"@id\":\"https:\\\/\\\/ibiti.com\\\/#\\\/schema\\\/logo\\\/image\\\/\"}}]}<\/script>\n<!-- \/ Yoast SEO plugin. -->","yoast_head_json":{"title":"Welcome - IBITI","robots":{"index":"index","follow":"follow","max-snippet":"max-snippet:-1","max-image-preview":"max-image-preview:large","max-video-preview":"max-video-preview:-1"},"canonical":"https:\/\/ibiti.com\/en\/guia-de-vivencias-ibiti\/remote\/bem-vindos\/","og_locale":"en_US","og_type":"article","og_title":"Bem-vindos - IBITI","og_description":"Remote Bem-vindos ao Ibiti: Planeje sua estada Ol\u00e1, estamos muito felizes em receb\u00ea-lo no Remote! Somos um grande projeto experimental que busca diariamente fazer a diferen\u00e7a e contribuir para o desenvolvimento sustent\u00e1vel da regi\u00e3o. H\u00e1 alguns anos, decidimos abrir as portas para o turismo respons\u00e1vel, de forma a proporcionar uma viv\u00eancia em meio \u00e0s ideias e pr\u00e1ticas que adotamos aqui para viver e evoluir em harmonia com o lugar maravilhoso que habitamos. Se hospedando conosco, voc\u00ea contribui diretamente para a continuidade desse projeto e multiplica\u00e7\u00e3o dessas ideias. Solicitamos sua ajuda para que nossa hospedagem gere o m\u00ednimo impacto. Basta usar com consci\u00eancia a energia el\u00e9trica, a \u00e1gua e os t\u00eaxteis. Seu quarto ser\u00e1 limpo diariamente, quando quiser a troca das toalhas de banho deixe-as penduradas na banheira ou pia. Hor\u00e1rios de check-in e check-out Check-in a partir das 15h* Check-out at\u00e9 \u00e0s 12h* *Em caso de necessidade de early check-in e late check-out, verificar antecipadamente a disponibilidade com a equipe de anfitri\u00f5es. A solicita\u00e7\u00e3o fica sujeita \u00e0 disponibilidade e cobran\u00e7a adicional. O consumo extra e pagamento de servi\u00e7os utilizados durante sua estada ser\u00e1 realizado no momento do check-out. Refei\u00e7\u00f5es O caf\u00e9 da manh\u00e3, almo\u00e7o e jantar est\u00e3o inclusos na di\u00e1ria, e s\u00e3o servidos no restaurante do Arei\u00e3o, onde a cozinha \u00e9 comandada pela Mariinha, especialista em culin\u00e1ria local e mineira. No Arei\u00e3o oferecemos carne de frango e porco. Caf\u00e9 da manh\u00e3: 8h \u00e0s 10h30 Almo\u00e7o: 12h \u00e0s 15h Jantar: 19h \u00e0s 23h Celulares e internet Na regi\u00e3o do Ibiti Projeto como todo, os celulares funcionam de forma limitada. A operadora VIVO \u00e9 a que apresenta o melhor sinal em locais espec\u00edficos. Para sua comodidade temos sinal de Wi-fi em todas as acomoda\u00e7\u00f5es e as redes dispon\u00edveis para os h\u00f3spedes possuem a mesma senha XXXXXXXX Caso tenha alguma d\u00favida ou deseja agendar suas atividades, entre em contato com nossa equipe tamb\u00e9m pelo WhatsApp (32) 9950-6076. Desejamos a voc\u00ea uma excelente e transformadora experi\u00eancia no Ibiti Projeto!","og_url":"https:\/\/ibiti.com\/en\/guia-de-vivencias-ibiti\/remote\/bem-vindos\/","og_site_name":"IBITI","article_modified_time":"2025-01-26T21:19:28+00:00","twitter_card":"summary_large_image","twitter_misc":{"Est. reading time":"2 minutes"},"schema":{"@context":"https:\/\/schema.org","@graph":[{"@type":"WebPage","@id":"https:\/\/ibiti.com\/guia-de-vivencias-ibiti\/remote\/bem-vindos\/","url":"https:\/\/ibiti.com\/guia-de-vivencias-ibiti\/remote\/bem-vindos\/","name":"Welcome - IBITI","isPartOf":{"@id":"https:\/\/ibiti.com\/#website"},"datePublished":"2025-01-04T18:56:55+00:00","dateModified":"2025-01-26T21:19:28+00:00","breadcrumb":{"@id":"https:\/\/ibiti.com\/guia-de-vivencias-ibiti\/remote\/bem-vindos\/#breadcrumb"},"inLanguage":"en-US","potentialAction":[{"@type":"ReadAction","target":["https:\/\/ibiti.com\/guia-de-vivencias-ibiti\/remote\/bem-vindos\/"]}]},{"@type":"BreadcrumbList","@id":"https:\/\/ibiti.com\/guia-de-vivencias-ibiti\/remote\/bem-vindos\/#breadcrumb","itemListElement":[{"@type":"ListItem","position":1,"name":"Guia de Viv\u00eancias Ibiti","item":"https:\/\/ibiti.com\/guia-de-vivencias-ibiti\/"},{"@type":"ListItem","position":2,"name":"Remote","item":"https:\/\/ibiti.com\/guia-de-vivencias-ibiti\/remote\/"},{"@type":"ListItem","position":3,"name":"Bem-vindos"}]},{"@type":"WebSite","@id":"https:\/\/ibiti.com\/#website","url":"https:\/\/ibiti.com\/","name":"IBITI","description":"We are an experimental socio-environmental project focused on man and his home, the planet.  We are a new world in the mountains of Minas Gerais.  We believe in harmony between human beings and nature.","publisher":{"@id":"https:\/\/ibiti.com\/#organization"},"potentialAction":[{"@type":"SearchAction","target":{"@type":"EntryPoint","urlTemplate":"https:\/\/ibiti.com\/?s={search_term_string}"},"query-input":{"@type":"PropertyValueSpecification","valueRequired":true,"valueName":"search_term_string"}}],"inLanguage":"en-US"},{"@type":"Organization","@id":"https:\/\/ibiti.com\/#organization","name":"IBITI","url":"https:\/\/ibiti.com\/","logo":{"@type":"ImageObject","inLanguage":"en-US","@id":"https:\/\/ibiti.com\/#\/schema\/logo\/image\/","url":"https:\/\/ibiti.com\/wp-content\/uploads\/2024\/10\/ibiti-logo-default.svg","contentUrl":"https:\/\/ibiti.com\/wp-content\/uploads\/2024\/10\/ibiti-logo-default.svg","width":80,"height":54,"caption":"IBITI"},"image":{"@id":"https:\/\/ibiti.com\/#\/schema\/logo\/image\/"}}]}},"jetpack_sharing_enabled":true,"_links":{"self":[{"href":"https:\/\/ibiti.com\/en\/wp-json\/wp\/v2\/pages\/4493","targetHints":{"allow":["GET"]}}],"collection":[{"href":"https:\/\/ibiti.com\/en\/wp-json\/wp\/v2\/pages"}],"about":[{"href":"https:\/\/ibiti.com\/en\/wp-json\/wp\/v2\/types\/page"}],"author":[{"embeddable":true,"href":"https:\/\/ibiti.com\/en\/wp-json\/wp\/v2\/users\/4"}],"replies":[{"embeddable":true,"href":"https:\/\/ibiti.com\/en\/wp-json\/wp\/v2\/comments?post=4493"}],"version-history":[{"count":0,"href":"https:\/\/ibiti.com\/en\/wp-json\/wp\/v2\/pages\/4493\/revisions"}],"up":[{"embeddable":true,"href":"https:\/\/ibiti.com\/en\/wp-json\/wp\/v2\/pages\/4417"}],"wp:attachment":[{"href":"https:\/\/ibiti.com\/en\/wp-json\/wp\/v2\/media?parent=4493"}],"curies":[{"name":"wp","href":"https:\/\/api.w.org\/{rel}","templated":true}]}}