{"id":4488,"date":"2025-01-04T18:54:55","date_gmt":"2025-01-04T18:54:55","guid":{"rendered":"https:\/\/ibiti.com\/?page_id=4488"},"modified":"2025-01-24T15:01:05","modified_gmt":"2025-01-24T18:01:05","slug":"welcome","status":"publish","type":"page","link":"https:\/\/ibiti.com\/en\/ibiti-experience-guide\/engenho-lodge-2\/welcome\/","title":{"rendered":"Welcome"},"content":{"rendered":"<div data-elementor-type=\"wp-page\" data-elementor-id=\"4488\" class=\"elementor elementor-4488\" data-elementor-post-type=\"page\">\n\t\t\t\t<div class=\"elementor-element elementor-element-6832b17 e-flex e-con-boxed e-con e-parent\" data-id=\"6832b17\" data-element_type=\"container\" data-e-type=\"container\" data-settings=\"{&quot;background_background&quot;:&quot;classic&quot;}\">\n\t\t\t\t\t<div class=\"e-con-inner\">\n\t\t\t\t<div class=\"elementor-element elementor-element-41bbf84 elementor-widget elementor-widget-heading\" data-id=\"41bbf84\" data-element_type=\"widget\" data-e-type=\"widget\" data-widget_type=\"heading.default\">\n\t\t\t\t<div class=\"elementor-widget-container\">\n\t\t\t\t\t<span class=\"elementor-heading-title elementor-size-default\">Engenho Lodge<\/span>\t\t\t\t<\/div>\n\t\t\t\t<\/div>\n\t\t\t\t<div class=\"elementor-element elementor-element-928b1f7 elementor-widget elementor-widget-heading\" data-id=\"928b1f7\" data-element_type=\"widget\" data-e-type=\"widget\" data-widget_type=\"heading.default\">\n\t\t\t\t<div class=\"elementor-widget-container\">\n\t\t\t\t\t<h2 class=\"elementor-heading-title elementor-size-default\">Welcome to Ibiti: Plan your stay<\/h2>\t\t\t\t<\/div>\n\t\t\t\t<\/div>\n\t\t\t\t\t<\/div>\n\t\t\t\t<\/div>\n\t\t<div class=\"elementor-element elementor-element-ed97b1c e-flex e-con-boxed e-con e-parent\" data-id=\"ed97b1c\" data-element_type=\"container\" data-e-type=\"container\">\n\t\t\t\t\t<div class=\"e-con-inner\">\n\t\t\t\t<div class=\"elementor-element elementor-element-d2a31b4 elementor-widget elementor-widget-heading\" data-id=\"d2a31b4\" data-element_type=\"widget\" data-e-type=\"widget\" data-widget_type=\"heading.default\">\n\t\t\t\t<div class=\"elementor-widget-container\">\n\t\t\t\t\t<h2 class=\"elementor-heading-title elementor-size-default\">Hello, we're delighted to welcome you to Engenho Lodge!<\/h2>\t\t\t\t<\/div>\n\t\t\t\t<\/div>\n\t\t\t\t<div class=\"elementor-element elementor-element-1c8a664 elementor-widget elementor-widget-text-editor\" data-id=\"1c8a664\" data-element_type=\"widget\" data-e-type=\"widget\" data-widget_type=\"text-editor.default\">\n\t\t\t\t<div class=\"elementor-widget-container\">\n\t\t\t\t\t\t\t\t\t<p>We are a large experimental project that seeks every day to make a difference and contribute to the sustainable development of the region. A few years ago, we decided to open our doors to responsible tourism, in order to provide an experience in the midst of the ideas and practices we adopt here to live and evolve in harmony with the wonderful place we inhabit.<\/p><p>By staying with us, you contribute directly to the continuation of this project and the multiplication of these ideas.<\/p><p>We're asking for your help to ensure that our accommodation has a minimal impact. Simply use electricity, water and textiles conscientiously. Your room will be cleaned daily. When you want to change your towels, leave them hanging in the bathtub.<\/p>\t\t\t\t\t\t\t\t<\/div>\n\t\t\t\t<\/div>\n\t\t\t\t<div class=\"elementor-element elementor-element-37c647f elementor-widget elementor-widget-heading\" data-id=\"37c647f\" data-element_type=\"widget\" data-e-type=\"widget\" data-widget_type=\"heading.default\">\n\t\t\t\t<div class=\"elementor-widget-container\">\n\t\t\t\t\t<h3 class=\"elementor-heading-title elementor-size-default\">Check-in and check-out times<\/h3>\t\t\t\t<\/div>\n\t\t\t\t<\/div>\n\t\t\t\t<div class=\"elementor-element elementor-element-f37535b elementor-widget elementor-widget-text-editor\" data-id=\"f37535b\" data-element_type=\"widget\" data-e-type=\"widget\" data-widget_type=\"text-editor.default\">\n\t\t\t\t<div class=\"elementor-widget-container\">\n\t\t\t\t\t\t\t\t\t<p>Check-in from 3pm*<\/p>\n<p>Check-out until 12pm*<\/p>\n<p>Extra consumption and payment for services used during your stay will be made at check-out.<\/p>\n<p>*The option of Early Check-in at 12pm or Late Check-out at 5pm must be confirmed in advance with the hosts, and if the accommodation is available, it can be requested for an additional amount corresponding to 30% of the value of the suite.<\/p>\t\t\t\t\t\t\t\t<\/div>\n\t\t\t\t<\/div>\n\t\t\t\t<div class=\"elementor-element elementor-element-7136636 elementor-widget elementor-widget-heading\" data-id=\"7136636\" data-element_type=\"widget\" data-e-type=\"widget\" data-widget_type=\"heading.default\">\n\t\t\t\t<div class=\"elementor-widget-container\">\n\t\t\t\t\t<h3 class=\"elementor-heading-title elementor-size-default\">Meals<\/h3>\t\t\t\t<\/div>\n\t\t\t\t<\/div>\n\t\t\t\t<div class=\"elementor-element elementor-element-e119d0c elementor-widget elementor-widget-text-editor\" data-id=\"e119d0c\" data-element_type=\"widget\" data-e-type=\"widget\" data-widget_type=\"text-editor.default\">\n\t\t\t\t<div class=\"elementor-widget-container\">\n\t\t\t\t\t\t\t\t\t<p>Breakfast, lunch and dinner are included in the daily rate and are served in the restaurant at the following times:<\/p><p>Breakfast: 8 a.m. to 10:30 a.m.<\/p><p>Lunch: 12pm to 3pm<\/p><p>Dinner: 7pm to 11pm<\/p>\t\t\t\t\t\t\t\t<\/div>\n\t\t\t\t<\/div>\n\t\t\t\t<div class=\"elementor-element elementor-element-2b21557 elementor-widget elementor-widget-heading\" data-id=\"2b21557\" data-element_type=\"widget\" data-e-type=\"widget\" data-widget_type=\"heading.default\">\n\t\t\t\t<div class=\"elementor-widget-container\">\n\t\t\t\t\t<h3 class=\"elementor-heading-title elementor-size-default\">Cell phones and internet<\/h3>\t\t\t\t<\/div>\n\t\t\t\t<\/div>\n\t\t\t\t<div class=\"elementor-element elementor-element-e6428a5 elementor-widget elementor-widget-text-editor\" data-id=\"e6428a5\" data-element_type=\"widget\" data-e-type=\"widget\" data-widget_type=\"text-editor.default\">\n\t\t\t\t<div class=\"elementor-widget-container\">\n\t\t\t\t\t\t\t\t\t<p>In the Ibiti Projeto region as a whole, cell phones work to a limited extent. VIVO is the operator with the best signal in specific locations.<\/p>\n<p>For your convenience, we have a Wi-Fi signal in all the rooms and the networks available to guests have the same password 12345678.<\/p><p><span style=\"text-align: var(--text-align); background-color: var( --e-global-color-bd52af1 ); color: var( --e-global-color-98fa5ab ); font-family: var( --e-global-typography-9e9c212-font-family ), Sans-serif; font-size: var( --e-global-typography-9e9c212-font-size ); font-style: var( --e-global-typography-9e9c212-font-style ); font-weight: var( --e-global-typography-9e9c212-font-weight ); text-transform: var( --e-global-typography-9e9c212-text-transform );\">If you have any questions or would like to schedule your activities, please contact our team via WhatsApp (32) 99931-4366.<\/span><\/p><p><span style=\"text-align: var(--text-align); background-color: var( --e-global-color-bd52af1 ); color: var( --e-global-color-98fa5ab ); font-family: var( --e-global-typography-9e9c212-font-family ), Sans-serif; font-size: var( --e-global-typography-9e9c212-font-size ); font-style: var( --e-global-typography-9e9c212-font-style ); font-weight: var( --e-global-typography-9e9c212-font-weight ); text-transform: var( --e-global-typography-9e9c212-text-transform );\">We wish you an excellent and life-changing experience at Ibiti Projeto!<\/span><\/p>\t\t\t\t\t\t\t\t<\/div>\n\t\t\t\t<\/div>\n\t\t\t\t\t<\/div>\n\t\t\t\t<\/div>\n\t\t\t\t<\/div>","protected":false},"excerpt":{"rendered":"<p>Engenho Lodge Bem-vindos ao Ibiti: Planeje sua estada Ol\u00e1, estamos muito felizes em receb\u00ea-lo no Engenho Lodge! Somos um grande projeto experimental que busca diariamente fazer a diferen\u00e7a e contribuir para o desenvolvimento sustent\u00e1vel da regi\u00e3o. H\u00e1 alguns anos, decidimos abrir as portas para o turismo respons\u00e1vel, de forma a proporcionar uma viv\u00eancia em meio [&hellip;]<\/p>\n","protected":false},"author":2,"featured_media":0,"parent":4386,"menu_order":0,"comment_status":"closed","ping_status":"closed","template":"","meta":{"footnotes":""},"class_list":["post-4488","page","type-page","status-publish","hentry"],"yoast_head":"<!-- This site is optimized with the Yoast SEO plugin v27.5 - https:\/\/yoast.com\/product\/yoast-seo-wordpress\/ -->\n<title>Bem-vindos - IBITI<\/title>\n<meta name=\"robots\" content=\"index, follow, max-snippet:-1, max-image-preview:large, max-video-preview:-1\" \/>\n<link rel=\"canonical\" href=\"https:\/\/ibiti.com\/en\/ibiti-experience-guide\/engenho-lodge-2\/welcome\/\" \/>\n<meta property=\"og:locale\" content=\"en_US\" \/>\n<meta property=\"og:type\" content=\"article\" \/>\n<meta property=\"og:title\" content=\"Bem-vindos - IBITI\" \/>\n<meta property=\"og:description\" content=\"Engenho Lodge Bem-vindos ao Ibiti: Planeje sua estada Ol\u00e1, estamos muito felizes em receb\u00ea-lo no Engenho Lodge! Somos um grande projeto experimental que busca diariamente fazer a diferen\u00e7a e contribuir para o desenvolvimento sustent\u00e1vel da regi\u00e3o. H\u00e1 alguns anos, decidimos abrir as portas para o turismo respons\u00e1vel, de forma a proporcionar uma viv\u00eancia em meio [&hellip;]\" \/>\n<meta property=\"og:url\" content=\"https:\/\/ibiti.com\/en\/ibiti-experience-guide\/engenho-lodge-2\/welcome\/\" \/>\n<meta property=\"og:site_name\" content=\"IBITI\" \/>\n<meta property=\"article:modified_time\" content=\"2025-01-24T18:01:05+00:00\" \/>\n<meta name=\"twitter:card\" content=\"summary_large_image\" \/>\n<meta name=\"twitter:label1\" content=\"Est. reading time\" \/>\n\t<meta name=\"twitter:data1\" content=\"2 minutes\" \/>\n<script type=\"application\/ld+json\" class=\"yoast-schema-graph\">{\"@context\":\"https:\\\/\\\/schema.org\",\"@graph\":[{\"@type\":\"WebPage\",\"@id\":\"https:\\\/\\\/ibiti.com\\\/guia-de-vivencias-ibiti\\\/ibiti-engenho\\\/bem-vindos\\\/\",\"url\":\"https:\\\/\\\/ibiti.com\\\/guia-de-vivencias-ibiti\\\/ibiti-engenho\\\/bem-vindos\\\/\",\"name\":\"Bem-vindos - IBITI\",\"isPartOf\":{\"@id\":\"https:\\\/\\\/ibiti.com\\\/#website\"},\"datePublished\":\"2025-01-04T18:54:55+00:00\",\"dateModified\":\"2025-01-24T18:01:05+00:00\",\"breadcrumb\":{\"@id\":\"https:\\\/\\\/ibiti.com\\\/guia-de-vivencias-ibiti\\\/ibiti-engenho\\\/bem-vindos\\\/#breadcrumb\"},\"inLanguage\":\"en-US\",\"potentialAction\":[{\"@type\":\"ReadAction\",\"target\":[\"https:\\\/\\\/ibiti.com\\\/guia-de-vivencias-ibiti\\\/ibiti-engenho\\\/bem-vindos\\\/\"]}]},{\"@type\":\"BreadcrumbList\",\"@id\":\"https:\\\/\\\/ibiti.com\\\/guia-de-vivencias-ibiti\\\/ibiti-engenho\\\/bem-vindos\\\/#breadcrumb\",\"itemListElement\":[{\"@type\":\"ListItem\",\"position\":1,\"name\":\"Guia de Viv\u00eancias Ibiti\",\"item\":\"https:\\\/\\\/ibiti.com\\\/guia-de-vivencias-ibiti\\\/\"},{\"@type\":\"ListItem\",\"position\":2,\"name\":\"Ibiti Engenho\",\"item\":\"https:\\\/\\\/ibiti.com\\\/guia-de-vivencias-ibiti\\\/ibiti-engenho\\\/\"},{\"@type\":\"ListItem\",\"position\":3,\"name\":\"Bem-vindos\"}]},{\"@type\":\"WebSite\",\"@id\":\"https:\\\/\\\/ibiti.com\\\/#website\",\"url\":\"https:\\\/\\\/ibiti.com\\\/\",\"name\":\"IBITI\",\"description\":\"Somos um projeto socioambiental experimental focado no homem e sua casa, o planeta.  Somos um novo mundo nas montanhas de Minas.  Acreditamos na harmonia entre o ser humano e a natureza.\",\"publisher\":{\"@id\":\"https:\\\/\\\/ibiti.com\\\/#organization\"},\"potentialAction\":[{\"@type\":\"SearchAction\",\"target\":{\"@type\":\"EntryPoint\",\"urlTemplate\":\"https:\\\/\\\/ibiti.com\\\/?s={search_term_string}\"},\"query-input\":{\"@type\":\"PropertyValueSpecification\",\"valueRequired\":true,\"valueName\":\"search_term_string\"}}],\"inLanguage\":\"en-US\"},{\"@type\":\"Organization\",\"@id\":\"https:\\\/\\\/ibiti.com\\\/#organization\",\"name\":\"IBITI\",\"url\":\"https:\\\/\\\/ibiti.com\\\/\",\"logo\":{\"@type\":\"ImageObject\",\"inLanguage\":\"en-US\",\"@id\":\"https:\\\/\\\/ibiti.com\\\/#\\\/schema\\\/logo\\\/image\\\/\",\"url\":\"https:\\\/\\\/ibiti.com\\\/wp-content\\\/uploads\\\/2024\\\/10\\\/ibiti-logo-default.svg\",\"contentUrl\":\"https:\\\/\\\/ibiti.com\\\/wp-content\\\/uploads\\\/2024\\\/10\\\/ibiti-logo-default.svg\",\"width\":80,\"height\":54,\"caption\":\"IBITI\"},\"image\":{\"@id\":\"https:\\\/\\\/ibiti.com\\\/#\\\/schema\\\/logo\\\/image\\\/\"}}]}<\/script>\n<!-- \/ Yoast SEO plugin. -->","yoast_head_json":{"title":"Welcome - IBITI","robots":{"index":"index","follow":"follow","max-snippet":"max-snippet:-1","max-image-preview":"max-image-preview:large","max-video-preview":"max-video-preview:-1"},"canonical":"https:\/\/ibiti.com\/en\/ibiti-experience-guide\/engenho-lodge-2\/welcome\/","og_locale":"en_US","og_type":"article","og_title":"Bem-vindos - IBITI","og_description":"Engenho Lodge Bem-vindos ao Ibiti: Planeje sua estada Ol\u00e1, estamos muito felizes em receb\u00ea-lo no Engenho Lodge! Somos um grande projeto experimental que busca diariamente fazer a diferen\u00e7a e contribuir para o desenvolvimento sustent\u00e1vel da regi\u00e3o. H\u00e1 alguns anos, decidimos abrir as portas para o turismo respons\u00e1vel, de forma a proporcionar uma viv\u00eancia em meio [&hellip;]","og_url":"https:\/\/ibiti.com\/en\/ibiti-experience-guide\/engenho-lodge-2\/welcome\/","og_site_name":"IBITI","article_modified_time":"2025-01-24T18:01:05+00:00","twitter_card":"summary_large_image","twitter_misc":{"Est. reading time":"2 minutes"},"schema":{"@context":"https:\/\/schema.org","@graph":[{"@type":"WebPage","@id":"https:\/\/ibiti.com\/guia-de-vivencias-ibiti\/ibiti-engenho\/bem-vindos\/","url":"https:\/\/ibiti.com\/guia-de-vivencias-ibiti\/ibiti-engenho\/bem-vindos\/","name":"Welcome - IBITI","isPartOf":{"@id":"https:\/\/ibiti.com\/#website"},"datePublished":"2025-01-04T18:54:55+00:00","dateModified":"2025-01-24T18:01:05+00:00","breadcrumb":{"@id":"https:\/\/ibiti.com\/guia-de-vivencias-ibiti\/ibiti-engenho\/bem-vindos\/#breadcrumb"},"inLanguage":"en-US","potentialAction":[{"@type":"ReadAction","target":["https:\/\/ibiti.com\/guia-de-vivencias-ibiti\/ibiti-engenho\/bem-vindos\/"]}]},{"@type":"BreadcrumbList","@id":"https:\/\/ibiti.com\/guia-de-vivencias-ibiti\/ibiti-engenho\/bem-vindos\/#breadcrumb","itemListElement":[{"@type":"ListItem","position":1,"name":"Guia de Viv\u00eancias Ibiti","item":"https:\/\/ibiti.com\/guia-de-vivencias-ibiti\/"},{"@type":"ListItem","position":2,"name":"Ibiti Engenho","item":"https:\/\/ibiti.com\/guia-de-vivencias-ibiti\/ibiti-engenho\/"},{"@type":"ListItem","position":3,"name":"Bem-vindos"}]},{"@type":"WebSite","@id":"https:\/\/ibiti.com\/#website","url":"https:\/\/ibiti.com\/","name":"IBITI","description":"We are an experimental socio-environmental project focused on man and his home, the planet.  We are a new world in the mountains of Minas Gerais.  We believe in harmony between human beings and nature.","publisher":{"@id":"https:\/\/ibiti.com\/#organization"},"potentialAction":[{"@type":"SearchAction","target":{"@type":"EntryPoint","urlTemplate":"https:\/\/ibiti.com\/?s={search_term_string}"},"query-input":{"@type":"PropertyValueSpecification","valueRequired":true,"valueName":"search_term_string"}}],"inLanguage":"en-US"},{"@type":"Organization","@id":"https:\/\/ibiti.com\/#organization","name":"IBITI","url":"https:\/\/ibiti.com\/","logo":{"@type":"ImageObject","inLanguage":"en-US","@id":"https:\/\/ibiti.com\/#\/schema\/logo\/image\/","url":"https:\/\/ibiti.com\/wp-content\/uploads\/2024\/10\/ibiti-logo-default.svg","contentUrl":"https:\/\/ibiti.com\/wp-content\/uploads\/2024\/10\/ibiti-logo-default.svg","width":80,"height":54,"caption":"IBITI"},"image":{"@id":"https:\/\/ibiti.com\/#\/schema\/logo\/image\/"}}]}},"jetpack_sharing_enabled":true,"_links":{"self":[{"href":"https:\/\/ibiti.com\/en\/wp-json\/wp\/v2\/pages\/4488","targetHints":{"allow":["GET"]}}],"collection":[{"href":"https:\/\/ibiti.com\/en\/wp-json\/wp\/v2\/pages"}],"about":[{"href":"https:\/\/ibiti.com\/en\/wp-json\/wp\/v2\/types\/page"}],"author":[{"embeddable":true,"href":"https:\/\/ibiti.com\/en\/wp-json\/wp\/v2\/users\/2"}],"replies":[{"embeddable":true,"href":"https:\/\/ibiti.com\/en\/wp-json\/wp\/v2\/comments?post=4488"}],"version-history":[{"count":0,"href":"https:\/\/ibiti.com\/en\/wp-json\/wp\/v2\/pages\/4488\/revisions"}],"up":[{"embeddable":true,"href":"https:\/\/ibiti.com\/en\/wp-json\/wp\/v2\/pages\/4386"}],"wp:attachment":[{"href":"https:\/\/ibiti.com\/en\/wp-json\/wp\/v2\/media?parent=4488"}],"curies":[{"name":"wp","href":"https:\/\/api.w.org\/{rel}","templated":true}]}}