{"id":4462,"date":"2025-01-04T18:36:39","date_gmt":"2025-01-04T18:36:39","guid":{"rendered":"https:\/\/ibiti.com\/?page_id=4462"},"modified":"2025-10-06T18:27:29","modified_gmt":"2025-10-06T21:27:29","slug":"welcome","status":"publish","type":"page","link":"https:\/\/ibiti.com\/en\/ibiti-experience-guide\/ibiti-village\/welcome\/","title":{"rendered":"Welcome"},"content":{"rendered":"<div data-elementor-type=\"wp-page\" data-elementor-id=\"4462\" class=\"elementor elementor-4462\" data-elementor-post-type=\"page\">\n\t\t\t\t<div class=\"elementor-element elementor-element-cb295a0 e-flex e-con-boxed e-con e-parent\" data-id=\"cb295a0\" data-element_type=\"container\" data-e-type=\"container\" data-settings=\"{&quot;background_background&quot;:&quot;classic&quot;}\">\n\t\t\t\t\t<div class=\"e-con-inner\">\n\t\t\t\t<div class=\"elementor-element elementor-element-845317a elementor-widget elementor-widget-heading\" data-id=\"845317a\" data-element_type=\"widget\" data-e-type=\"widget\" data-widget_type=\"heading.default\">\n\t\t\t\t<div class=\"elementor-widget-container\">\n\t\t\t\t\t<span class=\"elementor-heading-title elementor-size-default\">Ibiti Village<\/span>\t\t\t\t<\/div>\n\t\t\t\t<\/div>\n\t\t\t\t<div class=\"elementor-element elementor-element-184f7aa elementor-widget elementor-widget-heading\" data-id=\"184f7aa\" data-element_type=\"widget\" data-e-type=\"widget\" data-widget_type=\"heading.default\">\n\t\t\t\t<div class=\"elementor-widget-container\">\n\t\t\t\t\t<h2 class=\"elementor-heading-title elementor-size-default\">Welcome to Ibiti: Plan your stay<\/h2>\t\t\t\t<\/div>\n\t\t\t\t<\/div>\n\t\t\t\t\t<\/div>\n\t\t\t\t<\/div>\n\t\t<div class=\"elementor-element elementor-element-6833974 e-flex e-con-boxed e-con e-parent\" data-id=\"6833974\" data-element_type=\"container\" data-e-type=\"container\">\n\t\t\t\t\t<div class=\"e-con-inner\">\n\t\t\t\t<div class=\"elementor-element elementor-element-9759e33 elementor-widget elementor-widget-heading\" data-id=\"9759e33\" data-element_type=\"widget\" data-e-type=\"widget\" data-widget_type=\"heading.default\">\n\t\t\t\t<div class=\"elementor-widget-container\">\n\t\t\t\t\t<h2 class=\"elementor-heading-title elementor-size-default\">Hello, we're delighted to welcome you to Ibiti Village!<\/h2>\t\t\t\t<\/div>\n\t\t\t\t<\/div>\n\t\t\t\t<div class=\"elementor-element elementor-element-b8f7c37 elementor-widget elementor-widget-text-editor\" data-id=\"b8f7c37\" data-element_type=\"widget\" data-e-type=\"widget\" data-widget_type=\"text-editor.default\">\n\t\t\t\t<div class=\"elementor-widget-container\">\n\t\t\t\t\t\t\t\t\t<p>We are a large experimental project that seeks every day to make a difference and contribute to the sustainable development of the region. A few years ago, we decided to open our doors to responsible tourism, in order to provide an experience in the midst of the ideas and practices we adopt here to live and evolve in harmony with the wonderful place we inhabit.<\/p><p>By staying with us, you contribute directly to the continuation of this project and the multiplication of these ideas.<\/p><p>We're asking for your help to ensure that our accommodation has a minimal impact. Simply use electricity, water and textiles conscientiously. Your room will be cleaned daily. When you want to change your towels, leave them hanging in the bathtub or sink.<\/p>\t\t\t\t\t\t\t\t<\/div>\n\t\t\t\t<\/div>\n\t\t\t\t<div class=\"elementor-element elementor-element-39669cd elementor-widget elementor-widget-heading\" data-id=\"39669cd\" data-element_type=\"widget\" data-e-type=\"widget\" data-widget_type=\"heading.default\">\n\t\t\t\t<div class=\"elementor-widget-container\">\n\t\t\t\t\t<h3 class=\"elementor-heading-title elementor-size-default\">Check-in and check-out times<\/h3>\t\t\t\t<\/div>\n\t\t\t\t<\/div>\n\t\t\t\t<div class=\"elementor-element elementor-element-a0b4cb4 elementor-widget elementor-widget-text-editor\" data-id=\"a0b4cb4\" data-element_type=\"widget\" data-e-type=\"widget\" data-widget_type=\"text-editor.default\">\n\t\t\t\t<div class=\"elementor-widget-container\">\n\t\t\t\t\t\t\t\t\t<p>Check-in from 3pm*<\/p><p>Check-out until 12pm*<\/p><p>*If early check-in or late check-out is required, check availability with the host team in advance. Requests are subject to availability and additional charges.<\/p><p>Extra consumption and payment for services used during your stay will be made at check-out.<\/p>\t\t\t\t\t\t\t\t<\/div>\n\t\t\t\t<\/div>\n\t\t\t\t<div class=\"elementor-element elementor-element-6b4a4ad elementor-widget elementor-widget-heading\" data-id=\"6b4a4ad\" data-element_type=\"widget\" data-e-type=\"widget\" data-widget_type=\"heading.default\">\n\t\t\t\t<div class=\"elementor-widget-container\">\n\t\t\t\t\t<h3 class=\"elementor-heading-title elementor-size-default\">Meals<\/h3>\t\t\t\t<\/div>\n\t\t\t\t<\/div>\n\t\t\t\t<div class=\"elementor-element elementor-element-6f2c64c elementor-widget elementor-widget-text-editor\" data-id=\"6f2c64c\" data-element_type=\"widget\" data-e-type=\"widget\" data-widget_type=\"text-editor.default\">\n\t\t\t\t<div class=\"elementor-widget-container\">\n\t\t\t\t\t\t\t\t\t<p>Breakfast, lunch and dinner are included in the daily rate and are served at the Yucca Vegetarian Restaurant at the following times:<\/p><p>Breakfast: 8am to 10am<\/p><p>Lunch: 12:30 p.m. to 3:00 p.m.<\/p><p>Dinner: 8pm to 10pm<\/p>\t\t\t\t\t\t\t\t<\/div>\n\t\t\t\t<\/div>\n\t\t\t\t<div class=\"elementor-element elementor-element-c9ab887 elementor-widget elementor-widget-heading\" data-id=\"c9ab887\" data-element_type=\"widget\" data-e-type=\"widget\" data-widget_type=\"heading.default\">\n\t\t\t\t<div class=\"elementor-widget-container\">\n\t\t\t\t\t<h3 class=\"elementor-heading-title elementor-size-default\">Cell phones and internet<\/h3>\t\t\t\t<\/div>\n\t\t\t\t<\/div>\n\t\t\t\t<div class=\"elementor-element elementor-element-bae19c4 elementor-widget elementor-widget-text-editor\" data-id=\"bae19c4\" data-element_type=\"widget\" data-e-type=\"widget\" data-widget_type=\"text-editor.default\">\n\t\t\t\t<div class=\"elementor-widget-container\">\n\t\t\t\t\t\t\t\t\t<p>In the Ibiti Projeto region as a whole, cell phones work to a limited extent. VIVO is the operator with the best signal in specific locations.<\/p><p>For your convenience, we have a Wi-Fi signal in all the rooms and the networks available to guests have the same password: freedom.<\/p><p>If you have any questions or would like to schedule your activities, please contact our team via WhatsApp (32) 9818-4863.<\/p><p>We wish you an excellent and life-changing experience at Ibiti Projeto!<\/p>\t\t\t\t\t\t\t\t<\/div>\n\t\t\t\t<\/div>\n\t\t\t\t<div class=\"elementor-element elementor-element-48f34b9 elementor-widget elementor-widget-heading\" data-id=\"48f34b9\" data-element_type=\"widget\" data-e-type=\"widget\" data-widget_type=\"heading.default\">\n\t\t\t\t<div class=\"elementor-widget-container\">\n\t\t\t\t\t<h3 class=\"elementor-heading-title elementor-size-default\">Airport<\/h3>\t\t\t\t<\/div>\n\t\t\t\t<\/div>\n\t\t\t\t<div class=\"elementor-element elementor-element-1dad4d6 elementor-widget elementor-widget-text-editor\" data-id=\"1dad4d6\" data-element_type=\"widget\" data-e-type=\"widget\" data-widget_type=\"text-editor.default\">\n\t\t\t\t<div class=\"elementor-widget-container\">\n\t\t\t\t\t\t\t\t\t<p>Ibiti Projeto now has the Carolina Assis Aerodrome (SJXM), an asphalted runway, 860 meters long, 15 meters wide and with an 8\u00b0 incline, which guarantees performance equivalent to a runway of approximately 1,300 meters. The elevation is 1,100 meters, and the operation is VFR.<br \/>The runway is approved for category A, B and A\/B aircraft, such as:<\/p><p>Cirrus SR22<br \/>Diamond DA62<br \/>PC-12<br \/>King Air B200<br \/>Grand Caravan<\/p><p>Direct flights to Ibiti Projeto are now available on the Flapper system, with departures from S\u00e3o Paulo on Fridays and returns on Sundays, for a special inauguration price: R$1,980 per seat.<br \/><br \/><\/p>\t\t\t\t\t\t\t\t<\/div>\n\t\t\t\t<\/div>\n\t\t\t\t\t<\/div>\n\t\t\t\t<\/div>\n\t\t\t\t<\/div>","protected":false},"excerpt":{"rendered":"<p>Ibiti Village Bem-vindos ao Ibiti: Planeje sua estada Ol\u00e1, estamos muito felizes em receb\u00ea-lo no Ibiti Village! Somos um grande projeto experimental que busca diariamente fazer a diferen\u00e7a e contribuir para o desenvolvimento sustent\u00e1vel da regi\u00e3o. H\u00e1 alguns anos, decidimos abrir as portas para o turismo respons\u00e1vel, de forma a proporcionar uma viv\u00eancia em meio [&hellip;]<\/p>\n","protected":false},"author":2,"featured_media":0,"parent":4399,"menu_order":0,"comment_status":"closed","ping_status":"closed","template":"","meta":{"footnotes":""},"class_list":["post-4462","page","type-page","status-publish","hentry"],"yoast_head":"<!-- This site is optimized with the Yoast SEO plugin v27.5 - https:\/\/yoast.com\/product\/yoast-seo-wordpress\/ -->\n<title>Bem-vindos - IBITI<\/title>\n<meta name=\"robots\" content=\"index, follow, max-snippet:-1, max-image-preview:large, max-video-preview:-1\" \/>\n<link rel=\"canonical\" href=\"https:\/\/ibiti.com\/en\/ibiti-experience-guide\/ibiti-village\/welcome\/\" \/>\n<meta property=\"og:locale\" content=\"en_US\" \/>\n<meta property=\"og:type\" content=\"article\" \/>\n<meta property=\"og:title\" content=\"Bem-vindos - IBITI\" \/>\n<meta property=\"og:description\" content=\"Ibiti Village Bem-vindos ao Ibiti: Planeje sua estada Ol\u00e1, estamos muito felizes em receb\u00ea-lo no Ibiti Village! Somos um grande projeto experimental que busca diariamente fazer a diferen\u00e7a e contribuir para o desenvolvimento sustent\u00e1vel da regi\u00e3o. H\u00e1 alguns anos, decidimos abrir as portas para o turismo respons\u00e1vel, de forma a proporcionar uma viv\u00eancia em meio [&hellip;]\" \/>\n<meta property=\"og:url\" content=\"https:\/\/ibiti.com\/en\/ibiti-experience-guide\/ibiti-village\/welcome\/\" \/>\n<meta property=\"og:site_name\" content=\"IBITI\" \/>\n<meta property=\"article:modified_time\" content=\"2025-10-06T21:27:29+00:00\" \/>\n<meta name=\"twitter:card\" content=\"summary_large_image\" \/>\n<meta name=\"twitter:label1\" content=\"Est. reading time\" \/>\n\t<meta name=\"twitter:data1\" content=\"3 minutes\" \/>\n<script type=\"application\/ld+json\" class=\"yoast-schema-graph\">{\"@context\":\"https:\\\/\\\/schema.org\",\"@graph\":[{\"@type\":\"WebPage\",\"@id\":\"https:\\\/\\\/ibiti.com\\\/guia-de-vivencias-ibiti\\\/ibiti-village\\\/bem-vindos\\\/\",\"url\":\"https:\\\/\\\/ibiti.com\\\/guia-de-vivencias-ibiti\\\/ibiti-village\\\/bem-vindos\\\/\",\"name\":\"Bem-vindos - IBITI\",\"isPartOf\":{\"@id\":\"https:\\\/\\\/ibiti.com\\\/#website\"},\"datePublished\":\"2025-01-04T18:36:39+00:00\",\"dateModified\":\"2025-10-06T21:27:29+00:00\",\"breadcrumb\":{\"@id\":\"https:\\\/\\\/ibiti.com\\\/guia-de-vivencias-ibiti\\\/ibiti-village\\\/bem-vindos\\\/#breadcrumb\"},\"inLanguage\":\"en-US\",\"potentialAction\":[{\"@type\":\"ReadAction\",\"target\":[\"https:\\\/\\\/ibiti.com\\\/guia-de-vivencias-ibiti\\\/ibiti-village\\\/bem-vindos\\\/\"]}]},{\"@type\":\"BreadcrumbList\",\"@id\":\"https:\\\/\\\/ibiti.com\\\/guia-de-vivencias-ibiti\\\/ibiti-village\\\/bem-vindos\\\/#breadcrumb\",\"itemListElement\":[{\"@type\":\"ListItem\",\"position\":1,\"name\":\"Guia de Viv\u00eancias Ibiti\",\"item\":\"https:\\\/\\\/ibiti.com\\\/guia-de-vivencias-ibiti\\\/\"},{\"@type\":\"ListItem\",\"position\":2,\"name\":\"Ibiti Village\",\"item\":\"https:\\\/\\\/ibiti.com\\\/guia-de-vivencias-ibiti\\\/ibiti-village\\\/\"},{\"@type\":\"ListItem\",\"position\":3,\"name\":\"Bem-vindos\"}]},{\"@type\":\"WebSite\",\"@id\":\"https:\\\/\\\/ibiti.com\\\/#website\",\"url\":\"https:\\\/\\\/ibiti.com\\\/\",\"name\":\"IBITI\",\"description\":\"Somos um projeto socioambiental experimental focado no homem e sua casa, o planeta.  Somos um novo mundo nas montanhas de Minas.  Acreditamos na harmonia entre o ser humano e a natureza.\",\"publisher\":{\"@id\":\"https:\\\/\\\/ibiti.com\\\/#organization\"},\"potentialAction\":[{\"@type\":\"SearchAction\",\"target\":{\"@type\":\"EntryPoint\",\"urlTemplate\":\"https:\\\/\\\/ibiti.com\\\/?s={search_term_string}\"},\"query-input\":{\"@type\":\"PropertyValueSpecification\",\"valueRequired\":true,\"valueName\":\"search_term_string\"}}],\"inLanguage\":\"en-US\"},{\"@type\":\"Organization\",\"@id\":\"https:\\\/\\\/ibiti.com\\\/#organization\",\"name\":\"IBITI\",\"url\":\"https:\\\/\\\/ibiti.com\\\/\",\"logo\":{\"@type\":\"ImageObject\",\"inLanguage\":\"en-US\",\"@id\":\"https:\\\/\\\/ibiti.com\\\/#\\\/schema\\\/logo\\\/image\\\/\",\"url\":\"https:\\\/\\\/ibiti.com\\\/wp-content\\\/uploads\\\/2024\\\/10\\\/ibiti-logo-default.svg\",\"contentUrl\":\"https:\\\/\\\/ibiti.com\\\/wp-content\\\/uploads\\\/2024\\\/10\\\/ibiti-logo-default.svg\",\"width\":80,\"height\":54,\"caption\":\"IBITI\"},\"image\":{\"@id\":\"https:\\\/\\\/ibiti.com\\\/#\\\/schema\\\/logo\\\/image\\\/\"}}]}<\/script>\n<!-- \/ Yoast SEO plugin. -->","yoast_head_json":{"title":"Welcome - IBITI","robots":{"index":"index","follow":"follow","max-snippet":"max-snippet:-1","max-image-preview":"max-image-preview:large","max-video-preview":"max-video-preview:-1"},"canonical":"https:\/\/ibiti.com\/en\/ibiti-experience-guide\/ibiti-village\/welcome\/","og_locale":"en_US","og_type":"article","og_title":"Bem-vindos - IBITI","og_description":"Ibiti Village Bem-vindos ao Ibiti: Planeje sua estada Ol\u00e1, estamos muito felizes em receb\u00ea-lo no Ibiti Village! Somos um grande projeto experimental que busca diariamente fazer a diferen\u00e7a e contribuir para o desenvolvimento sustent\u00e1vel da regi\u00e3o. H\u00e1 alguns anos, decidimos abrir as portas para o turismo respons\u00e1vel, de forma a proporcionar uma viv\u00eancia em meio [&hellip;]","og_url":"https:\/\/ibiti.com\/en\/ibiti-experience-guide\/ibiti-village\/welcome\/","og_site_name":"IBITI","article_modified_time":"2025-10-06T21:27:29+00:00","twitter_card":"summary_large_image","twitter_misc":{"Est. reading time":"3 minutes"},"schema":{"@context":"https:\/\/schema.org","@graph":[{"@type":"WebPage","@id":"https:\/\/ibiti.com\/guia-de-vivencias-ibiti\/ibiti-village\/bem-vindos\/","url":"https:\/\/ibiti.com\/guia-de-vivencias-ibiti\/ibiti-village\/bem-vindos\/","name":"Welcome - IBITI","isPartOf":{"@id":"https:\/\/ibiti.com\/#website"},"datePublished":"2025-01-04T18:36:39+00:00","dateModified":"2025-10-06T21:27:29+00:00","breadcrumb":{"@id":"https:\/\/ibiti.com\/guia-de-vivencias-ibiti\/ibiti-village\/bem-vindos\/#breadcrumb"},"inLanguage":"en-US","potentialAction":[{"@type":"ReadAction","target":["https:\/\/ibiti.com\/guia-de-vivencias-ibiti\/ibiti-village\/bem-vindos\/"]}]},{"@type":"BreadcrumbList","@id":"https:\/\/ibiti.com\/guia-de-vivencias-ibiti\/ibiti-village\/bem-vindos\/#breadcrumb","itemListElement":[{"@type":"ListItem","position":1,"name":"Guia de Viv\u00eancias Ibiti","item":"https:\/\/ibiti.com\/guia-de-vivencias-ibiti\/"},{"@type":"ListItem","position":2,"name":"Ibiti Village","item":"https:\/\/ibiti.com\/guia-de-vivencias-ibiti\/ibiti-village\/"},{"@type":"ListItem","position":3,"name":"Bem-vindos"}]},{"@type":"WebSite","@id":"https:\/\/ibiti.com\/#website","url":"https:\/\/ibiti.com\/","name":"IBITI","description":"We are an experimental socio-environmental project focused on man and his home, the planet.  We are a new world in the mountains of Minas Gerais.  We believe in harmony between human beings and nature.","publisher":{"@id":"https:\/\/ibiti.com\/#organization"},"potentialAction":[{"@type":"SearchAction","target":{"@type":"EntryPoint","urlTemplate":"https:\/\/ibiti.com\/?s={search_term_string}"},"query-input":{"@type":"PropertyValueSpecification","valueRequired":true,"valueName":"search_term_string"}}],"inLanguage":"en-US"},{"@type":"Organization","@id":"https:\/\/ibiti.com\/#organization","name":"IBITI","url":"https:\/\/ibiti.com\/","logo":{"@type":"ImageObject","inLanguage":"en-US","@id":"https:\/\/ibiti.com\/#\/schema\/logo\/image\/","url":"https:\/\/ibiti.com\/wp-content\/uploads\/2024\/10\/ibiti-logo-default.svg","contentUrl":"https:\/\/ibiti.com\/wp-content\/uploads\/2024\/10\/ibiti-logo-default.svg","width":80,"height":54,"caption":"IBITI"},"image":{"@id":"https:\/\/ibiti.com\/#\/schema\/logo\/image\/"}}]}},"jetpack_sharing_enabled":true,"_links":{"self":[{"href":"https:\/\/ibiti.com\/en\/wp-json\/wp\/v2\/pages\/4462","targetHints":{"allow":["GET"]}}],"collection":[{"href":"https:\/\/ibiti.com\/en\/wp-json\/wp\/v2\/pages"}],"about":[{"href":"https:\/\/ibiti.com\/en\/wp-json\/wp\/v2\/types\/page"}],"author":[{"embeddable":true,"href":"https:\/\/ibiti.com\/en\/wp-json\/wp\/v2\/users\/2"}],"replies":[{"embeddable":true,"href":"https:\/\/ibiti.com\/en\/wp-json\/wp\/v2\/comments?post=4462"}],"version-history":[{"count":0,"href":"https:\/\/ibiti.com\/en\/wp-json\/wp\/v2\/pages\/4462\/revisions"}],"up":[{"embeddable":true,"href":"https:\/\/ibiti.com\/en\/wp-json\/wp\/v2\/pages\/4399"}],"wp:attachment":[{"href":"https:\/\/ibiti.com\/en\/wp-json\/wp\/v2\/media?parent=4462"}],"curies":[{"name":"wp","href":"https:\/\/api.w.org\/{rel}","templated":true}]}}