{"id":3671,"date":"2024-11-27T16:21:15","date_gmt":"2024-11-27T16:21:15","guid":{"rendered":"https:\/\/ibiti.com\/?page_id=3671"},"modified":"2025-02-09T02:03:56","modified_gmt":"2025-02-09T05:03:56","slug":"regeneration","status":"publish","type":"page","link":"https:\/\/ibiti.com\/en\/regeneration\/","title":{"rendered":"Regeneration"},"content":{"rendered":"<div data-elementor-type=\"wp-page\" data-elementor-id=\"3671\" class=\"elementor elementor-3671\" data-elementor-post-type=\"page\">\n\t\t\t\t<div class=\"elementor-element elementor-element-edd4f82 e-flex e-con-boxed e-con e-parent\" data-id=\"edd4f82\" data-element_type=\"container\" data-e-type=\"container\">\n\t\t\t\t\t<div class=\"e-con-inner\">\n\t\t\t\t<div class=\"elementor-element elementor-element-3c43318 elementor-widget elementor-widget-heading\" data-id=\"3c43318\" data-element_type=\"widget\" data-e-type=\"widget\" data-widget_type=\"heading.default\">\n\t\t\t\t<div class=\"elementor-widget-container\">\n\t\t\t\t\t<span class=\"elementor-heading-title elementor-size-default\">About Us<\/span>\t\t\t\t<\/div>\n\t\t\t\t<\/div>\n\t\t\t\t<div class=\"elementor-element elementor-element-d586920 width-920 elementor-widget elementor-widget-heading\" data-id=\"d586920\" data-element_type=\"widget\" data-e-type=\"widget\" data-widget_type=\"heading.default\">\n\t\t\t\t<div class=\"elementor-widget-container\">\n\t\t\t\t\t<h1 class=\"elementor-heading-title elementor-size-default\"><span class=\"destaque-texto\">We are regeneration<span><\/h1>\t\t\t\t<\/div>\n\t\t\t\t<\/div>\n\t\t\t\t<div class=\"elementor-element elementor-element-92caaef width-920 elementor-widget elementor-widget-text-editor\" data-id=\"92caaef\" data-element_type=\"widget\" data-e-type=\"widget\" data-widget_type=\"text-editor.default\">\n\t\t\t\t<div class=\"elementor-widget-container\">\n\t\t\t\t\t\t\t\t\t<p>We\u2019re rebuilding the future now<\/p>\t\t\t\t\t\t\t\t<\/div>\n\t\t\t\t<\/div>\n\t\t\t\t\t<\/div>\n\t\t\t\t<\/div>\n\t\t<div class=\"elementor-element elementor-element-fdf709f e-flex e-con-boxed e-con e-parent\" data-id=\"fdf709f\" data-element_type=\"container\" data-e-type=\"container\">\n\t\t\t\t\t<div class=\"e-con-inner\">\n\t\t<div class=\"elementor-element elementor-element-58089de e-con-full e-flex e-con e-child\" data-id=\"58089de\" data-element_type=\"container\" data-e-type=\"container\">\n\t\t\t\t<div class=\"elementor-element elementor-element-7f9fa1e elementor-widget elementor-widget-image\" data-id=\"7f9fa1e\" data-element_type=\"widget\" data-e-type=\"widget\" data-widget_type=\"image.default\">\n\t\t\t\t<div class=\"elementor-widget-container\">\n\t\t\t\t\t\t\t\t\t\t\t\t\t\t\t<img fetchpriority=\"high\" decoding=\"async\" width=\"444\" height=\"459\" src=\"https:\/\/ibiti.com\/wp-content\/uploads\/2024\/11\/wangari-maathai.png\" class=\"attachment-full size-full wp-image-3674\" alt=\"\" srcset=\"https:\/\/ibiti.com\/wp-content\/uploads\/2024\/11\/wangari-maathai.png 444w, https:\/\/ibiti.com\/wp-content\/uploads\/2024\/11\/wangari-maathai-290x300.png 290w, https:\/\/ibiti.com\/wp-content\/uploads\/2024\/11\/wangari-maathai-12x12.png 12w\" sizes=\"(max-width: 444px) 100vw, 444px\" \/>\t\t\t\t\t\t\t\t\t\t\t\t\t\t\t<\/div>\n\t\t\t\t<\/div>\n\t\t\t\t<\/div>\n\t\t<div class=\"elementor-element elementor-element-fc538fb e-con-full e-flex e-con e-child\" data-id=\"fc538fb\" data-element_type=\"container\" data-e-type=\"container\">\n\t\t\t\t<div class=\"elementor-element elementor-element-7c55552 elementor-widget elementor-widget-heading\" data-id=\"7c55552\" data-element_type=\"widget\" data-e-type=\"widget\" data-widget_type=\"heading.default\">\n\t\t\t\t<div class=\"elementor-widget-container\">\n\t\t\t\t\t<h2 class=\"elementor-heading-title elementor-size-default\">\u201cWe are called to assist the Earth in healing her wounds and, in the process, heal ourselves.\u201d<\/h2>\t\t\t\t<\/div>\n\t\t\t\t<\/div>\n\t\t\t\t<div class=\"elementor-element elementor-element-d77d797 elementor-widget elementor-widget-text-editor\" data-id=\"d77d797\" data-element_type=\"widget\" data-e-type=\"widget\" data-widget_type=\"text-editor.default\">\n\t\t\t\t<div class=\"elementor-widget-container\">\n\t\t\t\t\t\t\t\t\t<p>Wangari Maathai<\/p>\t\t\t\t\t\t\t\t<\/div>\n\t\t\t\t<\/div>\n\t\t\t\t<div class=\"elementor-element elementor-element-110c8ee elementor-widget elementor-widget-text-editor\" data-id=\"110c8ee\" data-element_type=\"widget\" data-e-type=\"widget\" data-widget_type=\"text-editor.default\">\n\t\t\t\t<div class=\"elementor-widget-container\">\n\t\t\t\t\t\t\t\t\t<p>Nobel Peace Prize<\/p>\t\t\t\t\t\t\t\t<\/div>\n\t\t\t\t<\/div>\n\t\t\t\t<\/div>\n\t\t\t\t\t<\/div>\n\t\t\t\t<\/div>\n\t\t<div class=\"elementor-element elementor-element-31b6b70 e-flex e-con-boxed e-con e-parent\" data-id=\"31b6b70\" data-element_type=\"container\" data-e-type=\"container\">\n\t\t\t\t\t<div class=\"e-con-inner\">\n\t\t<div class=\"elementor-element elementor-element-befc5e5 e-con-full e-flex e-con e-child\" data-id=\"befc5e5\" data-element_type=\"container\" data-e-type=\"container\">\n\t\t\t\t<div class=\"elementor-element elementor-element-33f3530 elementor-widget elementor-widget-heading\" data-id=\"33f3530\" data-element_type=\"widget\" data-e-type=\"widget\" data-widget_type=\"heading.default\">\n\t\t\t\t<div class=\"elementor-widget-container\">\n\t\t\t\t\t<h2 class=\"elementor-heading-title elementor-size-default\">Taking care of the Earth is, in essence, taking care of ourselves<\/h2>\t\t\t\t<\/div>\n\t\t\t\t<\/div>\n\t\t\t\t<div class=\"elementor-element elementor-element-89fb400 elementor-widget elementor-widget-text-editor\" data-id=\"89fb400\" data-element_type=\"widget\" data-e-type=\"widget\" data-widget_type=\"text-editor.default\">\n\t\t\t\t<div class=\"elementor-widget-container\">\n\t\t\t\t\t\t\t\t\t<p>At the Ibiti Projeto, we understand that regeneration goes beyond restoring landscapes. It\u2019s about restoring the balance between humans and the environment. It\u2019s about allowing nature to resume its cycle, teaching us, while we accompany it in its regeneration.<\/p>\t\t\t\t\t\t\t\t<\/div>\n\t\t\t\t<\/div>\n\t\t\t\t<\/div>\n\t\t<div class=\"elementor-element elementor-element-9c8396c e-con-full e-flex e-con e-child\" data-id=\"9c8396c\" data-element_type=\"container\" data-e-type=\"container\">\n\t\t\t\t<div class=\"elementor-element elementor-element-22e712d elementor-widget elementor-widget-image\" data-id=\"22e712d\" data-element_type=\"widget\" data-e-type=\"widget\" data-widget_type=\"image.default\">\n\t\t\t\t<div class=\"elementor-widget-container\">\n\t\t\t\t\t\t\t\t\t\t\t\t\t\t\t<img decoding=\"async\" width=\"2464\" height=\"1641\" src=\"https:\/\/ibiti.com\/wp-content\/uploads\/2024\/11\/estatuas-the-big-family.jpeg\" class=\"attachment-full size-full wp-image-2745\" alt=\"\" srcset=\"https:\/\/ibiti.com\/wp-content\/uploads\/2024\/11\/estatuas-the-big-family.jpeg 2464w, https:\/\/ibiti.com\/wp-content\/uploads\/2024\/11\/estatuas-the-big-family-300x200.jpeg 300w, https:\/\/ibiti.com\/wp-content\/uploads\/2024\/11\/estatuas-the-big-family-1024x682.jpeg 1024w, https:\/\/ibiti.com\/wp-content\/uploads\/2024\/11\/estatuas-the-big-family-768x511.jpeg 768w, https:\/\/ibiti.com\/wp-content\/uploads\/2024\/11\/estatuas-the-big-family-1536x1023.jpeg 1536w, https:\/\/ibiti.com\/wp-content\/uploads\/2024\/11\/estatuas-the-big-family-2048x1364.jpeg 2048w, https:\/\/ibiti.com\/wp-content\/uploads\/2024\/11\/estatuas-the-big-family-18x12.jpeg 18w\" sizes=\"(max-width: 2464px) 100vw, 2464px\" \/>\t\t\t\t\t\t\t\t\t\t\t\t\t\t\t<\/div>\n\t\t\t\t<\/div>\n\t\t\t\t<\/div>\n\t\t\t\t\t<\/div>\n\t\t\t\t<\/div>\n\t\t<div class=\"elementor-element elementor-element-e16d629 e-flex e-con-boxed e-con e-parent\" data-id=\"e16d629\" data-element_type=\"container\" data-e-type=\"container\">\n\t\t\t\t\t<div class=\"e-con-inner\">\n\t\t<div class=\"elementor-element elementor-element-8ba3ea1 e-con-full e-flex e-con e-child\" data-id=\"8ba3ea1\" data-element_type=\"container\" data-e-type=\"container\">\n\t\t\t\t<div class=\"elementor-element elementor-element-3d629c2 elementor-widget elementor-widget-image\" data-id=\"3d629c2\" data-element_type=\"widget\" data-e-type=\"widget\" data-widget_type=\"image.default\">\n\t\t\t\t<div class=\"elementor-widget-container\">\n\t\t\t\t\t\t\t\t\t\t\t\t\t\t\t<img decoding=\"async\" width=\"1280\" height=\"853\" src=\"https:\/\/ibiti.com\/wp-content\/uploads\/2024\/11\/rewilding-muriqui-do-norte.jpeg\" class=\"attachment-full size-full wp-image-3074\" alt=\"\" srcset=\"https:\/\/ibiti.com\/wp-content\/uploads\/2024\/11\/rewilding-muriqui-do-norte.jpeg 1280w, https:\/\/ibiti.com\/wp-content\/uploads\/2024\/11\/rewilding-muriqui-do-norte-300x200.jpeg 300w, https:\/\/ibiti.com\/wp-content\/uploads\/2024\/11\/rewilding-muriqui-do-norte-1024x682.jpeg 1024w, https:\/\/ibiti.com\/wp-content\/uploads\/2024\/11\/rewilding-muriqui-do-norte-768x512.jpeg 768w, https:\/\/ibiti.com\/wp-content\/uploads\/2024\/11\/rewilding-muriqui-do-norte-18x12.jpeg 18w\" sizes=\"(max-width: 1280px) 100vw, 1280px\" \/>\t\t\t\t\t\t\t\t\t\t\t\t\t\t\t<\/div>\n\t\t\t\t<\/div>\n\t\t\t\t<\/div>\n\t\t<div class=\"elementor-element elementor-element-fcff7cf e-con-full e-flex e-con e-child\" data-id=\"fcff7cf\" data-element_type=\"container\" data-e-type=\"container\">\n\t\t\t\t<div class=\"elementor-element elementor-element-5a009be elementor-widget elementor-widget-text-editor\" data-id=\"5a009be\" data-element_type=\"widget\" data-e-type=\"widget\" data-widget_type=\"text-editor.default\">\n\t\t\t\t<div class=\"elementor-widget-container\">\n\t\t\t\t\t\t\t\t\t<p>For many years, we have exploited the planet beyond its limits, causing deep scars. Today, we are part of a movement that seeks to reverse this scenario.\u00a0<\/p><p>In the heart of Minas Gerais, the Ibiti Project has been transforming degraded areas into a biodiversity refuge for 40 years, with 6,000 hectares under regeneration.\u00a0<\/p><p>Projects such as the reintroduction of native species from the Atlantic Forest and the recovery of the northern muriqui are giving new life to threatened ecosystems.<\/p>\t\t\t\t\t\t\t\t<\/div>\n\t\t\t\t<\/div>\n\t\t\t\t<\/div>\n\t\t\t\t\t<\/div>\n\t\t\t\t<\/div>\n\t\t<div class=\"elementor-element elementor-element-ad13fb0 e-flex e-con-boxed e-con e-parent\" data-id=\"ad13fb0\" data-element_type=\"container\" data-e-type=\"container\">\n\t\t\t\t\t<div class=\"e-con-inner\">\n\t\t<div class=\"elementor-element elementor-element-55ef3b1 e-con-full e-flex e-con e-child\" data-id=\"55ef3b1\" data-element_type=\"container\" data-e-type=\"container\">\n\t\t\t\t<div class=\"elementor-element elementor-element-fff365c elementor-widget elementor-widget-text-editor\" data-id=\"fff365c\" data-element_type=\"widget\" data-e-type=\"widget\" data-widget_type=\"text-editor.default\">\n\t\t\t\t<div class=\"elementor-widget-container\">\n\t\t\t\t\t\t\t\t\t<p>In addition to environmental regeneration, the communities around Ibiti also reap the fruits of this transformation, with more than 300 people employed and families benefiting from the project, which combines conservation and sustainable development, encouraging entrepreneurship, the circular economy and regenerative tourism.<\/p>\t\t\t\t\t\t\t\t<\/div>\n\t\t\t\t<\/div>\n\t\t\t\t<\/div>\n\t\t<div class=\"elementor-element elementor-element-7542478 e-con-full e-flex e-con e-child\" data-id=\"7542478\" data-element_type=\"container\" data-e-type=\"container\">\n\t\t\t\t<div class=\"elementor-element elementor-element-3b3f476 elementor-widget elementor-widget-image\" data-id=\"3b3f476\" data-element_type=\"widget\" data-e-type=\"widget\" data-widget_type=\"image.default\">\n\t\t\t\t<div class=\"elementor-widget-container\">\n\t\t\t\t\t\t\t\t\t\t\t\t\t\t\t<img loading=\"lazy\" decoding=\"async\" width=\"2041\" height=\"1361\" src=\"https:\/\/ibiti.com\/wp-content\/uploads\/2024\/11\/galeria-ibiti-49.jpg\" class=\"attachment-full size-full wp-image-3200\" alt=\"\" srcset=\"https:\/\/ibiti.com\/wp-content\/uploads\/2024\/11\/galeria-ibiti-49.jpg 2041w, https:\/\/ibiti.com\/wp-content\/uploads\/2024\/11\/galeria-ibiti-49-300x200.jpg 300w, https:\/\/ibiti.com\/wp-content\/uploads\/2024\/11\/galeria-ibiti-49-1024x683.jpg 1024w, https:\/\/ibiti.com\/wp-content\/uploads\/2024\/11\/galeria-ibiti-49-768x512.jpg 768w, https:\/\/ibiti.com\/wp-content\/uploads\/2024\/11\/galeria-ibiti-49-1536x1024.jpg 1536w, https:\/\/ibiti.com\/wp-content\/uploads\/2024\/11\/galeria-ibiti-49-18x12.jpg 18w\" sizes=\"(max-width: 2041px) 100vw, 2041px\" \/>\t\t\t\t\t\t\t\t\t\t\t\t\t\t\t<\/div>\n\t\t\t\t<\/div>\n\t\t\t\t<div class=\"elementor-element elementor-element-99946d4 elementor-widget elementor-widget-image\" data-id=\"99946d4\" data-element_type=\"widget\" data-e-type=\"widget\" data-widget_type=\"image.default\">\n\t\t\t\t<div class=\"elementor-widget-container\">\n\t\t\t\t\t\t\t\t\t\t\t\t\t\t\t<img loading=\"lazy\" decoding=\"async\" width=\"2464\" height=\"1642\" src=\"https:\/\/ibiti.com\/wp-content\/uploads\/2024\/11\/gaia-produtos-ecologicos.jpeg\" class=\"attachment-full size-full wp-image-2906\" alt=\"\" srcset=\"https:\/\/ibiti.com\/wp-content\/uploads\/2024\/11\/gaia-produtos-ecologicos.jpeg 2464w, https:\/\/ibiti.com\/wp-content\/uploads\/2024\/11\/gaia-produtos-ecologicos-300x200.jpeg 300w, https:\/\/ibiti.com\/wp-content\/uploads\/2024\/11\/gaia-produtos-ecologicos-1024x682.jpeg 1024w, https:\/\/ibiti.com\/wp-content\/uploads\/2024\/11\/gaia-produtos-ecologicos-768x512.jpeg 768w, https:\/\/ibiti.com\/wp-content\/uploads\/2024\/11\/gaia-produtos-ecologicos-1536x1024.jpeg 1536w, https:\/\/ibiti.com\/wp-content\/uploads\/2024\/11\/gaia-produtos-ecologicos-2048x1365.jpeg 2048w, https:\/\/ibiti.com\/wp-content\/uploads\/2024\/11\/gaia-produtos-ecologicos-18x12.jpeg 18w\" sizes=\"(max-width: 2464px) 100vw, 2464px\" \/>\t\t\t\t\t\t\t\t\t\t\t\t\t\t\t<\/div>\n\t\t\t\t<\/div>\n\t\t\t\t<\/div>\n\t\t\t\t\t<\/div>\n\t\t\t\t<\/div>\n\t\t<div class=\"elementor-element elementor-element-75f8f03 e-flex e-con-boxed e-con e-parent\" data-id=\"75f8f03\" data-element_type=\"container\" data-e-type=\"container\">\n\t\t\t\t\t<div class=\"e-con-inner\">\n\t\t<div class=\"elementor-element elementor-element-38e3683 e-con-full e-flex e-con e-child\" data-id=\"38e3683\" data-element_type=\"container\" data-e-type=\"container\">\n\t\t\t\t<div class=\"elementor-element elementor-element-012720d elementor-widget elementor-widget-image\" data-id=\"012720d\" data-element_type=\"widget\" data-e-type=\"widget\" data-widget_type=\"image.default\">\n\t\t\t\t<div class=\"elementor-widget-container\">\n\t\t\t\t\t\t\t\t\t\t\t\t\t\t\t<img loading=\"lazy\" decoding=\"async\" width=\"1600\" height=\"1200\" src=\"https:\/\/ibiti.com\/wp-content\/uploads\/2024\/11\/comuniversidade.jpeg\" class=\"attachment-full size-full wp-image-3089\" alt=\"\" srcset=\"https:\/\/ibiti.com\/wp-content\/uploads\/2024\/11\/comuniversidade.jpeg 1600w, https:\/\/ibiti.com\/wp-content\/uploads\/2024\/11\/comuniversidade-300x225.jpeg 300w, https:\/\/ibiti.com\/wp-content\/uploads\/2024\/11\/comuniversidade-1024x768.jpeg 1024w, https:\/\/ibiti.com\/wp-content\/uploads\/2024\/11\/comuniversidade-768x576.jpeg 768w, https:\/\/ibiti.com\/wp-content\/uploads\/2024\/11\/comuniversidade-1536x1152.jpeg 1536w, https:\/\/ibiti.com\/wp-content\/uploads\/2024\/11\/comuniversidade-16x12.jpeg 16w\" sizes=\"(max-width: 1600px) 100vw, 1600px\" \/>\t\t\t\t\t\t\t\t\t\t\t\t\t\t\t<\/div>\n\t\t\t\t<\/div>\n\t\t\t\t<\/div>\n\t\t<div class=\"elementor-element elementor-element-32763e7 e-con-full e-flex e-con e-child\" data-id=\"32763e7\" data-element_type=\"container\" data-e-type=\"container\">\n\t\t\t\t<div class=\"elementor-element elementor-element-53b11ce elementor-widget elementor-widget-heading\" data-id=\"53b11ce\" data-element_type=\"widget\" data-e-type=\"widget\" data-widget_type=\"heading.default\">\n\t\t\t\t<div class=\"elementor-widget-container\">\n\t\t\t\t\t<h2 class=\"elementor-heading-title elementor-size-default\">Regeneration goes beyond sustainability<\/h2>\t\t\t\t<\/div>\n\t\t\t\t<\/div>\n\t\t\t\t<div class=\"elementor-element elementor-element-8217bd1 elementor-widget elementor-widget-text-editor\" data-id=\"8217bd1\" data-element_type=\"widget\" data-e-type=\"widget\" data-widget_type=\"text-editor.default\">\n\t\t\t\t<div class=\"elementor-widget-container\">\n\t\t\t\t\t\t\t\t\t<p>It\u2019s about revitalizing, recovering, and giving back to the Earth the life that belongs to it. And, in the process, we also find renewal within ourselves. Taking part in this journey means building a future that is more balanced, respectful, and connected to the life that surrounds us.<\/p>\t\t\t\t\t\t\t\t<\/div>\n\t\t\t\t<\/div>\n\t\t\t\t<div class=\"elementor-element elementor-element-240cda8 elementor-widget elementor-widget-text-editor\" data-id=\"240cda8\" data-element_type=\"widget\" data-e-type=\"widget\" data-widget_type=\"text-editor.default\">\n\t\t\t\t<div class=\"elementor-widget-container\">\n\t\t\t\t\t\t\t\t\t<p>Here, to regenerate is to live in harmony with what sustains us.<\/p>\t\t\t\t\t\t\t\t<\/div>\n\t\t\t\t<\/div>\n\t\t\t\t<\/div>\n\t\t\t\t\t<\/div>\n\t\t\t\t<\/div>\n\t\t<div class=\"elementor-element elementor-element-6c8e7fe e-flex e-con-boxed e-con e-parent\" data-id=\"6c8e7fe\" data-element_type=\"container\" data-e-type=\"container\">\n\t\t\t\t\t<div class=\"e-con-inner\">\n\t\t\t\t<div class=\"elementor-element elementor-element-495bedc width-920 elementor-widget elementor-widget-heading\" data-id=\"495bedc\" data-element_type=\"widget\" data-e-type=\"widget\" data-widget_type=\"heading.default\">\n\t\t\t\t<div class=\"elementor-widget-container\">\n\t\t\t\t\t<h2 class=\"elementor-heading-title elementor-size-default\">\u201cIt\u2019s not enough to just be sustainable, it\u2019s urgent to be regenerative.\"<\/h2>\t\t\t\t<\/div>\n\t\t\t\t<\/div>\n\t\t\t\t\t<\/div>\n\t\t\t\t<\/div>\n\t\t\t\t<\/div>","protected":false},"excerpt":{"rendered":"<p>Quem somos Somos regenera\u00e7\u00e3o Estamos reconstruindo o futuro agora \u201cFomos chamados para cuidar do planeta, tratando de suas feridas, e, no processo, curar a n\u00f3s mesmos.\u201d Wangari Maathai Pr\u00eamio Nobel da Paz Cuidar da Terra \u00e9, em ess\u00eancia, cuidar de n\u00f3s mesmos No Ibiti Projeto, entendemos que regenerar vai al\u00e9m de recuperar paisagens. \u00c9 restaurar [&hellip;]<\/p>\n","protected":false},"author":2,"featured_media":0,"parent":0,"menu_order":0,"comment_status":"closed","ping_status":"closed","template":"","meta":{"footnotes":""},"class_list":["post-3671","page","type-page","status-publish","hentry"],"yoast_head":"<!-- This site is optimized with the Yoast SEO plugin v27.4 - https:\/\/yoast.com\/product\/yoast-seo-wordpress\/ -->\n<title>Regenera\u00e7\u00e3o - IBITI<\/title>\n<meta name=\"robots\" content=\"index, follow, max-snippet:-1, max-image-preview:large, max-video-preview:-1\" \/>\n<link rel=\"canonical\" href=\"https:\/\/ibiti.com\/en\/regeneration\/\" \/>\n<meta property=\"og:locale\" content=\"en_US\" \/>\n<meta property=\"og:type\" content=\"article\" \/>\n<meta property=\"og:title\" content=\"Regenera\u00e7\u00e3o - IBITI\" \/>\n<meta property=\"og:description\" content=\"Quem somos Somos regenera\u00e7\u00e3o Estamos reconstruindo o futuro agora \u201cFomos chamados para cuidar do planeta, tratando de suas feridas, e, no processo, curar a n\u00f3s mesmos.\u201d Wangari Maathai Pr\u00eamio Nobel da Paz Cuidar da Terra \u00e9, em ess\u00eancia, cuidar de n\u00f3s mesmos No Ibiti Projeto, entendemos que regenerar vai al\u00e9m de recuperar paisagens. \u00c9 restaurar [&hellip;]\" \/>\n<meta property=\"og:url\" content=\"https:\/\/ibiti.com\/en\/regeneration\/\" \/>\n<meta property=\"og:site_name\" content=\"IBITI\" \/>\n<meta property=\"article:modified_time\" content=\"2025-02-09T05:03:56+00:00\" \/>\n<meta property=\"og:image\" content=\"https:\/\/ibiti.com\/wp-content\/uploads\/2024\/11\/wangari-maathai.png\" \/>\n\t<meta property=\"og:image:width\" content=\"444\" \/>\n\t<meta property=\"og:image:height\" content=\"459\" \/>\n\t<meta property=\"og:image:type\" content=\"image\/png\" \/>\n<meta name=\"twitter:card\" content=\"summary_large_image\" \/>\n<meta name=\"twitter:label1\" content=\"Est. reading time\" \/>\n\t<meta name=\"twitter:data1\" content=\"3 minutes\" \/>\n<script type=\"application\/ld+json\" class=\"yoast-schema-graph\">{\"@context\":\"https:\\\/\\\/schema.org\",\"@graph\":[{\"@type\":\"WebPage\",\"@id\":\"https:\\\/\\\/ibiti.com\\\/regeneracao\\\/\",\"url\":\"https:\\\/\\\/ibiti.com\\\/regeneracao\\\/\",\"name\":\"Regenera\u00e7\u00e3o - IBITI\",\"isPartOf\":{\"@id\":\"https:\\\/\\\/ibiti.com\\\/#website\"},\"primaryImageOfPage\":{\"@id\":\"https:\\\/\\\/ibiti.com\\\/regeneracao\\\/#primaryimage\"},\"image\":{\"@id\":\"https:\\\/\\\/ibiti.com\\\/regeneracao\\\/#primaryimage\"},\"thumbnailUrl\":\"https:\\\/\\\/ibiti.com\\\/wp-content\\\/uploads\\\/2024\\\/11\\\/wangari-maathai.png\",\"datePublished\":\"2024-11-27T16:21:15+00:00\",\"dateModified\":\"2025-02-09T05:03:56+00:00\",\"inLanguage\":\"en-US\",\"potentialAction\":[{\"@type\":\"ReadAction\",\"target\":[\"https:\\\/\\\/ibiti.com\\\/regeneracao\\\/\"]}]},{\"@type\":\"ImageObject\",\"inLanguage\":\"en-US\",\"@id\":\"https:\\\/\\\/ibiti.com\\\/regeneracao\\\/#primaryimage\",\"url\":\"https:\\\/\\\/ibiti.com\\\/wp-content\\\/uploads\\\/2024\\\/11\\\/wangari-maathai.png\",\"contentUrl\":\"https:\\\/\\\/ibiti.com\\\/wp-content\\\/uploads\\\/2024\\\/11\\\/wangari-maathai.png\"},{\"@type\":\"WebSite\",\"@id\":\"https:\\\/\\\/ibiti.com\\\/#website\",\"url\":\"https:\\\/\\\/ibiti.com\\\/\",\"name\":\"IBITI\",\"description\":\"Somos um projeto socioambiental experimental focado no homem e sua casa, o planeta.  Somos um novo mundo nas montanhas de Minas.  Acreditamos na harmonia entre o ser humano e a natureza.\",\"publisher\":{\"@id\":\"https:\\\/\\\/ibiti.com\\\/#organization\"},\"potentialAction\":[{\"@type\":\"SearchAction\",\"target\":{\"@type\":\"EntryPoint\",\"urlTemplate\":\"https:\\\/\\\/ibiti.com\\\/?s={search_term_string}\"},\"query-input\":{\"@type\":\"PropertyValueSpecification\",\"valueRequired\":true,\"valueName\":\"search_term_string\"}}],\"inLanguage\":\"en-US\"},{\"@type\":\"Organization\",\"@id\":\"https:\\\/\\\/ibiti.com\\\/#organization\",\"name\":\"IBITI\",\"url\":\"https:\\\/\\\/ibiti.com\\\/\",\"logo\":{\"@type\":\"ImageObject\",\"inLanguage\":\"en-US\",\"@id\":\"https:\\\/\\\/ibiti.com\\\/#\\\/schema\\\/logo\\\/image\\\/\",\"url\":\"https:\\\/\\\/ibiti.com\\\/wp-content\\\/uploads\\\/2024\\\/10\\\/ibiti-logo-default.svg\",\"contentUrl\":\"https:\\\/\\\/ibiti.com\\\/wp-content\\\/uploads\\\/2024\\\/10\\\/ibiti-logo-default.svg\",\"width\":80,\"height\":54,\"caption\":\"IBITI\"},\"image\":{\"@id\":\"https:\\\/\\\/ibiti.com\\\/#\\\/schema\\\/logo\\\/image\\\/\"}}]}<\/script>\n<!-- \/ Yoast SEO plugin. -->","yoast_head_json":{"title":"Regeneration - IBITI","robots":{"index":"index","follow":"follow","max-snippet":"max-snippet:-1","max-image-preview":"max-image-preview:large","max-video-preview":"max-video-preview:-1"},"canonical":"https:\/\/ibiti.com\/en\/regeneration\/","og_locale":"en_US","og_type":"article","og_title":"Regenera\u00e7\u00e3o - IBITI","og_description":"Quem somos Somos regenera\u00e7\u00e3o Estamos reconstruindo o futuro agora \u201cFomos chamados para cuidar do planeta, tratando de suas feridas, e, no processo, curar a n\u00f3s mesmos.\u201d Wangari Maathai Pr\u00eamio Nobel da Paz Cuidar da Terra \u00e9, em ess\u00eancia, cuidar de n\u00f3s mesmos No Ibiti Projeto, entendemos que regenerar vai al\u00e9m de recuperar paisagens. \u00c9 restaurar [&hellip;]","og_url":"https:\/\/ibiti.com\/en\/regeneration\/","og_site_name":"IBITI","article_modified_time":"2025-02-09T05:03:56+00:00","og_image":[{"width":444,"height":459,"url":"https:\/\/ibiti.com\/wp-content\/uploads\/2024\/11\/wangari-maathai.png","type":"image\/png"}],"twitter_card":"summary_large_image","twitter_misc":{"Est. reading time":"3 minutes"},"schema":{"@context":"https:\/\/schema.org","@graph":[{"@type":"WebPage","@id":"https:\/\/ibiti.com\/regeneracao\/","url":"https:\/\/ibiti.com\/regeneracao\/","name":"Regeneration - IBITI","isPartOf":{"@id":"https:\/\/ibiti.com\/#website"},"primaryImageOfPage":{"@id":"https:\/\/ibiti.com\/regeneracao\/#primaryimage"},"image":{"@id":"https:\/\/ibiti.com\/regeneracao\/#primaryimage"},"thumbnailUrl":"https:\/\/ibiti.com\/wp-content\/uploads\/2024\/11\/wangari-maathai.png","datePublished":"2024-11-27T16:21:15+00:00","dateModified":"2025-02-09T05:03:56+00:00","inLanguage":"en-US","potentialAction":[{"@type":"ReadAction","target":["https:\/\/ibiti.com\/regeneracao\/"]}]},{"@type":"ImageObject","inLanguage":"en-US","@id":"https:\/\/ibiti.com\/regeneracao\/#primaryimage","url":"https:\/\/ibiti.com\/wp-content\/uploads\/2024\/11\/wangari-maathai.png","contentUrl":"https:\/\/ibiti.com\/wp-content\/uploads\/2024\/11\/wangari-maathai.png"},{"@type":"WebSite","@id":"https:\/\/ibiti.com\/#website","url":"https:\/\/ibiti.com\/","name":"IBITI","description":"We are an experimental socio-environmental project focused on man and his home, the planet.  We are a new world in the mountains of Minas Gerais.  We believe in harmony between human beings and nature.","publisher":{"@id":"https:\/\/ibiti.com\/#organization"},"potentialAction":[{"@type":"SearchAction","target":{"@type":"EntryPoint","urlTemplate":"https:\/\/ibiti.com\/?s={search_term_string}"},"query-input":{"@type":"PropertyValueSpecification","valueRequired":true,"valueName":"search_term_string"}}],"inLanguage":"en-US"},{"@type":"Organization","@id":"https:\/\/ibiti.com\/#organization","name":"IBITI","url":"https:\/\/ibiti.com\/","logo":{"@type":"ImageObject","inLanguage":"en-US","@id":"https:\/\/ibiti.com\/#\/schema\/logo\/image\/","url":"https:\/\/ibiti.com\/wp-content\/uploads\/2024\/10\/ibiti-logo-default.svg","contentUrl":"https:\/\/ibiti.com\/wp-content\/uploads\/2024\/10\/ibiti-logo-default.svg","width":80,"height":54,"caption":"IBITI"},"image":{"@id":"https:\/\/ibiti.com\/#\/schema\/logo\/image\/"}}]}},"jetpack_sharing_enabled":true,"_links":{"self":[{"href":"https:\/\/ibiti.com\/en\/wp-json\/wp\/v2\/pages\/3671","targetHints":{"allow":["GET"]}}],"collection":[{"href":"https:\/\/ibiti.com\/en\/wp-json\/wp\/v2\/pages"}],"about":[{"href":"https:\/\/ibiti.com\/en\/wp-json\/wp\/v2\/types\/page"}],"author":[{"embeddable":true,"href":"https:\/\/ibiti.com\/en\/wp-json\/wp\/v2\/users\/2"}],"replies":[{"embeddable":true,"href":"https:\/\/ibiti.com\/en\/wp-json\/wp\/v2\/comments?post=3671"}],"version-history":[{"count":0,"href":"https:\/\/ibiti.com\/en\/wp-json\/wp\/v2\/pages\/3671\/revisions"}],"wp:attachment":[{"href":"https:\/\/ibiti.com\/en\/wp-json\/wp\/v2\/media?parent=3671"}],"curies":[{"name":"wp","href":"https:\/\/api.w.org\/{rel}","templated":true}]}}