{"id":1468,"date":"2024-10-31T15:35:44","date_gmt":"2024-10-31T15:35:44","guid":{"rendered":"https:\/\/ibiti.com\/?page_id=1468"},"modified":"2024-11-12T16:02:50","modified_gmt":"2024-11-12T16:02:50","slug":"eventos-corporativos","status":"publish","type":"page","link":"https:\/\/ibiti.com\/en\/celebrations-and-events\/corporate-events-2\/","title":{"rendered":"Corporate events"},"content":{"rendered":"<div data-elementor-type=\"wp-page\" data-elementor-id=\"1468\" class=\"elementor elementor-1468\" data-elementor-post-type=\"page\">\n\t\t\t\t<div class=\"elementor-element elementor-element-6871999 e-flex e-con-boxed e-con e-parent\" data-id=\"6871999\" data-element_type=\"container\" data-e-type=\"container\">\n\t\t\t\t\t<div class=\"e-con-inner\">\n\t\t\t\t<div class=\"elementor-element elementor-element-827f343 link-sem-estilo elementor-widget elementor-widget-heading\" data-id=\"827f343\" data-element_type=\"widget\" data-e-type=\"widget\" data-widget_type=\"heading.default\">\n\t\t\t\t<div class=\"elementor-widget-container\">\n\t\t\t\t\t<span class=\"elementor-heading-title elementor-size-default\"><a href=\"https:\/\/ibiti.com\/en\/celebrations-and-events\/\">Celebrations and events<\/a><\/span>\t\t\t\t<\/div>\n\t\t\t\t<\/div>\n\t\t\t\t<div class=\"elementor-element elementor-element-6cc9990 width-920 elementor-widget elementor-widget-heading\" data-id=\"6cc9990\" data-element_type=\"widget\" data-e-type=\"widget\" data-widget_type=\"heading.default\">\n\t\t\t\t<div class=\"elementor-widget-container\">\n\t\t\t\t\t<h1 class=\"elementor-heading-title elementor-size-default\"><span class=\"destaque-texto\">Corporate events<span><\/h1>\t\t\t\t<\/div>\n\t\t\t\t<\/div>\n\t\t\t\t<div class=\"elementor-element elementor-element-e880ee0 width-920 elementor-widget elementor-widget-text-editor\" data-id=\"e880ee0\" data-element_type=\"widget\" data-e-type=\"widget\" data-widget_type=\"text-editor.default\">\n\t\t\t\t<div class=\"elementor-widget-container\">\n\t\t\t\t\t\t\t\t\t<p>In an inspiring setting, unique venues to bring out the best in every meeting!<\/p>\t\t\t\t\t\t\t\t<\/div>\n\t\t\t\t<\/div>\n\t\t\t\t\t<\/div>\n\t\t\t\t<\/div>\n\t\t<div class=\"elementor-element elementor-element-cd4151b e-flex e-con-boxed e-con e-parent\" data-id=\"cd4151b\" data-element_type=\"container\" data-e-type=\"container\">\n\t\t\t\t\t<div class=\"e-con-inner\">\n\t\t\t\t<div class=\"elementor-element elementor-element-87a5b4a elementor-widget elementor-widget-image\" data-id=\"87a5b4a\" data-element_type=\"widget\" data-e-type=\"widget\" data-widget_type=\"image.default\">\n\t\t\t\t<div class=\"elementor-widget-container\">\n\t\t\t\t\t\t\t\t\t\t\t\t\t\t\t<img fetchpriority=\"high\" decoding=\"async\" width=\"2464\" height=\"1642\" src=\"https:\/\/ibiti.com\/wp-content\/uploads\/2024\/11\/eventos-corporativos-01.jpg\" class=\"attachment-full size-full wp-image-3005\" alt=\"\" srcset=\"https:\/\/ibiti.com\/wp-content\/uploads\/2024\/11\/eventos-corporativos-01.jpg 2464w, https:\/\/ibiti.com\/wp-content\/uploads\/2024\/11\/eventos-corporativos-01-300x200.jpg 300w, https:\/\/ibiti.com\/wp-content\/uploads\/2024\/11\/eventos-corporativos-01-1024x682.jpg 1024w, https:\/\/ibiti.com\/wp-content\/uploads\/2024\/11\/eventos-corporativos-01-768x512.jpg 768w, https:\/\/ibiti.com\/wp-content\/uploads\/2024\/11\/eventos-corporativos-01-1536x1024.jpg 1536w, https:\/\/ibiti.com\/wp-content\/uploads\/2024\/11\/eventos-corporativos-01-2048x1365.jpg 2048w, https:\/\/ibiti.com\/wp-content\/uploads\/2024\/11\/eventos-corporativos-01-18x12.jpg 18w\" sizes=\"(max-width: 2464px) 100vw, 2464px\" \/>\t\t\t\t\t\t\t\t\t\t\t\t\t\t\t<\/div>\n\t\t\t\t<\/div>\n\t\t<div class=\"elementor-element elementor-element-a19b6ac e-grid e-con-full e-con e-child\" data-id=\"a19b6ac\" data-element_type=\"container\" data-e-type=\"container\">\n\t\t\t\t<div class=\"elementor-element elementor-element-5cd56a2 elementor-widget elementor-widget-image\" data-id=\"5cd56a2\" data-element_type=\"widget\" data-e-type=\"widget\" data-widget_type=\"image.default\">\n\t\t\t\t<div class=\"elementor-widget-container\">\n\t\t\t\t\t\t\t\t\t\t\t\t\t\t\t<img decoding=\"async\" width=\"1600\" height=\"1200\" src=\"https:\/\/ibiti.com\/wp-content\/uploads\/2024\/11\/eventos-corporativos-02.jpeg\" class=\"attachment-full size-full wp-image-3006\" alt=\"\" srcset=\"https:\/\/ibiti.com\/wp-content\/uploads\/2024\/11\/eventos-corporativos-02.jpeg 1600w, https:\/\/ibiti.com\/wp-content\/uploads\/2024\/11\/eventos-corporativos-02-300x225.jpeg 300w, https:\/\/ibiti.com\/wp-content\/uploads\/2024\/11\/eventos-corporativos-02-1024x768.jpeg 1024w, https:\/\/ibiti.com\/wp-content\/uploads\/2024\/11\/eventos-corporativos-02-768x576.jpeg 768w, https:\/\/ibiti.com\/wp-content\/uploads\/2024\/11\/eventos-corporativos-02-1536x1152.jpeg 1536w, https:\/\/ibiti.com\/wp-content\/uploads\/2024\/11\/eventos-corporativos-02-16x12.jpeg 16w\" sizes=\"(max-width: 1600px) 100vw, 1600px\" \/>\t\t\t\t\t\t\t\t\t\t\t\t\t\t\t<\/div>\n\t\t\t\t<\/div>\n\t\t\t\t<div class=\"elementor-element elementor-element-37b2d59 elementor-widget elementor-widget-image\" data-id=\"37b2d59\" data-element_type=\"widget\" data-e-type=\"widget\" data-widget_type=\"image.default\">\n\t\t\t\t<div class=\"elementor-widget-container\">\n\t\t\t\t\t\t\t\t\t\t\t\t\t\t\t<img decoding=\"async\" width=\"2464\" height=\"1642\" src=\"https:\/\/ibiti.com\/wp-content\/uploads\/2024\/11\/eventos-corporativos-03.jpg\" class=\"attachment-full size-full wp-image-3007\" alt=\"\" srcset=\"https:\/\/ibiti.com\/wp-content\/uploads\/2024\/11\/eventos-corporativos-03.jpg 2464w, https:\/\/ibiti.com\/wp-content\/uploads\/2024\/11\/eventos-corporativos-03-300x200.jpg 300w, https:\/\/ibiti.com\/wp-content\/uploads\/2024\/11\/eventos-corporativos-03-1024x682.jpg 1024w, https:\/\/ibiti.com\/wp-content\/uploads\/2024\/11\/eventos-corporativos-03-768x512.jpg 768w, https:\/\/ibiti.com\/wp-content\/uploads\/2024\/11\/eventos-corporativos-03-1536x1024.jpg 1536w, https:\/\/ibiti.com\/wp-content\/uploads\/2024\/11\/eventos-corporativos-03-2048x1365.jpg 2048w, https:\/\/ibiti.com\/wp-content\/uploads\/2024\/11\/eventos-corporativos-03-18x12.jpg 18w\" sizes=\"(max-width: 2464px) 100vw, 2464px\" \/>\t\t\t\t\t\t\t\t\t\t\t\t\t\t\t<\/div>\n\t\t\t\t<\/div>\n\t\t\t\t<\/div>\n\t\t<div class=\"elementor-element elementor-element-268777c e-grid e-con-full e-con e-child\" data-id=\"268777c\" data-element_type=\"container\" data-e-type=\"container\">\n\t\t\t\t<div class=\"elementor-element elementor-element-458995d elementor-widget elementor-widget-image\" data-id=\"458995d\" data-element_type=\"widget\" data-e-type=\"widget\" data-widget_type=\"image.default\">\n\t\t\t\t<div class=\"elementor-widget-container\">\n\t\t\t\t\t\t\t\t\t\t\t\t\t\t\t<img loading=\"lazy\" decoding=\"async\" width=\"1536\" height=\"2048\" src=\"https:\/\/ibiti.com\/wp-content\/uploads\/2024\/11\/eventos-corporativos-04.jpeg\" class=\"attachment-full size-full wp-image-3008\" alt=\"\" srcset=\"https:\/\/ibiti.com\/wp-content\/uploads\/2024\/11\/eventos-corporativos-04.jpeg 1536w, https:\/\/ibiti.com\/wp-content\/uploads\/2024\/11\/eventos-corporativos-04-225x300.jpeg 225w, https:\/\/ibiti.com\/wp-content\/uploads\/2024\/11\/eventos-corporativos-04-768x1024.jpeg 768w, https:\/\/ibiti.com\/wp-content\/uploads\/2024\/11\/eventos-corporativos-04-1152x1536.jpeg 1152w, https:\/\/ibiti.com\/wp-content\/uploads\/2024\/11\/eventos-corporativos-04-9x12.jpeg 9w\" sizes=\"(max-width: 1536px) 100vw, 1536px\" \/>\t\t\t\t\t\t\t\t\t\t\t\t\t\t\t<\/div>\n\t\t\t\t<\/div>\n\t\t\t\t<div class=\"elementor-element elementor-element-fce3054 elementor-widget elementor-widget-image\" data-id=\"fce3054\" data-element_type=\"widget\" data-e-type=\"widget\" data-widget_type=\"image.default\">\n\t\t\t\t<div class=\"elementor-widget-container\">\n\t\t\t\t\t\t\t\t\t\t\t\t\t\t\t<img loading=\"lazy\" decoding=\"async\" width=\"1200\" height=\"1600\" src=\"https:\/\/ibiti.com\/wp-content\/uploads\/2024\/11\/eventos-corporativos-05.jpeg\" class=\"attachment-full size-full wp-image-3009\" alt=\"\" srcset=\"https:\/\/ibiti.com\/wp-content\/uploads\/2024\/11\/eventos-corporativos-05.jpeg 1200w, https:\/\/ibiti.com\/wp-content\/uploads\/2024\/11\/eventos-corporativos-05-225x300.jpeg 225w, https:\/\/ibiti.com\/wp-content\/uploads\/2024\/11\/eventos-corporativos-05-768x1024.jpeg 768w, https:\/\/ibiti.com\/wp-content\/uploads\/2024\/11\/eventos-corporativos-05-1152x1536.jpeg 1152w, https:\/\/ibiti.com\/wp-content\/uploads\/2024\/11\/eventos-corporativos-05-9x12.jpeg 9w\" sizes=\"(max-width: 1200px) 100vw, 1200px\" \/>\t\t\t\t\t\t\t\t\t\t\t\t\t\t\t<\/div>\n\t\t\t\t<\/div>\n\t\t\t\t<\/div>\n\t\t<div class=\"elementor-element elementor-element-1085c11 e-con-full e-flex e-con e-child\" data-id=\"1085c11\" data-element_type=\"container\" data-e-type=\"container\">\n\t\t<div class=\"elementor-element elementor-element-9f3e781 e-con-full e-flex e-con e-child\" data-id=\"9f3e781\" data-element_type=\"container\" data-e-type=\"container\">\n\t\t\t\t<div class=\"elementor-element elementor-element-ebed7ac elementor-widget elementor-widget-image\" data-id=\"ebed7ac\" data-element_type=\"widget\" data-e-type=\"widget\" data-widget_type=\"image.default\">\n\t\t\t\t<div class=\"elementor-widget-container\">\n\t\t\t\t\t\t\t\t\t\t\t\t\t\t\t<img loading=\"lazy\" decoding=\"async\" width=\"1200\" height=\"1600\" src=\"https:\/\/ibiti.com\/wp-content\/uploads\/2024\/11\/eventos-corporativos-06.jpeg\" class=\"attachment-full size-full wp-image-3010\" alt=\"\" srcset=\"https:\/\/ibiti.com\/wp-content\/uploads\/2024\/11\/eventos-corporativos-06.jpeg 1200w, https:\/\/ibiti.com\/wp-content\/uploads\/2024\/11\/eventos-corporativos-06-225x300.jpeg 225w, https:\/\/ibiti.com\/wp-content\/uploads\/2024\/11\/eventos-corporativos-06-768x1024.jpeg 768w, https:\/\/ibiti.com\/wp-content\/uploads\/2024\/11\/eventos-corporativos-06-1152x1536.jpeg 1152w, https:\/\/ibiti.com\/wp-content\/uploads\/2024\/11\/eventos-corporativos-06-9x12.jpeg 9w\" sizes=\"(max-width: 1200px) 100vw, 1200px\" \/>\t\t\t\t\t\t\t\t\t\t\t\t\t\t\t<\/div>\n\t\t\t\t<\/div>\n\t\t\t\t<\/div>\n\t\t<div class=\"elementor-element elementor-element-e21bf72 e-con-full e-flex e-con e-child\" data-id=\"e21bf72\" data-element_type=\"container\" data-e-type=\"container\">\n\t\t\t\t<div class=\"elementor-element elementor-element-fa1335e elementor-widget elementor-widget-image\" data-id=\"fa1335e\" data-element_type=\"widget\" data-e-type=\"widget\" data-widget_type=\"image.default\">\n\t\t\t\t<div class=\"elementor-widget-container\">\n\t\t\t\t\t\t\t\t\t\t\t\t\t\t\t<img loading=\"lazy\" decoding=\"async\" width=\"2008\" height=\"1339\" src=\"https:\/\/ibiti.com\/wp-content\/uploads\/2024\/11\/eventos-corporativos-07.jpg\" class=\"attachment-full size-full wp-image-3011\" alt=\"\" srcset=\"https:\/\/ibiti.com\/wp-content\/uploads\/2024\/11\/eventos-corporativos-07.jpg 2008w, https:\/\/ibiti.com\/wp-content\/uploads\/2024\/11\/eventos-corporativos-07-300x200.jpg 300w, https:\/\/ibiti.com\/wp-content\/uploads\/2024\/11\/eventos-corporativos-07-1024x683.jpg 1024w, https:\/\/ibiti.com\/wp-content\/uploads\/2024\/11\/eventos-corporativos-07-768x512.jpg 768w, https:\/\/ibiti.com\/wp-content\/uploads\/2024\/11\/eventos-corporativos-07-1536x1024.jpg 1536w, https:\/\/ibiti.com\/wp-content\/uploads\/2024\/11\/eventos-corporativos-07-18x12.jpg 18w\" sizes=\"(max-width: 2008px) 100vw, 2008px\" \/>\t\t\t\t\t\t\t\t\t\t\t\t\t\t\t<\/div>\n\t\t\t\t<\/div>\n\t\t\t\t<div class=\"elementor-element elementor-element-9aabe70 elementor-widget elementor-widget-image\" data-id=\"9aabe70\" data-element_type=\"widget\" data-e-type=\"widget\" data-widget_type=\"image.default\">\n\t\t\t\t<div class=\"elementor-widget-container\">\n\t\t\t\t\t\t\t\t\t\t\t\t\t\t\t<img loading=\"lazy\" decoding=\"async\" width=\"1280\" height=\"720\" src=\"https:\/\/ibiti.com\/wp-content\/uploads\/2024\/11\/eventos-corporativos-08.jpeg\" class=\"attachment-full size-full wp-image-3012\" alt=\"\" srcset=\"https:\/\/ibiti.com\/wp-content\/uploads\/2024\/11\/eventos-corporativos-08.jpeg 1280w, https:\/\/ibiti.com\/wp-content\/uploads\/2024\/11\/eventos-corporativos-08-300x169.jpeg 300w, https:\/\/ibiti.com\/wp-content\/uploads\/2024\/11\/eventos-corporativos-08-1024x576.jpeg 1024w, https:\/\/ibiti.com\/wp-content\/uploads\/2024\/11\/eventos-corporativos-08-768x432.jpeg 768w, https:\/\/ibiti.com\/wp-content\/uploads\/2024\/11\/eventos-corporativos-08-18x10.jpeg 18w\" sizes=\"(max-width: 1280px) 100vw, 1280px\" \/>\t\t\t\t\t\t\t\t\t\t\t\t\t\t\t<\/div>\n\t\t\t\t<\/div>\n\t\t\t\t<\/div>\n\t\t\t\t<\/div>\n\t\t\t\t\t<\/div>\n\t\t\t\t<\/div>\n\t\t\t\t<\/div>","protected":false},"excerpt":{"rendered":"<p>Celebrations and events Corporate events In an inspiring setting, unusual spaces to bring out the best in every encounter!<\/p>","protected":false},"author":4,"featured_media":0,"parent":1462,"menu_order":0,"comment_status":"closed","ping_status":"closed","template":"","meta":{"footnotes":""},"class_list":["post-1468","page","type-page","status-publish","hentry"],"yoast_head":"<!-- This site is optimized with the Yoast SEO plugin v27.4 - https:\/\/yoast.com\/product\/yoast-seo-wordpress\/ -->\n<title>Eventos corporativos - IBITI<\/title>\n<meta name=\"robots\" content=\"index, follow, max-snippet:-1, max-image-preview:large, max-video-preview:-1\" \/>\n<link rel=\"canonical\" href=\"https:\/\/ibiti.com\/en\/celebrations-and-events\/corporate-events-2\/\" \/>\n<meta property=\"og:locale\" content=\"en_US\" \/>\n<meta property=\"og:type\" content=\"article\" \/>\n<meta property=\"og:title\" content=\"Eventos corporativos - IBITI\" \/>\n<meta property=\"og:description\" content=\"Celebra\u00e7\u00f5es e eventos Eventos corporativos Em um ambiente inspirador, espa\u00e7os inusitados para trazer o melhor de cada encontro!\" \/>\n<meta property=\"og:url\" content=\"https:\/\/ibiti.com\/en\/celebrations-and-events\/corporate-events-2\/\" \/>\n<meta property=\"og:site_name\" content=\"IBITI\" \/>\n<meta property=\"article:modified_time\" content=\"2024-11-12T16:02:50+00:00\" \/>\n<meta property=\"og:image\" content=\"https:\/\/ibiti.com\/wp-content\/uploads\/2024\/11\/eventos-corporativos-01.jpg\" \/>\n<meta name=\"twitter:card\" content=\"summary_large_image\" \/>\n<meta name=\"twitter:label1\" content=\"Est. reading time\" \/>\n\t<meta name=\"twitter:data1\" content=\"2 minutes\" \/>\n<script type=\"application\/ld+json\" class=\"yoast-schema-graph\">{\"@context\":\"https:\\\/\\\/schema.org\",\"@graph\":[{\"@type\":\"WebPage\",\"@id\":\"https:\\\/\\\/ibiti.com\\\/celebracoes-e-eventos\\\/eventos-corporativos\\\/\",\"url\":\"https:\\\/\\\/ibiti.com\\\/celebracoes-e-eventos\\\/eventos-corporativos\\\/\",\"name\":\"Eventos corporativos - IBITI\",\"isPartOf\":{\"@id\":\"https:\\\/\\\/ibiti.com\\\/#website\"},\"primaryImageOfPage\":{\"@id\":\"https:\\\/\\\/ibiti.com\\\/celebracoes-e-eventos\\\/eventos-corporativos\\\/#primaryimage\"},\"image\":{\"@id\":\"https:\\\/\\\/ibiti.com\\\/celebracoes-e-eventos\\\/eventos-corporativos\\\/#primaryimage\"},\"thumbnailUrl\":\"https:\\\/\\\/ibiti.com\\\/wp-content\\\/uploads\\\/2024\\\/11\\\/eventos-corporativos-01.jpg\",\"datePublished\":\"2024-10-31T15:35:44+00:00\",\"dateModified\":\"2024-11-12T16:02:50+00:00\",\"breadcrumb\":{\"@id\":\"https:\\\/\\\/ibiti.com\\\/celebracoes-e-eventos\\\/eventos-corporativos\\\/#breadcrumb\"},\"inLanguage\":\"en-US\",\"potentialAction\":[{\"@type\":\"ReadAction\",\"target\":[\"https:\\\/\\\/ibiti.com\\\/celebracoes-e-eventos\\\/eventos-corporativos\\\/\"]}]},{\"@type\":\"ImageObject\",\"inLanguage\":\"en-US\",\"@id\":\"https:\\\/\\\/ibiti.com\\\/celebracoes-e-eventos\\\/eventos-corporativos\\\/#primaryimage\",\"url\":\"https:\\\/\\\/ibiti.com\\\/wp-content\\\/uploads\\\/2024\\\/11\\\/eventos-corporativos-01.jpg\",\"contentUrl\":\"https:\\\/\\\/ibiti.com\\\/wp-content\\\/uploads\\\/2024\\\/11\\\/eventos-corporativos-01.jpg\"},{\"@type\":\"BreadcrumbList\",\"@id\":\"https:\\\/\\\/ibiti.com\\\/celebracoes-e-eventos\\\/eventos-corporativos\\\/#breadcrumb\",\"itemListElement\":[{\"@type\":\"ListItem\",\"position\":1,\"name\":\"Celebra\u00e7\u00f5es e eventos\",\"item\":\"https:\\\/\\\/ibiti.com\\\/celebracoes-e-eventos\\\/\"},{\"@type\":\"ListItem\",\"position\":2,\"name\":\"Eventos corporativos\"}]},{\"@type\":\"WebSite\",\"@id\":\"https:\\\/\\\/ibiti.com\\\/#website\",\"url\":\"https:\\\/\\\/ibiti.com\\\/\",\"name\":\"IBITI\",\"description\":\"Somos um projeto socioambiental experimental focado no homem e sua casa, o planeta.  Somos um novo mundo nas montanhas de Minas.  Acreditamos na harmonia entre o ser humano e a natureza.\",\"publisher\":{\"@id\":\"https:\\\/\\\/ibiti.com\\\/#organization\"},\"potentialAction\":[{\"@type\":\"SearchAction\",\"target\":{\"@type\":\"EntryPoint\",\"urlTemplate\":\"https:\\\/\\\/ibiti.com\\\/?s={search_term_string}\"},\"query-input\":{\"@type\":\"PropertyValueSpecification\",\"valueRequired\":true,\"valueName\":\"search_term_string\"}}],\"inLanguage\":\"en-US\"},{\"@type\":\"Organization\",\"@id\":\"https:\\\/\\\/ibiti.com\\\/#organization\",\"name\":\"IBITI\",\"url\":\"https:\\\/\\\/ibiti.com\\\/\",\"logo\":{\"@type\":\"ImageObject\",\"inLanguage\":\"en-US\",\"@id\":\"https:\\\/\\\/ibiti.com\\\/#\\\/schema\\\/logo\\\/image\\\/\",\"url\":\"https:\\\/\\\/ibiti.com\\\/wp-content\\\/uploads\\\/2024\\\/10\\\/ibiti-logo-default.svg\",\"contentUrl\":\"https:\\\/\\\/ibiti.com\\\/wp-content\\\/uploads\\\/2024\\\/10\\\/ibiti-logo-default.svg\",\"width\":80,\"height\":54,\"caption\":\"IBITI\"},\"image\":{\"@id\":\"https:\\\/\\\/ibiti.com\\\/#\\\/schema\\\/logo\\\/image\\\/\"}}]}<\/script>\n<!-- \/ Yoast SEO plugin. -->","yoast_head_json":{"title":"Corporate events - IBITI","robots":{"index":"index","follow":"follow","max-snippet":"max-snippet:-1","max-image-preview":"max-image-preview:large","max-video-preview":"max-video-preview:-1"},"canonical":"https:\/\/ibiti.com\/en\/celebrations-and-events\/corporate-events-2\/","og_locale":"en_US","og_type":"article","og_title":"Eventos corporativos - IBITI","og_description":"Celebra\u00e7\u00f5es e eventos Eventos corporativos Em um ambiente inspirador, espa\u00e7os inusitados para trazer o melhor de cada encontro!","og_url":"https:\/\/ibiti.com\/en\/celebrations-and-events\/corporate-events-2\/","og_site_name":"IBITI","article_modified_time":"2024-11-12T16:02:50+00:00","og_image":[{"url":"https:\/\/ibiti.com\/wp-content\/uploads\/2024\/11\/eventos-corporativos-01.jpg","type":"","width":"","height":""}],"twitter_card":"summary_large_image","twitter_misc":{"Est. reading time":"2 minutes"},"schema":{"@context":"https:\/\/schema.org","@graph":[{"@type":"WebPage","@id":"https:\/\/ibiti.com\/celebracoes-e-eventos\/eventos-corporativos\/","url":"https:\/\/ibiti.com\/celebracoes-e-eventos\/eventos-corporativos\/","name":"Corporate events - IBITI","isPartOf":{"@id":"https:\/\/ibiti.com\/#website"},"primaryImageOfPage":{"@id":"https:\/\/ibiti.com\/celebracoes-e-eventos\/eventos-corporativos\/#primaryimage"},"image":{"@id":"https:\/\/ibiti.com\/celebracoes-e-eventos\/eventos-corporativos\/#primaryimage"},"thumbnailUrl":"https:\/\/ibiti.com\/wp-content\/uploads\/2024\/11\/eventos-corporativos-01.jpg","datePublished":"2024-10-31T15:35:44+00:00","dateModified":"2024-11-12T16:02:50+00:00","breadcrumb":{"@id":"https:\/\/ibiti.com\/celebracoes-e-eventos\/eventos-corporativos\/#breadcrumb"},"inLanguage":"en-US","potentialAction":[{"@type":"ReadAction","target":["https:\/\/ibiti.com\/celebracoes-e-eventos\/eventos-corporativos\/"]}]},{"@type":"ImageObject","inLanguage":"en-US","@id":"https:\/\/ibiti.com\/celebracoes-e-eventos\/eventos-corporativos\/#primaryimage","url":"https:\/\/ibiti.com\/wp-content\/uploads\/2024\/11\/eventos-corporativos-01.jpg","contentUrl":"https:\/\/ibiti.com\/wp-content\/uploads\/2024\/11\/eventos-corporativos-01.jpg"},{"@type":"BreadcrumbList","@id":"https:\/\/ibiti.com\/celebracoes-e-eventos\/eventos-corporativos\/#breadcrumb","itemListElement":[{"@type":"ListItem","position":1,"name":"Celebra\u00e7\u00f5es e eventos","item":"https:\/\/ibiti.com\/celebracoes-e-eventos\/"},{"@type":"ListItem","position":2,"name":"Eventos corporativos"}]},{"@type":"WebSite","@id":"https:\/\/ibiti.com\/#website","url":"https:\/\/ibiti.com\/","name":"IBITI","description":"We are an experimental socio-environmental project focused on man and his home, the planet.  We are a new world in the mountains of Minas Gerais.  We believe in harmony between human beings and nature.","publisher":{"@id":"https:\/\/ibiti.com\/#organization"},"potentialAction":[{"@type":"SearchAction","target":{"@type":"EntryPoint","urlTemplate":"https:\/\/ibiti.com\/?s={search_term_string}"},"query-input":{"@type":"PropertyValueSpecification","valueRequired":true,"valueName":"search_term_string"}}],"inLanguage":"en-US"},{"@type":"Organization","@id":"https:\/\/ibiti.com\/#organization","name":"IBITI","url":"https:\/\/ibiti.com\/","logo":{"@type":"ImageObject","inLanguage":"en-US","@id":"https:\/\/ibiti.com\/#\/schema\/logo\/image\/","url":"https:\/\/ibiti.com\/wp-content\/uploads\/2024\/10\/ibiti-logo-default.svg","contentUrl":"https:\/\/ibiti.com\/wp-content\/uploads\/2024\/10\/ibiti-logo-default.svg","width":80,"height":54,"caption":"IBITI"},"image":{"@id":"https:\/\/ibiti.com\/#\/schema\/logo\/image\/"}}]}},"jetpack_sharing_enabled":true,"_links":{"self":[{"href":"https:\/\/ibiti.com\/en\/wp-json\/wp\/v2\/pages\/1468","targetHints":{"allow":["GET"]}}],"collection":[{"href":"https:\/\/ibiti.com\/en\/wp-json\/wp\/v2\/pages"}],"about":[{"href":"https:\/\/ibiti.com\/en\/wp-json\/wp\/v2\/types\/page"}],"author":[{"embeddable":true,"href":"https:\/\/ibiti.com\/en\/wp-json\/wp\/v2\/users\/4"}],"replies":[{"embeddable":true,"href":"https:\/\/ibiti.com\/en\/wp-json\/wp\/v2\/comments?post=1468"}],"version-history":[{"count":0,"href":"https:\/\/ibiti.com\/en\/wp-json\/wp\/v2\/pages\/1468\/revisions"}],"up":[{"embeddable":true,"href":"https:\/\/ibiti.com\/en\/wp-json\/wp\/v2\/pages\/1462"}],"wp:attachment":[{"href":"https:\/\/ibiti.com\/en\/wp-json\/wp\/v2\/media?parent=1468"}],"curies":[{"name":"wp","href":"https:\/\/api.w.org\/{rel}","templated":true}]}}