{"id":1466,"date":"2024-10-31T15:35:30","date_gmt":"2024-10-31T15:35:30","guid":{"rendered":"https:\/\/ibiti.com\/?page_id=1466"},"modified":"2024-11-12T15:56:31","modified_gmt":"2024-11-12T15:56:31","slug":"comemoracoes-em-grupo","status":"publish","type":"page","link":"https:\/\/ibiti.com\/en\/celebrations-and-events\/group-celebrations-2\/","title":{"rendered":"Group gatherings"},"content":{"rendered":"<div data-elementor-type=\"wp-page\" data-elementor-id=\"1466\" class=\"elementor elementor-1466\" data-elementor-post-type=\"page\">\n\t\t\t\t<div class=\"elementor-element elementor-element-fba1207 e-flex e-con-boxed e-con e-parent\" data-id=\"fba1207\" data-element_type=\"container\" data-e-type=\"container\">\n\t\t\t\t\t<div class=\"e-con-inner\">\n\t\t\t\t<div class=\"elementor-element elementor-element-e89584f link-sem-estilo elementor-widget elementor-widget-heading\" data-id=\"e89584f\" data-element_type=\"widget\" data-e-type=\"widget\" data-widget_type=\"heading.default\">\n\t\t\t\t<div class=\"elementor-widget-container\">\n\t\t\t\t\t<span class=\"elementor-heading-title elementor-size-default\"><a href=\"https:\/\/ibiti.com\/en\/celebrations-and-events\/\">Celebrations and events<\/a><\/span>\t\t\t\t<\/div>\n\t\t\t\t<\/div>\n\t\t\t\t<div class=\"elementor-element elementor-element-7e3c22d width-920 elementor-widget elementor-widget-heading\" data-id=\"7e3c22d\" data-element_type=\"widget\" data-e-type=\"widget\" data-widget_type=\"heading.default\">\n\t\t\t\t<div class=\"elementor-widget-container\">\n\t\t\t\t\t<h1 class=\"elementor-heading-title elementor-size-default\"><span class=\"destaque-texto\">Group gatherings<span><\/h1>\t\t\t\t<\/div>\n\t\t\t\t<\/div>\n\t\t\t\t<div class=\"elementor-element elementor-element-aff5647 width-920 elementor-widget elementor-widget-text-editor\" data-id=\"aff5647\" data-element_type=\"widget\" data-e-type=\"widget\" data-widget_type=\"text-editor.default\">\n\t\t\t\t<div class=\"elementor-widget-container\">\n\t\t\t\t\t\t\t\t\t<p>A group trip to celebrate life, a charming wedding in nature, count on our team and special settings to delight all guests!<\/p>\t\t\t\t\t\t\t\t<\/div>\n\t\t\t\t<\/div>\n\t\t\t\t\t<\/div>\n\t\t\t\t<\/div>\n\t\t<div class=\"elementor-element elementor-element-9a29b1e e-flex e-con-boxed e-con e-parent\" data-id=\"9a29b1e\" data-element_type=\"container\" data-e-type=\"container\">\n\t\t\t\t\t<div class=\"e-con-inner\">\n\t\t\t\t<div class=\"elementor-element elementor-element-ce464fe elementor-widget elementor-widget-heading\" data-id=\"ce464fe\" data-element_type=\"widget\" data-e-type=\"widget\" data-widget_type=\"heading.default\">\n\t\t\t\t<div class=\"elementor-widget-container\">\n\t\t\t\t\t<h2 class=\"elementor-heading-title elementor-size-default\">Ibiti Village<\/h2>\t\t\t\t<\/div>\n\t\t\t\t<\/div>\n\t\t\t\t<div class=\"elementor-element elementor-element-6f659d6 elementor-widget elementor-widget-image\" data-id=\"6f659d6\" data-element_type=\"widget\" data-e-type=\"widget\" data-widget_type=\"image.default\">\n\t\t\t\t<div class=\"elementor-widget-container\">\n\t\t\t\t\t\t\t\t\t\t\t\t\t\t\t<img fetchpriority=\"high\" decoding=\"async\" width=\"1280\" height=\"852\" src=\"https:\/\/ibiti.com\/wp-content\/uploads\/2024\/11\/casamento-ibiti-village-01.jpeg\" class=\"attachment-full size-full wp-image-2990\" alt=\"\" srcset=\"https:\/\/ibiti.com\/wp-content\/uploads\/2024\/11\/casamento-ibiti-village-01.jpeg 1280w, https:\/\/ibiti.com\/wp-content\/uploads\/2024\/11\/casamento-ibiti-village-01-300x200.jpeg 300w, https:\/\/ibiti.com\/wp-content\/uploads\/2024\/11\/casamento-ibiti-village-01-1024x682.jpeg 1024w, https:\/\/ibiti.com\/wp-content\/uploads\/2024\/11\/casamento-ibiti-village-01-768x511.jpeg 768w, https:\/\/ibiti.com\/wp-content\/uploads\/2024\/11\/casamento-ibiti-village-01-18x12.jpeg 18w\" sizes=\"(max-width: 1280px) 100vw, 1280px\" \/>\t\t\t\t\t\t\t\t\t\t\t\t\t\t\t<\/div>\n\t\t\t\t<\/div>\n\t\t<div class=\"elementor-element elementor-element-1a5ecff e-con-full e-flex e-con e-child\" data-id=\"1a5ecff\" data-element_type=\"container\" data-e-type=\"container\">\n\t\t<div class=\"elementor-element elementor-element-13d1ac5 e-con-full e-flex e-con e-child\" data-id=\"13d1ac5\" data-element_type=\"container\" data-e-type=\"container\">\n\t\t\t\t<div class=\"elementor-element elementor-element-e66c99b elementor-widget elementor-widget-image\" data-id=\"e66c99b\" data-element_type=\"widget\" data-e-type=\"widget\" data-widget_type=\"image.default\">\n\t\t\t\t<div class=\"elementor-widget-container\">\n\t\t\t\t\t\t\t\t\t\t\t\t\t\t\t<img decoding=\"async\" width=\"852\" height=\"1280\" src=\"https:\/\/ibiti.com\/wp-content\/uploads\/2024\/11\/casamento-ibiti-village-03.jpeg\" class=\"attachment-full size-full wp-image-2992\" alt=\"\" srcset=\"https:\/\/ibiti.com\/wp-content\/uploads\/2024\/11\/casamento-ibiti-village-03.jpeg 852w, https:\/\/ibiti.com\/wp-content\/uploads\/2024\/11\/casamento-ibiti-village-03-200x300.jpeg 200w, https:\/\/ibiti.com\/wp-content\/uploads\/2024\/11\/casamento-ibiti-village-03-682x1024.jpeg 682w, https:\/\/ibiti.com\/wp-content\/uploads\/2024\/11\/casamento-ibiti-village-03-768x1154.jpeg 768w, https:\/\/ibiti.com\/wp-content\/uploads\/2024\/11\/casamento-ibiti-village-03-8x12.jpeg 8w\" sizes=\"(max-width: 852px) 100vw, 852px\" \/>\t\t\t\t\t\t\t\t\t\t\t\t\t\t\t<\/div>\n\t\t\t\t<\/div>\n\t\t\t\t<\/div>\n\t\t<div class=\"elementor-element elementor-element-3466cf9 e-con-full e-flex e-con e-child\" data-id=\"3466cf9\" data-element_type=\"container\" data-e-type=\"container\">\n\t\t\t\t<div class=\"elementor-element elementor-element-0742a9a elementor-widget elementor-widget-image\" data-id=\"0742a9a\" data-element_type=\"widget\" data-e-type=\"widget\" data-widget_type=\"image.default\">\n\t\t\t\t<div class=\"elementor-widget-container\">\n\t\t\t\t\t\t\t\t\t\t\t\t\t\t\t<img decoding=\"async\" width=\"1280\" height=\"852\" src=\"https:\/\/ibiti.com\/wp-content\/uploads\/2024\/11\/casamento-ibiti-village-02.jpeg\" class=\"attachment-full size-full wp-image-2991\" alt=\"\" srcset=\"https:\/\/ibiti.com\/wp-content\/uploads\/2024\/11\/casamento-ibiti-village-02.jpeg 1280w, https:\/\/ibiti.com\/wp-content\/uploads\/2024\/11\/casamento-ibiti-village-02-300x200.jpeg 300w, https:\/\/ibiti.com\/wp-content\/uploads\/2024\/11\/casamento-ibiti-village-02-1024x682.jpeg 1024w, https:\/\/ibiti.com\/wp-content\/uploads\/2024\/11\/casamento-ibiti-village-02-768x511.jpeg 768w, https:\/\/ibiti.com\/wp-content\/uploads\/2024\/11\/casamento-ibiti-village-02-18x12.jpeg 18w\" sizes=\"(max-width: 1280px) 100vw, 1280px\" \/>\t\t\t\t\t\t\t\t\t\t\t\t\t\t\t<\/div>\n\t\t\t\t<\/div>\n\t\t\t\t<div class=\"elementor-element elementor-element-f9f1f19 elementor-widget elementor-widget-image\" data-id=\"f9f1f19\" data-element_type=\"widget\" data-e-type=\"widget\" data-widget_type=\"image.default\">\n\t\t\t\t<div class=\"elementor-widget-container\">\n\t\t\t\t\t\t\t\t\t\t\t\t\t\t\t<img loading=\"lazy\" decoding=\"async\" width=\"854\" height=\"586\" src=\"https:\/\/ibiti.com\/wp-content\/uploads\/2024\/11\/casamento-ibiti-village-04.jpeg\" class=\"attachment-full size-full wp-image-2993\" alt=\"\" srcset=\"https:\/\/ibiti.com\/wp-content\/uploads\/2024\/11\/casamento-ibiti-village-04.jpeg 854w, https:\/\/ibiti.com\/wp-content\/uploads\/2024\/11\/casamento-ibiti-village-04-300x206.jpeg 300w, https:\/\/ibiti.com\/wp-content\/uploads\/2024\/11\/casamento-ibiti-village-04-768x527.jpeg 768w, https:\/\/ibiti.com\/wp-content\/uploads\/2024\/11\/casamento-ibiti-village-04-18x12.jpeg 18w\" sizes=\"(max-width: 854px) 100vw, 854px\" \/>\t\t\t\t\t\t\t\t\t\t\t\t\t\t\t<\/div>\n\t\t\t\t<\/div>\n\t\t\t\t<\/div>\n\t\t\t\t<\/div>\n\t\t\t\t<div class=\"elementor-element elementor-element-0f2d57e elementor-widget elementor-widget-image\" data-id=\"0f2d57e\" data-element_type=\"widget\" data-e-type=\"widget\" data-widget_type=\"image.default\">\n\t\t\t\t<div class=\"elementor-widget-container\">\n\t\t\t\t\t\t\t\t\t\t\t\t\t\t\t<img loading=\"lazy\" decoding=\"async\" width=\"2464\" height=\"1645\" src=\"https:\/\/ibiti.com\/wp-content\/uploads\/2024\/11\/casamento-ibiti-village-05.jpg\" class=\"attachment-full size-full wp-image-2994\" alt=\"\" srcset=\"https:\/\/ibiti.com\/wp-content\/uploads\/2024\/11\/casamento-ibiti-village-05.jpg 2464w, https:\/\/ibiti.com\/wp-content\/uploads\/2024\/11\/casamento-ibiti-village-05-300x200.jpg 300w, https:\/\/ibiti.com\/wp-content\/uploads\/2024\/11\/casamento-ibiti-village-05-1024x684.jpg 1024w, https:\/\/ibiti.com\/wp-content\/uploads\/2024\/11\/casamento-ibiti-village-05-768x513.jpg 768w, https:\/\/ibiti.com\/wp-content\/uploads\/2024\/11\/casamento-ibiti-village-05-1536x1025.jpg 1536w, https:\/\/ibiti.com\/wp-content\/uploads\/2024\/11\/casamento-ibiti-village-05-2048x1367.jpg 2048w, https:\/\/ibiti.com\/wp-content\/uploads\/2024\/11\/casamento-ibiti-village-05-18x12.jpg 18w\" sizes=\"(max-width: 2464px) 100vw, 2464px\" \/>\t\t\t\t\t\t\t\t\t\t\t\t\t\t\t<\/div>\n\t\t\t\t<\/div>\n\t\t\t\t\t<\/div>\n\t\t\t\t<\/div>\n\t\t<div class=\"elementor-element elementor-element-7503e7e e-flex e-con-boxed e-con e-parent\" data-id=\"7503e7e\" data-element_type=\"container\" data-e-type=\"container\">\n\t\t\t\t\t<div class=\"e-con-inner\">\n\t\t\t\t<div class=\"elementor-element elementor-element-a772a02 elementor-widget elementor-widget-heading\" data-id=\"a772a02\" data-element_type=\"widget\" data-e-type=\"widget\" data-widget_type=\"heading.default\">\n\t\t\t\t<div class=\"elementor-widget-container\">\n\t\t\t\t\t<h2 class=\"elementor-heading-title elementor-size-default\">Engenho Lodge<\/h2>\t\t\t\t<\/div>\n\t\t\t\t<\/div>\n\t\t\t\t<div class=\"elementor-element elementor-element-ddd2a21 elementor-widget elementor-widget-image\" data-id=\"ddd2a21\" data-element_type=\"widget\" data-e-type=\"widget\" data-widget_type=\"image.default\">\n\t\t\t\t<div class=\"elementor-widget-container\">\n\t\t\t\t\t\t\t\t\t\t\t\t\t\t\t<img loading=\"lazy\" decoding=\"async\" width=\"960\" height=\"640\" src=\"https:\/\/ibiti.com\/wp-content\/uploads\/2024\/11\/comemoracao-engenho-lodge-01.jpg\" class=\"attachment-full size-full wp-image-2995\" alt=\"\" srcset=\"https:\/\/ibiti.com\/wp-content\/uploads\/2024\/11\/comemoracao-engenho-lodge-01.jpg 960w, https:\/\/ibiti.com\/wp-content\/uploads\/2024\/11\/comemoracao-engenho-lodge-01-300x200.jpg 300w, https:\/\/ibiti.com\/wp-content\/uploads\/2024\/11\/comemoracao-engenho-lodge-01-768x512.jpg 768w, https:\/\/ibiti.com\/wp-content\/uploads\/2024\/11\/comemoracao-engenho-lodge-01-18x12.jpg 18w\" sizes=\"(max-width: 960px) 100vw, 960px\" \/>\t\t\t\t\t\t\t\t\t\t\t\t\t\t\t<\/div>\n\t\t\t\t<\/div>\n\t\t<div class=\"elementor-element elementor-element-ff16890 e-con-full e-flex e-con e-child\" data-id=\"ff16890\" data-element_type=\"container\" data-e-type=\"container\">\n\t\t<div class=\"elementor-element elementor-element-e2f3c38 e-con-full e-flex e-con e-child\" data-id=\"e2f3c38\" data-element_type=\"container\" data-e-type=\"container\">\n\t\t\t\t<div class=\"elementor-element elementor-element-e81363e elementor-widget elementor-widget-image\" data-id=\"e81363e\" data-element_type=\"widget\" data-e-type=\"widget\" data-widget_type=\"image.default\">\n\t\t\t\t<div class=\"elementor-widget-container\">\n\t\t\t\t\t\t\t\t\t\t\t\t\t\t\t<img loading=\"lazy\" decoding=\"async\" width=\"640\" height=\"960\" src=\"https:\/\/ibiti.com\/wp-content\/uploads\/2024\/11\/comemoracao-engenho-lodge-02.jpeg\" class=\"attachment-full size-full wp-image-2996\" alt=\"\" srcset=\"https:\/\/ibiti.com\/wp-content\/uploads\/2024\/11\/comemoracao-engenho-lodge-02.jpeg 640w, https:\/\/ibiti.com\/wp-content\/uploads\/2024\/11\/comemoracao-engenho-lodge-02-200x300.jpeg 200w, https:\/\/ibiti.com\/wp-content\/uploads\/2024\/11\/comemoracao-engenho-lodge-02-8x12.jpeg 8w\" sizes=\"(max-width: 640px) 100vw, 640px\" \/>\t\t\t\t\t\t\t\t\t\t\t\t\t\t\t<\/div>\n\t\t\t\t<\/div>\n\t\t\t\t<\/div>\n\t\t<div class=\"elementor-element elementor-element-afbc9f4 e-con-full e-flex e-con e-child\" data-id=\"afbc9f4\" data-element_type=\"container\" data-e-type=\"container\">\n\t\t\t\t<div class=\"elementor-element elementor-element-57f6862 elementor-widget elementor-widget-image\" data-id=\"57f6862\" data-element_type=\"widget\" data-e-type=\"widget\" data-widget_type=\"image.default\">\n\t\t\t\t<div class=\"elementor-widget-container\">\n\t\t\t\t\t\t\t\t\t\t\t\t\t\t\t<img loading=\"lazy\" decoding=\"async\" width=\"853\" height=\"1280\" src=\"https:\/\/ibiti.com\/wp-content\/uploads\/2024\/11\/comemoracao-engenho-lodge-03.jpeg\" class=\"attachment-full size-full wp-image-2997\" alt=\"\" srcset=\"https:\/\/ibiti.com\/wp-content\/uploads\/2024\/11\/comemoracao-engenho-lodge-03.jpeg 853w, https:\/\/ibiti.com\/wp-content\/uploads\/2024\/11\/comemoracao-engenho-lodge-03-200x300.jpeg 200w, https:\/\/ibiti.com\/wp-content\/uploads\/2024\/11\/comemoracao-engenho-lodge-03-682x1024.jpeg 682w, https:\/\/ibiti.com\/wp-content\/uploads\/2024\/11\/comemoracao-engenho-lodge-03-768x1152.jpeg 768w, https:\/\/ibiti.com\/wp-content\/uploads\/2024\/11\/comemoracao-engenho-lodge-03-8x12.jpeg 8w\" sizes=\"(max-width: 853px) 100vw, 853px\" \/>\t\t\t\t\t\t\t\t\t\t\t\t\t\t\t<\/div>\n\t\t\t\t<\/div>\n\t\t\t\t<\/div>\n\t\t\t\t<\/div>\n\t\t\t\t\t<\/div>\n\t\t\t\t<\/div>\n\t\t\t\t<\/div>","protected":false},"excerpt":{"rendered":"<p>Celebrations and events Group celebrations A group trip to celebrate life, a charming wedding in nature, count on our team and special settings to delight all the guests! Ibiti Village Engenho Lodge<\/p>","protected":false},"author":4,"featured_media":0,"parent":1462,"menu_order":0,"comment_status":"closed","ping_status":"closed","template":"","meta":{"footnotes":""},"class_list":["post-1466","page","type-page","status-publish","hentry"],"yoast_head":"<!-- This site is optimized with the Yoast SEO plugin v27.4 - https:\/\/yoast.com\/product\/yoast-seo-wordpress\/ -->\n<title>Comemora\u00e7\u00f5es em grupo - IBITI<\/title>\n<meta name=\"robots\" content=\"index, follow, max-snippet:-1, max-image-preview:large, max-video-preview:-1\" \/>\n<link rel=\"canonical\" href=\"https:\/\/ibiti.com\/en\/celebrations-and-events\/group-celebrations-2\/\" \/>\n<meta property=\"og:locale\" content=\"en_US\" \/>\n<meta property=\"og:type\" content=\"article\" \/>\n<meta property=\"og:title\" content=\"Comemora\u00e7\u00f5es em grupo - IBITI\" \/>\n<meta property=\"og:description\" content=\"Celebra\u00e7\u00f5es e eventos Comemora\u00e7\u00f5es em grupo Uma viagem em grupo para celebrar a vida, um charmoso casamento na natureza, conte com a nossa equipe e cen\u00e1rios especiais para encantar todos os convidados! Ibiti Village Engenho Lodge\" \/>\n<meta property=\"og:url\" content=\"https:\/\/ibiti.com\/en\/celebrations-and-events\/group-celebrations-2\/\" \/>\n<meta property=\"og:site_name\" content=\"IBITI\" \/>\n<meta property=\"article:modified_time\" content=\"2024-11-12T15:56:31+00:00\" \/>\n<meta property=\"og:image\" content=\"https:\/\/ibiti.com\/wp-content\/uploads\/2024\/11\/casamento-ibiti-village-01.jpeg\" \/>\n<meta name=\"twitter:card\" content=\"summary_large_image\" \/>\n<meta name=\"twitter:label1\" content=\"Est. reading time\" \/>\n\t<meta name=\"twitter:data1\" content=\"2 minutes\" \/>\n<script type=\"application\/ld+json\" class=\"yoast-schema-graph\">{\"@context\":\"https:\\\/\\\/schema.org\",\"@graph\":[{\"@type\":\"WebPage\",\"@id\":\"https:\\\/\\\/ibiti.com\\\/celebracoes-e-eventos\\\/comemoracoes-em-grupo\\\/\",\"url\":\"https:\\\/\\\/ibiti.com\\\/celebracoes-e-eventos\\\/comemoracoes-em-grupo\\\/\",\"name\":\"Comemora\u00e7\u00f5es em grupo - IBITI\",\"isPartOf\":{\"@id\":\"https:\\\/\\\/ibiti.com\\\/#website\"},\"primaryImageOfPage\":{\"@id\":\"https:\\\/\\\/ibiti.com\\\/celebracoes-e-eventos\\\/comemoracoes-em-grupo\\\/#primaryimage\"},\"image\":{\"@id\":\"https:\\\/\\\/ibiti.com\\\/celebracoes-e-eventos\\\/comemoracoes-em-grupo\\\/#primaryimage\"},\"thumbnailUrl\":\"https:\\\/\\\/ibiti.com\\\/wp-content\\\/uploads\\\/2024\\\/11\\\/casamento-ibiti-village-01.jpeg\",\"datePublished\":\"2024-10-31T15:35:30+00:00\",\"dateModified\":\"2024-11-12T15:56:31+00:00\",\"breadcrumb\":{\"@id\":\"https:\\\/\\\/ibiti.com\\\/celebracoes-e-eventos\\\/comemoracoes-em-grupo\\\/#breadcrumb\"},\"inLanguage\":\"en-US\",\"potentialAction\":[{\"@type\":\"ReadAction\",\"target\":[\"https:\\\/\\\/ibiti.com\\\/celebracoes-e-eventos\\\/comemoracoes-em-grupo\\\/\"]}]},{\"@type\":\"ImageObject\",\"inLanguage\":\"en-US\",\"@id\":\"https:\\\/\\\/ibiti.com\\\/celebracoes-e-eventos\\\/comemoracoes-em-grupo\\\/#primaryimage\",\"url\":\"https:\\\/\\\/ibiti.com\\\/wp-content\\\/uploads\\\/2024\\\/11\\\/casamento-ibiti-village-01.jpeg\",\"contentUrl\":\"https:\\\/\\\/ibiti.com\\\/wp-content\\\/uploads\\\/2024\\\/11\\\/casamento-ibiti-village-01.jpeg\"},{\"@type\":\"BreadcrumbList\",\"@id\":\"https:\\\/\\\/ibiti.com\\\/celebracoes-e-eventos\\\/comemoracoes-em-grupo\\\/#breadcrumb\",\"itemListElement\":[{\"@type\":\"ListItem\",\"position\":1,\"name\":\"Celebra\u00e7\u00f5es e eventos\",\"item\":\"https:\\\/\\\/ibiti.com\\\/celebracoes-e-eventos\\\/\"},{\"@type\":\"ListItem\",\"position\":2,\"name\":\"Comemora\u00e7\u00f5es em grupo\"}]},{\"@type\":\"WebSite\",\"@id\":\"https:\\\/\\\/ibiti.com\\\/#website\",\"url\":\"https:\\\/\\\/ibiti.com\\\/\",\"name\":\"IBITI\",\"description\":\"Somos um projeto socioambiental experimental focado no homem e sua casa, o planeta.  Somos um novo mundo nas montanhas de Minas.  Acreditamos na harmonia entre o ser humano e a natureza.\",\"publisher\":{\"@id\":\"https:\\\/\\\/ibiti.com\\\/#organization\"},\"potentialAction\":[{\"@type\":\"SearchAction\",\"target\":{\"@type\":\"EntryPoint\",\"urlTemplate\":\"https:\\\/\\\/ibiti.com\\\/?s={search_term_string}\"},\"query-input\":{\"@type\":\"PropertyValueSpecification\",\"valueRequired\":true,\"valueName\":\"search_term_string\"}}],\"inLanguage\":\"en-US\"},{\"@type\":\"Organization\",\"@id\":\"https:\\\/\\\/ibiti.com\\\/#organization\",\"name\":\"IBITI\",\"url\":\"https:\\\/\\\/ibiti.com\\\/\",\"logo\":{\"@type\":\"ImageObject\",\"inLanguage\":\"en-US\",\"@id\":\"https:\\\/\\\/ibiti.com\\\/#\\\/schema\\\/logo\\\/image\\\/\",\"url\":\"https:\\\/\\\/ibiti.com\\\/wp-content\\\/uploads\\\/2024\\\/10\\\/ibiti-logo-default.svg\",\"contentUrl\":\"https:\\\/\\\/ibiti.com\\\/wp-content\\\/uploads\\\/2024\\\/10\\\/ibiti-logo-default.svg\",\"width\":80,\"height\":54,\"caption\":\"IBITI\"},\"image\":{\"@id\":\"https:\\\/\\\/ibiti.com\\\/#\\\/schema\\\/logo\\\/image\\\/\"}}]}<\/script>\n<!-- \/ Yoast SEO plugin. -->","yoast_head_json":{"title":"Group gatherings - IBITI","robots":{"index":"index","follow":"follow","max-snippet":"max-snippet:-1","max-image-preview":"max-image-preview:large","max-video-preview":"max-video-preview:-1"},"canonical":"https:\/\/ibiti.com\/en\/celebrations-and-events\/group-celebrations-2\/","og_locale":"en_US","og_type":"article","og_title":"Comemora\u00e7\u00f5es em grupo - IBITI","og_description":"Celebra\u00e7\u00f5es e eventos Comemora\u00e7\u00f5es em grupo Uma viagem em grupo para celebrar a vida, um charmoso casamento na natureza, conte com a nossa equipe e cen\u00e1rios especiais para encantar todos os convidados! Ibiti Village Engenho Lodge","og_url":"https:\/\/ibiti.com\/en\/celebrations-and-events\/group-celebrations-2\/","og_site_name":"IBITI","article_modified_time":"2024-11-12T15:56:31+00:00","og_image":[{"url":"https:\/\/ibiti.com\/wp-content\/uploads\/2024\/11\/casamento-ibiti-village-01.jpeg","type":"","width":"","height":""}],"twitter_card":"summary_large_image","twitter_misc":{"Est. reading time":"2 minutes"},"schema":{"@context":"https:\/\/schema.org","@graph":[{"@type":"WebPage","@id":"https:\/\/ibiti.com\/celebracoes-e-eventos\/comemoracoes-em-grupo\/","url":"https:\/\/ibiti.com\/celebracoes-e-eventos\/comemoracoes-em-grupo\/","name":"Group gatherings - IBITI","isPartOf":{"@id":"https:\/\/ibiti.com\/#website"},"primaryImageOfPage":{"@id":"https:\/\/ibiti.com\/celebracoes-e-eventos\/comemoracoes-em-grupo\/#primaryimage"},"image":{"@id":"https:\/\/ibiti.com\/celebracoes-e-eventos\/comemoracoes-em-grupo\/#primaryimage"},"thumbnailUrl":"https:\/\/ibiti.com\/wp-content\/uploads\/2024\/11\/casamento-ibiti-village-01.jpeg","datePublished":"2024-10-31T15:35:30+00:00","dateModified":"2024-11-12T15:56:31+00:00","breadcrumb":{"@id":"https:\/\/ibiti.com\/celebracoes-e-eventos\/comemoracoes-em-grupo\/#breadcrumb"},"inLanguage":"en-US","potentialAction":[{"@type":"ReadAction","target":["https:\/\/ibiti.com\/celebracoes-e-eventos\/comemoracoes-em-grupo\/"]}]},{"@type":"ImageObject","inLanguage":"en-US","@id":"https:\/\/ibiti.com\/celebracoes-e-eventos\/comemoracoes-em-grupo\/#primaryimage","url":"https:\/\/ibiti.com\/wp-content\/uploads\/2024\/11\/casamento-ibiti-village-01.jpeg","contentUrl":"https:\/\/ibiti.com\/wp-content\/uploads\/2024\/11\/casamento-ibiti-village-01.jpeg"},{"@type":"BreadcrumbList","@id":"https:\/\/ibiti.com\/celebracoes-e-eventos\/comemoracoes-em-grupo\/#breadcrumb","itemListElement":[{"@type":"ListItem","position":1,"name":"Celebra\u00e7\u00f5es e eventos","item":"https:\/\/ibiti.com\/celebracoes-e-eventos\/"},{"@type":"ListItem","position":2,"name":"Comemora\u00e7\u00f5es em grupo"}]},{"@type":"WebSite","@id":"https:\/\/ibiti.com\/#website","url":"https:\/\/ibiti.com\/","name":"IBITI","description":"We are an experimental socio-environmental project focused on man and his home, the planet.  We are a new world in the mountains of Minas Gerais.  We believe in harmony between human beings and nature.","publisher":{"@id":"https:\/\/ibiti.com\/#organization"},"potentialAction":[{"@type":"SearchAction","target":{"@type":"EntryPoint","urlTemplate":"https:\/\/ibiti.com\/?s={search_term_string}"},"query-input":{"@type":"PropertyValueSpecification","valueRequired":true,"valueName":"search_term_string"}}],"inLanguage":"en-US"},{"@type":"Organization","@id":"https:\/\/ibiti.com\/#organization","name":"IBITI","url":"https:\/\/ibiti.com\/","logo":{"@type":"ImageObject","inLanguage":"en-US","@id":"https:\/\/ibiti.com\/#\/schema\/logo\/image\/","url":"https:\/\/ibiti.com\/wp-content\/uploads\/2024\/10\/ibiti-logo-default.svg","contentUrl":"https:\/\/ibiti.com\/wp-content\/uploads\/2024\/10\/ibiti-logo-default.svg","width":80,"height":54,"caption":"IBITI"},"image":{"@id":"https:\/\/ibiti.com\/#\/schema\/logo\/image\/"}}]}},"jetpack_sharing_enabled":true,"_links":{"self":[{"href":"https:\/\/ibiti.com\/en\/wp-json\/wp\/v2\/pages\/1466","targetHints":{"allow":["GET"]}}],"collection":[{"href":"https:\/\/ibiti.com\/en\/wp-json\/wp\/v2\/pages"}],"about":[{"href":"https:\/\/ibiti.com\/en\/wp-json\/wp\/v2\/types\/page"}],"author":[{"embeddable":true,"href":"https:\/\/ibiti.com\/en\/wp-json\/wp\/v2\/users\/4"}],"replies":[{"embeddable":true,"href":"https:\/\/ibiti.com\/en\/wp-json\/wp\/v2\/comments?post=1466"}],"version-history":[{"count":0,"href":"https:\/\/ibiti.com\/en\/wp-json\/wp\/v2\/pages\/1466\/revisions"}],"up":[{"embeddable":true,"href":"https:\/\/ibiti.com\/en\/wp-json\/wp\/v2\/pages\/1462"}],"wp:attachment":[{"href":"https:\/\/ibiti.com\/en\/wp-json\/wp\/v2\/media?parent=1466"}],"curies":[{"name":"wp","href":"https:\/\/api.w.org\/{rel}","templated":true}]}}