{"id":1462,"date":"2024-10-31T15:35:04","date_gmt":"2024-10-31T15:35:04","guid":{"rendered":"https:\/\/ibiti.com\/?page_id=1462"},"modified":"2024-11-20T21:16:13","modified_gmt":"2024-11-20T21:16:13","slug":"celebracoes-e-eventos","status":"publish","type":"page","link":"https:\/\/ibiti.com\/en\/celebrations-and-events\/","title":{"rendered":"Celebrations and events"},"content":{"rendered":"<div data-elementor-type=\"wp-page\" data-elementor-id=\"1462\" class=\"elementor elementor-1462\" data-elementor-post-type=\"page\">\n\t\t\t\t<div class=\"elementor-element elementor-element-dffb266 e-flex e-con-boxed wpr-particle-no wpr-jarallax-no wpr-parallax-no wpr-sticky-section-no e-con e-parent\" data-id=\"dffb266\" data-element_type=\"container\" data-e-type=\"container\">\n\t\t\t\t\t<div class=\"e-con-inner\">\n\t\t\t\t<div class=\"elementor-element elementor-element-b5cb680 width-920 elementor-widget elementor-widget-heading\" data-id=\"b5cb680\" data-element_type=\"widget\" data-e-type=\"widget\" data-widget_type=\"heading.default\">\n\t\t\t\t<div class=\"elementor-widget-container\">\n\t\t\t\t\t<h1 class=\"elementor-heading-title elementor-size-default\"><span class=\"destaque-texto\">Celebrations and events<span><\/h1>\t\t\t\t<\/div>\n\t\t\t\t<\/div>\n\t\t\t\t\t<\/div>\n\t\t\t\t<\/div>\n\t\t<div class=\"elementor-element elementor-element-100aeb1 e-grid e-con-boxed wpr-particle-no wpr-jarallax-no wpr-parallax-no wpr-sticky-section-no e-con e-parent\" data-id=\"100aeb1\" data-element_type=\"container\" data-e-type=\"container\">\n\t\t\t\t\t<div class=\"e-con-inner\">\n\t\t<a class=\"elementor-element elementor-element-5f5a841 e-con-full link-sem-estilo e-flex wpr-particle-no wpr-jarallax-no wpr-parallax-no wpr-sticky-section-no e-con e-child\" data-id=\"5f5a841\" data-element_type=\"container\" data-e-type=\"container\" href=\"https:\/\/ibiti.com\/en\/celebrations-and-events\/ibiti-special-program\/\">\n\t\t\t\t<div class=\"elementor-element elementor-element-99e31fa link-sem-estilo elementor-widget elementor-widget-image\" data-id=\"99e31fa\" data-element_type=\"widget\" data-e-type=\"widget\" data-widget_type=\"image.default\">\n\t\t\t\t<div class=\"elementor-widget-container\">\n\t\t\t\t\t\t\t\t\t\t\t\t\t\t\t<img fetchpriority=\"high\" decoding=\"async\" width=\"800\" height=\"615\" src=\"https:\/\/ibiti.com\/wp-content\/uploads\/2024\/11\/capa-programacao-especial-ibiti.jpg\" class=\"attachment-large size-large wp-image-1615\" alt=\"\" srcset=\"https:\/\/ibiti.com\/wp-content\/uploads\/2024\/11\/capa-programacao-especial-ibiti.jpg 934w, https:\/\/ibiti.com\/wp-content\/uploads\/2024\/11\/capa-programacao-especial-ibiti-300x231.jpg 300w, https:\/\/ibiti.com\/wp-content\/uploads\/2024\/11\/capa-programacao-especial-ibiti-768x590.jpg 768w, https:\/\/ibiti.com\/wp-content\/uploads\/2024\/11\/capa-programacao-especial-ibiti-16x12.jpg 16w\" sizes=\"(max-width: 800px) 100vw, 800px\" \/>\t\t\t\t\t\t\t\t\t\t\t\t\t\t\t<\/div>\n\t\t\t\t<\/div>\n\t\t\t\t<div class=\"elementor-element elementor-element-ce8d3c1 elementor-widget elementor-widget-heading\" data-id=\"ce8d3c1\" data-element_type=\"widget\" data-e-type=\"widget\" data-widget_type=\"heading.default\">\n\t\t\t\t<div class=\"elementor-widget-container\">\n\t\t\t\t\t<span class=\"elementor-heading-title elementor-size-default\">Celebrations and events<\/span>\t\t\t\t<\/div>\n\t\t\t\t<\/div>\n\t\t\t\t<div class=\"elementor-element elementor-element-59e2f21 elementor-widget elementor-widget-heading\" data-id=\"59e2f21\" data-element_type=\"widget\" data-e-type=\"widget\" data-widget_type=\"heading.default\">\n\t\t\t\t<div class=\"elementor-widget-container\">\n\t\t\t\t\t<h3 class=\"elementor-heading-title elementor-size-default\">Ibiti Special Events<\/h3>\t\t\t\t<\/div>\n\t\t\t\t<\/div>\n\t\t\t\t<div class=\"elementor-element elementor-element-823bce2 elementor-widget elementor-widget-text-editor\" data-id=\"823bce2\" data-element_type=\"widget\" data-e-type=\"widget\" data-widget_type=\"text-editor.default\">\n\t\t\t\t<div class=\"elementor-widget-container\">\n\t\t\t\t\t\t\t\t\t<p>See our calendar of events and unique activities in the middle of nature<\/p>\t\t\t\t\t\t\t\t<\/div>\n\t\t\t\t<\/div>\n\t\t\t\t<\/a>\n\t\t<a class=\"elementor-element elementor-element-673c677 e-con-full link-sem-estilo e-flex wpr-particle-no wpr-jarallax-no wpr-parallax-no wpr-sticky-section-no e-con e-child\" data-id=\"673c677\" data-element_type=\"container\" data-e-type=\"container\" href=\"https:\/\/ibiti.com\/en\/celebrations-and-events\/group-celebrations-2\/\">\n\t\t\t\t<div class=\"elementor-element elementor-element-dc24587 link-sem-estilo elementor-widget elementor-widget-image\" data-id=\"dc24587\" data-element_type=\"widget\" data-e-type=\"widget\" data-widget_type=\"image.default\">\n\t\t\t\t<div class=\"elementor-widget-container\">\n\t\t\t\t\t\t\t\t\t\t\t\t\t\t\t<img decoding=\"async\" width=\"800\" height=\"615\" src=\"https:\/\/ibiti.com\/wp-content\/uploads\/2024\/11\/capa-comemoracoes-em-grupo.jpg\" class=\"attachment-large size-large wp-image-1613\" alt=\"\" srcset=\"https:\/\/ibiti.com\/wp-content\/uploads\/2024\/11\/capa-comemoracoes-em-grupo.jpg 934w, https:\/\/ibiti.com\/wp-content\/uploads\/2024\/11\/capa-comemoracoes-em-grupo-300x231.jpg 300w, https:\/\/ibiti.com\/wp-content\/uploads\/2024\/11\/capa-comemoracoes-em-grupo-768x590.jpg 768w, https:\/\/ibiti.com\/wp-content\/uploads\/2024\/11\/capa-comemoracoes-em-grupo-16x12.jpg 16w\" sizes=\"(max-width: 800px) 100vw, 800px\" \/>\t\t\t\t\t\t\t\t\t\t\t\t\t\t\t<\/div>\n\t\t\t\t<\/div>\n\t\t\t\t<div class=\"elementor-element elementor-element-ee6f30a elementor-widget elementor-widget-heading\" data-id=\"ee6f30a\" data-element_type=\"widget\" data-e-type=\"widget\" data-widget_type=\"heading.default\">\n\t\t\t\t<div class=\"elementor-widget-container\">\n\t\t\t\t\t<span class=\"elementor-heading-title elementor-size-default\">Celebrations and events<\/span>\t\t\t\t<\/div>\n\t\t\t\t<\/div>\n\t\t\t\t<div class=\"elementor-element elementor-element-da5f37d elementor-widget elementor-widget-heading\" data-id=\"da5f37d\" data-element_type=\"widget\" data-e-type=\"widget\" data-widget_type=\"heading.default\">\n\t\t\t\t<div class=\"elementor-widget-container\">\n\t\t\t\t\t<h3 class=\"elementor-heading-title elementor-size-default\">Group gatherings<\/h3>\t\t\t\t<\/div>\n\t\t\t\t<\/div>\n\t\t\t\t<div class=\"elementor-element elementor-element-6e883ab elementor-widget elementor-widget-text-editor\" data-id=\"6e883ab\" data-element_type=\"widget\" data-e-type=\"widget\" data-widget_type=\"text-editor.default\">\n\t\t\t\t<div class=\"elementor-widget-container\">\n\t\t\t\t\t\t\t\t\t<p>A group trip to celebrate life, a charming wedding in nature, count on our team and special settings to delight all guests!<\/p>\t\t\t\t\t\t\t\t<\/div>\n\t\t\t\t<\/div>\n\t\t\t\t<\/a>\n\t\t<a class=\"elementor-element elementor-element-c4c6b4e e-con-full link-sem-estilo e-flex wpr-particle-no wpr-jarallax-no wpr-parallax-no wpr-sticky-section-no e-con e-child\" data-id=\"c4c6b4e\" data-element_type=\"container\" data-e-type=\"container\" href=\"https:\/\/ibiti.com\/en\/celebrations-and-events\/corporate-events-2\/\">\n\t\t\t\t<div class=\"elementor-element elementor-element-2e15590 link-sem-estilo elementor-widget elementor-widget-image\" data-id=\"2e15590\" data-element_type=\"widget\" data-e-type=\"widget\" data-widget_type=\"image.default\">\n\t\t\t\t<div class=\"elementor-widget-container\">\n\t\t\t\t\t\t\t\t\t\t\t\t\t\t\t<img decoding=\"async\" width=\"800\" height=\"616\" src=\"https:\/\/ibiti.com\/wp-content\/uploads\/2024\/11\/capa-eventos-corporativos.jpg\" class=\"attachment-large size-large wp-image-1614\" alt=\"\" srcset=\"https:\/\/ibiti.com\/wp-content\/uploads\/2024\/11\/capa-eventos-corporativos.jpg 932w, https:\/\/ibiti.com\/wp-content\/uploads\/2024\/11\/capa-eventos-corporativos-300x231.jpg 300w, https:\/\/ibiti.com\/wp-content\/uploads\/2024\/11\/capa-eventos-corporativos-768x592.jpg 768w, https:\/\/ibiti.com\/wp-content\/uploads\/2024\/11\/capa-eventos-corporativos-16x12.jpg 16w\" sizes=\"(max-width: 800px) 100vw, 800px\" \/>\t\t\t\t\t\t\t\t\t\t\t\t\t\t\t<\/div>\n\t\t\t\t<\/div>\n\t\t\t\t<div class=\"elementor-element elementor-element-bbe930a elementor-widget elementor-widget-heading\" data-id=\"bbe930a\" data-element_type=\"widget\" data-e-type=\"widget\" data-widget_type=\"heading.default\">\n\t\t\t\t<div class=\"elementor-widget-container\">\n\t\t\t\t\t<span class=\"elementor-heading-title elementor-size-default\">Celebrations and events<\/span>\t\t\t\t<\/div>\n\t\t\t\t<\/div>\n\t\t\t\t<div class=\"elementor-element elementor-element-5673318 elementor-widget elementor-widget-heading\" data-id=\"5673318\" data-element_type=\"widget\" data-e-type=\"widget\" data-widget_type=\"heading.default\">\n\t\t\t\t<div class=\"elementor-widget-container\">\n\t\t\t\t\t<h3 class=\"elementor-heading-title elementor-size-default\">Corporate events<\/h3>\t\t\t\t<\/div>\n\t\t\t\t<\/div>\n\t\t\t\t<div class=\"elementor-element elementor-element-d84ad46 elementor-widget elementor-widget-text-editor\" data-id=\"d84ad46\" data-element_type=\"widget\" data-e-type=\"widget\" data-widget_type=\"text-editor.default\">\n\t\t\t\t<div class=\"elementor-widget-container\">\n\t\t\t\t\t\t\t\t\t<p>In an inspiring setting, unique venues to bring out the best in every meeting!<\/p>\t\t\t\t\t\t\t\t<\/div>\n\t\t\t\t<\/div>\n\t\t\t\t<\/a>\n\t\t\t\t\t<\/div>\n\t\t\t\t<\/div>\n\t\t\t\t<\/div>","protected":false},"excerpt":{"rendered":"<p>Celebrations and events Celebrations and events Special Ibiti program See our calendar of events and unique activities in the middle of nature Celebrations and events Group celebrations A group trip to celebrate life, a charming wedding in nature, count on our team and special settings to delight all the guests! Celebrations and events Corporate events In an inspiring setting, unusual spaces to bring out the best in every meeting!<\/p>","protected":false},"author":4,"featured_media":0,"parent":0,"menu_order":0,"comment_status":"closed","ping_status":"closed","template":"","meta":{"inline_featured_image":false,"footnotes":""},"class_list":["post-1462","page","type-page","status-publish","hentry"],"yoast_head":"<!-- This site is optimized with the Yoast SEO plugin v27.3 - https:\/\/yoast.com\/product\/yoast-seo-wordpress\/ -->\n<title>Celebra\u00e7\u00f5es e eventos - IBITI<\/title>\n<meta name=\"robots\" content=\"index, follow, max-snippet:-1, max-image-preview:large, max-video-preview:-1\" \/>\n<link rel=\"canonical\" href=\"https:\/\/ibiti.com\/en\/celebrations-and-events\/\" \/>\n<meta property=\"og:locale\" content=\"en_US\" \/>\n<meta property=\"og:type\" content=\"article\" \/>\n<meta property=\"og:title\" content=\"Celebra\u00e7\u00f5es e eventos - IBITI\" \/>\n<meta property=\"og:description\" content=\"Celebra\u00e7\u00f5es e eventos Celebra\u00e7\u00f5es e eventos Programa\u00e7\u00e3o especial Ibiti Veja nosso calend\u00e1rio de eventos e atividades \u00fanicas em meio \u00e0 natureza Celebra\u00e7\u00f5es e eventos Comemora\u00e7\u00f5es em grupo Uma viagem em grupo para celebrar a vida, um charmoso casamento na natureza, conte com a nossa equipe e cen\u00e1rios especiais para encantar todos os convidados! Celebra\u00e7\u00f5es e eventos Eventos corporativos Em um ambiente inspirador, espa\u00e7os inusitados para trazer o melhor de cada encontro!\" \/>\n<meta property=\"og:url\" content=\"https:\/\/ibiti.com\/en\/celebrations-and-events\/\" \/>\n<meta property=\"og:site_name\" content=\"IBITI\" \/>\n<meta property=\"article:modified_time\" content=\"2024-11-20T21:16:13+00:00\" \/>\n<meta property=\"og:image\" content=\"https:\/\/ibiti.com\/wp-content\/uploads\/2024\/11\/capa-programacao-especial-ibiti.jpg\" \/>\n<meta name=\"twitter:card\" content=\"summary_large_image\" \/>\n<meta name=\"twitter:label1\" content=\"Est. reading time\" \/>\n\t<meta name=\"twitter:data1\" content=\"1 minute\" \/>\n<script type=\"application\/ld+json\" class=\"yoast-schema-graph\">{\"@context\":\"https:\\\/\\\/schema.org\",\"@graph\":[{\"@type\":\"WebPage\",\"@id\":\"https:\\\/\\\/ibiti.com\\\/celebracoes-e-eventos\\\/\",\"url\":\"https:\\\/\\\/ibiti.com\\\/celebracoes-e-eventos\\\/\",\"name\":\"Celebra\u00e7\u00f5es e eventos - IBITI\",\"isPartOf\":{\"@id\":\"https:\\\/\\\/ibiti.com\\\/#website\"},\"primaryImageOfPage\":{\"@id\":\"https:\\\/\\\/ibiti.com\\\/celebracoes-e-eventos\\\/#primaryimage\"},\"image\":{\"@id\":\"https:\\\/\\\/ibiti.com\\\/celebracoes-e-eventos\\\/#primaryimage\"},\"thumbnailUrl\":\"https:\\\/\\\/ibiti.com\\\/wp-content\\\/uploads\\\/2024\\\/11\\\/capa-programacao-especial-ibiti.jpg\",\"datePublished\":\"2024-10-31T15:35:04+00:00\",\"dateModified\":\"2024-11-20T21:16:13+00:00\",\"inLanguage\":\"en-US\",\"potentialAction\":[{\"@type\":\"ReadAction\",\"target\":[\"https:\\\/\\\/ibiti.com\\\/celebracoes-e-eventos\\\/\"]}]},{\"@type\":\"ImageObject\",\"inLanguage\":\"en-US\",\"@id\":\"https:\\\/\\\/ibiti.com\\\/celebracoes-e-eventos\\\/#primaryimage\",\"url\":\"https:\\\/\\\/ibiti.com\\\/wp-content\\\/uploads\\\/2024\\\/11\\\/capa-programacao-especial-ibiti.jpg\",\"contentUrl\":\"https:\\\/\\\/ibiti.com\\\/wp-content\\\/uploads\\\/2024\\\/11\\\/capa-programacao-especial-ibiti.jpg\"},{\"@type\":\"WebSite\",\"@id\":\"https:\\\/\\\/ibiti.com\\\/#website\",\"url\":\"https:\\\/\\\/ibiti.com\\\/\",\"name\":\"IBITI\",\"description\":\"Somos um projeto socioambiental experimental focado no homem e sua casa, o planeta.  Somos um novo mundo nas montanhas de Minas.  Acreditamos na harmonia entre o ser humano e a natureza.\",\"publisher\":{\"@id\":\"https:\\\/\\\/ibiti.com\\\/#organization\"},\"potentialAction\":[{\"@type\":\"SearchAction\",\"target\":{\"@type\":\"EntryPoint\",\"urlTemplate\":\"https:\\\/\\\/ibiti.com\\\/?s={search_term_string}\"},\"query-input\":{\"@type\":\"PropertyValueSpecification\",\"valueRequired\":true,\"valueName\":\"search_term_string\"}}],\"inLanguage\":\"en-US\"},{\"@type\":\"Organization\",\"@id\":\"https:\\\/\\\/ibiti.com\\\/#organization\",\"name\":\"IBITI\",\"url\":\"https:\\\/\\\/ibiti.com\\\/\",\"logo\":{\"@type\":\"ImageObject\",\"inLanguage\":\"en-US\",\"@id\":\"https:\\\/\\\/ibiti.com\\\/#\\\/schema\\\/logo\\\/image\\\/\",\"url\":\"https:\\\/\\\/ibiti.com\\\/wp-content\\\/uploads\\\/2024\\\/10\\\/ibiti-logo-default.svg\",\"contentUrl\":\"https:\\\/\\\/ibiti.com\\\/wp-content\\\/uploads\\\/2024\\\/10\\\/ibiti-logo-default.svg\",\"width\":80,\"height\":54,\"caption\":\"IBITI\"},\"image\":{\"@id\":\"https:\\\/\\\/ibiti.com\\\/#\\\/schema\\\/logo\\\/image\\\/\"}}]}<\/script>\n<!-- \/ Yoast SEO plugin. -->","yoast_head_json":{"title":"Celebrations and events - IBITI","robots":{"index":"index","follow":"follow","max-snippet":"max-snippet:-1","max-image-preview":"max-image-preview:large","max-video-preview":"max-video-preview:-1"},"canonical":"https:\/\/ibiti.com\/en\/celebrations-and-events\/","og_locale":"en_US","og_type":"article","og_title":"Celebra\u00e7\u00f5es e eventos - IBITI","og_description":"Celebra\u00e7\u00f5es e eventos Celebra\u00e7\u00f5es e eventos Programa\u00e7\u00e3o especial Ibiti Veja nosso calend\u00e1rio de eventos e atividades \u00fanicas em meio \u00e0 natureza Celebra\u00e7\u00f5es e eventos Comemora\u00e7\u00f5es em grupo Uma viagem em grupo para celebrar a vida, um charmoso casamento na natureza, conte com a nossa equipe e cen\u00e1rios especiais para encantar todos os convidados! Celebra\u00e7\u00f5es e eventos Eventos corporativos Em um ambiente inspirador, espa\u00e7os inusitados para trazer o melhor de cada encontro!","og_url":"https:\/\/ibiti.com\/en\/celebrations-and-events\/","og_site_name":"IBITI","article_modified_time":"2024-11-20T21:16:13+00:00","og_image":[{"url":"https:\/\/ibiti.com\/wp-content\/uploads\/2024\/11\/capa-programacao-especial-ibiti.jpg","type":"","width":"","height":""}],"twitter_card":"summary_large_image","twitter_misc":{"Est. reading time":"1 minute"},"schema":{"@context":"https:\/\/schema.org","@graph":[{"@type":"WebPage","@id":"https:\/\/ibiti.com\/celebracoes-e-eventos\/","url":"https:\/\/ibiti.com\/celebracoes-e-eventos\/","name":"Celebrations and events - IBITI","isPartOf":{"@id":"https:\/\/ibiti.com\/#website"},"primaryImageOfPage":{"@id":"https:\/\/ibiti.com\/celebracoes-e-eventos\/#primaryimage"},"image":{"@id":"https:\/\/ibiti.com\/celebracoes-e-eventos\/#primaryimage"},"thumbnailUrl":"https:\/\/ibiti.com\/wp-content\/uploads\/2024\/11\/capa-programacao-especial-ibiti.jpg","datePublished":"2024-10-31T15:35:04+00:00","dateModified":"2024-11-20T21:16:13+00:00","inLanguage":"en-US","potentialAction":[{"@type":"ReadAction","target":["https:\/\/ibiti.com\/celebracoes-e-eventos\/"]}]},{"@type":"ImageObject","inLanguage":"en-US","@id":"https:\/\/ibiti.com\/celebracoes-e-eventos\/#primaryimage","url":"https:\/\/ibiti.com\/wp-content\/uploads\/2024\/11\/capa-programacao-especial-ibiti.jpg","contentUrl":"https:\/\/ibiti.com\/wp-content\/uploads\/2024\/11\/capa-programacao-especial-ibiti.jpg"},{"@type":"WebSite","@id":"https:\/\/ibiti.com\/#website","url":"https:\/\/ibiti.com\/","name":"IBITI","description":"We are an experimental socio-environmental project focused on man and his home, the planet.  We are a new world in the mountains of Minas Gerais.  We believe in harmony between human beings and nature.","publisher":{"@id":"https:\/\/ibiti.com\/#organization"},"potentialAction":[{"@type":"SearchAction","target":{"@type":"EntryPoint","urlTemplate":"https:\/\/ibiti.com\/?s={search_term_string}"},"query-input":{"@type":"PropertyValueSpecification","valueRequired":true,"valueName":"search_term_string"}}],"inLanguage":"en-US"},{"@type":"Organization","@id":"https:\/\/ibiti.com\/#organization","name":"IBITI","url":"https:\/\/ibiti.com\/","logo":{"@type":"ImageObject","inLanguage":"en-US","@id":"https:\/\/ibiti.com\/#\/schema\/logo\/image\/","url":"https:\/\/ibiti.com\/wp-content\/uploads\/2024\/10\/ibiti-logo-default.svg","contentUrl":"https:\/\/ibiti.com\/wp-content\/uploads\/2024\/10\/ibiti-logo-default.svg","width":80,"height":54,"caption":"IBITI"},"image":{"@id":"https:\/\/ibiti.com\/#\/schema\/logo\/image\/"}}]}},"jetpack_sharing_enabled":true,"_links":{"self":[{"href":"https:\/\/ibiti.com\/en\/wp-json\/wp\/v2\/pages\/1462","targetHints":{"allow":["GET"]}}],"collection":[{"href":"https:\/\/ibiti.com\/en\/wp-json\/wp\/v2\/pages"}],"about":[{"href":"https:\/\/ibiti.com\/en\/wp-json\/wp\/v2\/types\/page"}],"author":[{"embeddable":true,"href":"https:\/\/ibiti.com\/en\/wp-json\/wp\/v2\/users\/4"}],"replies":[{"embeddable":true,"href":"https:\/\/ibiti.com\/en\/wp-json\/wp\/v2\/comments?post=1462"}],"version-history":[{"count":0,"href":"https:\/\/ibiti.com\/en\/wp-json\/wp\/v2\/pages\/1462\/revisions"}],"wp:attachment":[{"href":"https:\/\/ibiti.com\/en\/wp-json\/wp\/v2\/media?parent=1462"}],"curies":[{"name":"wp","href":"https:\/\/api.w.org\/{rel}","templated":true}]}}