{"id":1456,"date":"2024-10-31T15:34:27","date_gmt":"2024-10-31T15:34:27","guid":{"rendered":"https:\/\/ibiti.com\/?page_id=1456"},"modified":"2024-11-27T18:01:48","modified_gmt":"2024-11-27T18:01:48","slug":"gastronomia","status":"publish","type":"page","link":"https:\/\/ibiti.com\/en\/remote\/gastronomy\/","title":{"rendered":"Gastronomy"},"content":{"rendered":"<div data-elementor-type=\"wp-page\" data-elementor-id=\"1456\" class=\"elementor elementor-1456\" data-elementor-post-type=\"page\">\n\t\t\t\t<div class=\"elementor-element elementor-element-3cd47d6 e-flex e-con-boxed e-con e-parent\" data-id=\"3cd47d6\" data-element_type=\"container\" data-e-type=\"container\">\n\t\t\t\t\t<div class=\"e-con-inner\">\n\t\t\t\t<div class=\"elementor-element elementor-element-4d21f9c link-sem-estilo elementor-widget elementor-widget-heading\" data-id=\"4d21f9c\" data-element_type=\"widget\" data-e-type=\"widget\" data-widget_type=\"heading.default\">\n\t\t\t\t<div class=\"elementor-widget-container\">\n\t\t\t\t\t<span class=\"elementor-heading-title elementor-size-default\"><a href=\"https:\/\/ibiti.com\/en\/remote\/\">Remote<\/a><\/span>\t\t\t\t<\/div>\n\t\t\t\t<\/div>\n\t\t\t\t<div class=\"elementor-element elementor-element-eab1f13 width-920 elementor-widget elementor-widget-heading\" data-id=\"eab1f13\" data-element_type=\"widget\" data-e-type=\"widget\" data-widget_type=\"heading.default\">\n\t\t\t\t<div class=\"elementor-widget-container\">\n\t\t\t\t\t<h1 class=\"elementor-heading-title elementor-size-default\"><span class=\"destaque-texto\">Remote Gastronomy<\/span><\/h1>\t\t\t\t<\/div>\n\t\t\t\t<\/div>\n\t\t\t\t\t<\/div>\n\t\t\t\t<\/div>\n\t\t<div class=\"elementor-element elementor-element-dbcdc0d e-flex e-con-boxed e-con e-parent\" data-id=\"dbcdc0d\" data-element_type=\"container\" data-e-type=\"container\">\n\t\t\t\t\t<div class=\"e-con-inner\">\n\t\t<div class=\"elementor-element elementor-element-2d7fc95 e-con-full e-flex e-con e-child\" data-id=\"2d7fc95\" data-element_type=\"container\" data-e-type=\"container\">\n\t\t\t\t<div class=\"elementor-element elementor-element-66e59d0 elementor-widget elementor-widget-heading\" data-id=\"66e59d0\" data-element_type=\"widget\" data-e-type=\"widget\" data-widget_type=\"heading.default\">\n\t\t\t\t<div class=\"elementor-widget-container\">\n\t\t\t\t\t<span class=\"elementor-heading-title elementor-size-default\">Arei\u00e3o Restaurant<\/span>\t\t\t\t<\/div>\n\t\t\t\t<\/div>\n\t\t\t\t<div class=\"elementor-element elementor-element-026addc elementor-widget elementor-widget-heading\" data-id=\"026addc\" data-element_type=\"widget\" data-e-type=\"widget\" data-widget_type=\"heading.default\">\n\t\t\t\t<div class=\"elementor-widget-container\">\n\t\t\t\t\t<h2 class=\"elementor-heading-title elementor-size-default\">Minas Gerais food and natural environment<\/h2>\t\t\t\t<\/div>\n\t\t\t\t<\/div>\n\t\t\t\t<div class=\"elementor-element elementor-element-2555bdd elementor-widget elementor-widget-text-editor\" data-id=\"2555bdd\" data-element_type=\"widget\" data-e-type=\"widget\" data-widget_type=\"text-editor.default\">\n\t\t\t\t<div class=\"elementor-widget-container\">\n\t\t\t\t\t\t\t\t\t<p>For guests of Arei\u00e3o, Spinoza and Epicuro houses, meals can be served in the house itself or in the new restaurant in an airy environment with views of the mountains.<\/p><ul><li>Natural lighting and rustic wood stove.<\/li><li>Home-made Minas Gerais cuisine with freshly harvested ingredients.<\/li><li>Breakfast, lunch and dinner included in the daily rate.<\/li><\/ul>\t\t\t\t\t\t\t\t<\/div>\n\t\t\t\t<\/div>\n\t\t\t\t<\/div>\n\t\t<div class=\"elementor-element elementor-element-734e06a e-con-full e-flex e-con e-child\" data-id=\"734e06a\" data-element_type=\"container\" data-e-type=\"container\">\n\t\t\t\t<div class=\"elementor-element elementor-element-c4ea652 elementor-widget elementor-widget-image\" data-id=\"c4ea652\" data-element_type=\"widget\" data-e-type=\"widget\" data-widget_type=\"image.default\">\n\t\t\t\t<div class=\"elementor-widget-container\">\n\t\t\t\t\t\t\t\t\t\t\t\t\t\t\t<img fetchpriority=\"high\" decoding=\"async\" width=\"2464\" height=\"1643\" src=\"https:\/\/ibiti.com\/wp-content\/uploads\/2024\/11\/restaurante-areiao-01.jpg\" class=\"attachment-full size-full wp-image-2936\" alt=\"\" srcset=\"https:\/\/ibiti.com\/wp-content\/uploads\/2024\/11\/restaurante-areiao-01.jpg 2464w, https:\/\/ibiti.com\/wp-content\/uploads\/2024\/11\/restaurante-areiao-01-300x200.jpg 300w, https:\/\/ibiti.com\/wp-content\/uploads\/2024\/11\/restaurante-areiao-01-1024x683.jpg 1024w, https:\/\/ibiti.com\/wp-content\/uploads\/2024\/11\/restaurante-areiao-01-768x512.jpg 768w, https:\/\/ibiti.com\/wp-content\/uploads\/2024\/11\/restaurante-areiao-01-1536x1024.jpg 1536w, https:\/\/ibiti.com\/wp-content\/uploads\/2024\/11\/restaurante-areiao-01-2048x1366.jpg 2048w, https:\/\/ibiti.com\/wp-content\/uploads\/2024\/11\/restaurante-areiao-01-18x12.jpg 18w\" sizes=\"(max-width: 2464px) 100vw, 2464px\" \/>\t\t\t\t\t\t\t\t\t\t\t\t\t\t\t<\/div>\n\t\t\t\t<\/div>\n\t\t\t\t<\/div>\n\t\t\t\t\t<\/div>\n\t\t\t\t<\/div>\n\t\t<div class=\"elementor-element elementor-element-a21fd1e e-flex e-con-boxed e-con e-parent\" data-id=\"a21fd1e\" data-element_type=\"container\" data-e-type=\"container\">\n\t\t\t\t\t<div class=\"e-con-inner\">\n\t\t\t\t<div class=\"elementor-element elementor-element-0d1eba4 elementor-widget elementor-widget-image\" data-id=\"0d1eba4\" data-element_type=\"widget\" data-e-type=\"widget\" data-widget_type=\"image.default\">\n\t\t\t\t<div class=\"elementor-widget-container\">\n\t\t\t\t\t\t\t\t\t\t\t\t\t\t\t<img decoding=\"async\" width=\"2464\" height=\"1643\" src=\"https:\/\/ibiti.com\/wp-content\/uploads\/2024\/11\/restaurante-areiao-02.jpg\" class=\"attachment-full size-full wp-image-2937\" alt=\"\" srcset=\"https:\/\/ibiti.com\/wp-content\/uploads\/2024\/11\/restaurante-areiao-02.jpg 2464w, https:\/\/ibiti.com\/wp-content\/uploads\/2024\/11\/restaurante-areiao-02-300x200.jpg 300w, https:\/\/ibiti.com\/wp-content\/uploads\/2024\/11\/restaurante-areiao-02-1024x683.jpg 1024w, https:\/\/ibiti.com\/wp-content\/uploads\/2024\/11\/restaurante-areiao-02-768x512.jpg 768w, https:\/\/ibiti.com\/wp-content\/uploads\/2024\/11\/restaurante-areiao-02-1536x1024.jpg 1536w, https:\/\/ibiti.com\/wp-content\/uploads\/2024\/11\/restaurante-areiao-02-2048x1366.jpg 2048w, https:\/\/ibiti.com\/wp-content\/uploads\/2024\/11\/restaurante-areiao-02-18x12.jpg 18w\" sizes=\"(max-width: 2464px) 100vw, 2464px\" \/>\t\t\t\t\t\t\t\t\t\t\t\t\t\t\t<\/div>\n\t\t\t\t<\/div>\n\t\t<div class=\"elementor-element elementor-element-b945ea7 e-con-full e-flex e-con e-child\" data-id=\"b945ea7\" data-element_type=\"container\" data-e-type=\"container\">\n\t\t\t\t<div class=\"elementor-element elementor-element-92ce6f5 elementor-widget elementor-widget-image\" data-id=\"92ce6f5\" data-element_type=\"widget\" data-e-type=\"widget\" data-widget_type=\"image.default\">\n\t\t\t\t<div class=\"elementor-widget-container\">\n\t\t\t\t\t\t\t\t\t\t\t\t\t\t\t<img decoding=\"async\" width=\"1640\" height=\"1229\" src=\"https:\/\/ibiti.com\/wp-content\/uploads\/2024\/11\/restaurante-areiao-03.jpg\" class=\"attachment-full size-full wp-image-2938\" alt=\"\" srcset=\"https:\/\/ibiti.com\/wp-content\/uploads\/2024\/11\/restaurante-areiao-03.jpg 1640w, https:\/\/ibiti.com\/wp-content\/uploads\/2024\/11\/restaurante-areiao-03-300x225.jpg 300w, https:\/\/ibiti.com\/wp-content\/uploads\/2024\/11\/restaurante-areiao-03-1024x767.jpg 1024w, https:\/\/ibiti.com\/wp-content\/uploads\/2024\/11\/restaurante-areiao-03-768x576.jpg 768w, https:\/\/ibiti.com\/wp-content\/uploads\/2024\/11\/restaurante-areiao-03-1536x1151.jpg 1536w, https:\/\/ibiti.com\/wp-content\/uploads\/2024\/11\/restaurante-areiao-03-16x12.jpg 16w\" sizes=\"(max-width: 1640px) 100vw, 1640px\" \/>\t\t\t\t\t\t\t\t\t\t\t\t\t\t\t<\/div>\n\t\t\t\t<\/div>\n\t\t\t\t<div class=\"elementor-element elementor-element-7d5fc35 elementor-widget elementor-widget-image\" data-id=\"7d5fc35\" data-element_type=\"widget\" data-e-type=\"widget\" data-widget_type=\"image.default\">\n\t\t\t\t<div class=\"elementor-widget-container\">\n\t\t\t\t\t\t\t\t\t\t\t\t\t\t\t<img loading=\"lazy\" decoding=\"async\" width=\"2464\" height=\"1643\" src=\"https:\/\/ibiti.com\/wp-content\/uploads\/2024\/11\/restaurante-areiao-04.jpg\" class=\"attachment-full size-full wp-image-2939\" alt=\"\" srcset=\"https:\/\/ibiti.com\/wp-content\/uploads\/2024\/11\/restaurante-areiao-04.jpg 2464w, https:\/\/ibiti.com\/wp-content\/uploads\/2024\/11\/restaurante-areiao-04-300x200.jpg 300w, https:\/\/ibiti.com\/wp-content\/uploads\/2024\/11\/restaurante-areiao-04-1024x683.jpg 1024w, https:\/\/ibiti.com\/wp-content\/uploads\/2024\/11\/restaurante-areiao-04-768x512.jpg 768w, https:\/\/ibiti.com\/wp-content\/uploads\/2024\/11\/restaurante-areiao-04-1536x1024.jpg 1536w, https:\/\/ibiti.com\/wp-content\/uploads\/2024\/11\/restaurante-areiao-04-2048x1366.jpg 2048w, https:\/\/ibiti.com\/wp-content\/uploads\/2024\/11\/restaurante-areiao-04-18x12.jpg 18w\" sizes=\"(max-width: 2464px) 100vw, 2464px\" \/>\t\t\t\t\t\t\t\t\t\t\t\t\t\t\t<\/div>\n\t\t\t\t<\/div>\n\t\t\t\t<\/div>\n\t\t\t\t\t<\/div>\n\t\t\t\t<\/div>\n\t\t\t\t<\/div>","protected":false},"excerpt":{"rendered":"<p>Remote Gastronomia Remote Restaurante Arei\u00e3o Comida mineira e ambiente natural Para os h\u00f3spedes do Arei\u00e3o, casas Spinoza e Epicuro, as refei\u00e7\u00f5es podem ser servidas na pr\u00f3pria casa ou no novo restaurante em um ambiente arejado com vista para as montanhas. Ilumina\u00e7\u00e3o natural e fog\u00e3o a lenha r\u00fastico. Comida mineira caseira com ingredientes rec\u00e9m-colhidos. Caf\u00e9 da [&hellip;]<\/p>\n","protected":false},"author":4,"featured_media":0,"parent":1444,"menu_order":0,"comment_status":"closed","ping_status":"closed","template":"","meta":{"footnotes":""},"class_list":["post-1456","page","type-page","status-publish","hentry"],"yoast_head":"<!-- This site is optimized with the Yoast SEO plugin v27.4 - https:\/\/yoast.com\/product\/yoast-seo-wordpress\/ -->\n<title>Gastronomia - IBITI<\/title>\n<meta name=\"robots\" content=\"index, follow, max-snippet:-1, max-image-preview:large, max-video-preview:-1\" \/>\n<link rel=\"canonical\" href=\"https:\/\/ibiti.com\/en\/remote\/gastronomy\/\" \/>\n<meta property=\"og:locale\" content=\"en_US\" \/>\n<meta property=\"og:type\" content=\"article\" \/>\n<meta property=\"og:title\" content=\"Gastronomia - IBITI\" \/>\n<meta property=\"og:description\" content=\"Remote Gastronomia Remote Restaurante Arei\u00e3o Comida mineira e ambiente natural Para os h\u00f3spedes do Arei\u00e3o, casas Spinoza e Epicuro, as refei\u00e7\u00f5es podem ser servidas na pr\u00f3pria casa ou no novo restaurante em um ambiente arejado com vista para as montanhas. Ilumina\u00e7\u00e3o natural e fog\u00e3o a lenha r\u00fastico. Comida mineira caseira com ingredientes rec\u00e9m-colhidos. Caf\u00e9 da [&hellip;]\" \/>\n<meta property=\"og:url\" content=\"https:\/\/ibiti.com\/en\/remote\/gastronomy\/\" \/>\n<meta property=\"og:site_name\" content=\"IBITI\" \/>\n<meta property=\"article:modified_time\" content=\"2024-11-27T18:01:48+00:00\" \/>\n<meta property=\"og:image\" content=\"https:\/\/ibiti.com\/wp-content\/uploads\/2024\/11\/restaurante-areiao-01.jpg\" \/>\n<meta name=\"twitter:card\" content=\"summary_large_image\" \/>\n<meta name=\"twitter:label1\" content=\"Est. reading time\" \/>\n\t<meta name=\"twitter:data1\" content=\"2 minutes\" \/>\n<script type=\"application\/ld+json\" class=\"yoast-schema-graph\">{\"@context\":\"https:\\\/\\\/schema.org\",\"@graph\":[{\"@type\":\"WebPage\",\"@id\":\"https:\\\/\\\/ibiti.com\\\/remote\\\/gastronomia\\\/\",\"url\":\"https:\\\/\\\/ibiti.com\\\/remote\\\/gastronomia\\\/\",\"name\":\"Gastronomia - IBITI\",\"isPartOf\":{\"@id\":\"https:\\\/\\\/ibiti.com\\\/#website\"},\"primaryImageOfPage\":{\"@id\":\"https:\\\/\\\/ibiti.com\\\/remote\\\/gastronomia\\\/#primaryimage\"},\"image\":{\"@id\":\"https:\\\/\\\/ibiti.com\\\/remote\\\/gastronomia\\\/#primaryimage\"},\"thumbnailUrl\":\"https:\\\/\\\/ibiti.com\\\/wp-content\\\/uploads\\\/2024\\\/11\\\/restaurante-areiao-01.jpg\",\"datePublished\":\"2024-10-31T15:34:27+00:00\",\"dateModified\":\"2024-11-27T18:01:48+00:00\",\"breadcrumb\":{\"@id\":\"https:\\\/\\\/ibiti.com\\\/remote\\\/gastronomia\\\/#breadcrumb\"},\"inLanguage\":\"en-US\",\"potentialAction\":[{\"@type\":\"ReadAction\",\"target\":[\"https:\\\/\\\/ibiti.com\\\/remote\\\/gastronomia\\\/\"]}]},{\"@type\":\"ImageObject\",\"inLanguage\":\"en-US\",\"@id\":\"https:\\\/\\\/ibiti.com\\\/remote\\\/gastronomia\\\/#primaryimage\",\"url\":\"https:\\\/\\\/ibiti.com\\\/wp-content\\\/uploads\\\/2024\\\/11\\\/restaurante-areiao-01.jpg\",\"contentUrl\":\"https:\\\/\\\/ibiti.com\\\/wp-content\\\/uploads\\\/2024\\\/11\\\/restaurante-areiao-01.jpg\"},{\"@type\":\"BreadcrumbList\",\"@id\":\"https:\\\/\\\/ibiti.com\\\/remote\\\/gastronomia\\\/#breadcrumb\",\"itemListElement\":[{\"@type\":\"ListItem\",\"position\":1,\"name\":\"Remote\",\"item\":\"https:\\\/\\\/ibiti.com\\\/remote\\\/\"},{\"@type\":\"ListItem\",\"position\":2,\"name\":\"Gastronomia\"}]},{\"@type\":\"WebSite\",\"@id\":\"https:\\\/\\\/ibiti.com\\\/#website\",\"url\":\"https:\\\/\\\/ibiti.com\\\/\",\"name\":\"IBITI\",\"description\":\"Somos um projeto socioambiental experimental focado no homem e sua casa, o planeta.  Somos um novo mundo nas montanhas de Minas.  Acreditamos na harmonia entre o ser humano e a natureza.\",\"publisher\":{\"@id\":\"https:\\\/\\\/ibiti.com\\\/#organization\"},\"potentialAction\":[{\"@type\":\"SearchAction\",\"target\":{\"@type\":\"EntryPoint\",\"urlTemplate\":\"https:\\\/\\\/ibiti.com\\\/?s={search_term_string}\"},\"query-input\":{\"@type\":\"PropertyValueSpecification\",\"valueRequired\":true,\"valueName\":\"search_term_string\"}}],\"inLanguage\":\"en-US\"},{\"@type\":\"Organization\",\"@id\":\"https:\\\/\\\/ibiti.com\\\/#organization\",\"name\":\"IBITI\",\"url\":\"https:\\\/\\\/ibiti.com\\\/\",\"logo\":{\"@type\":\"ImageObject\",\"inLanguage\":\"en-US\",\"@id\":\"https:\\\/\\\/ibiti.com\\\/#\\\/schema\\\/logo\\\/image\\\/\",\"url\":\"https:\\\/\\\/ibiti.com\\\/wp-content\\\/uploads\\\/2024\\\/10\\\/ibiti-logo-default.svg\",\"contentUrl\":\"https:\\\/\\\/ibiti.com\\\/wp-content\\\/uploads\\\/2024\\\/10\\\/ibiti-logo-default.svg\",\"width\":80,\"height\":54,\"caption\":\"IBITI\"},\"image\":{\"@id\":\"https:\\\/\\\/ibiti.com\\\/#\\\/schema\\\/logo\\\/image\\\/\"}}]}<\/script>\n<!-- \/ Yoast SEO plugin. -->","yoast_head_json":{"title":"Gastronomy - IBITI","robots":{"index":"index","follow":"follow","max-snippet":"max-snippet:-1","max-image-preview":"max-image-preview:large","max-video-preview":"max-video-preview:-1"},"canonical":"https:\/\/ibiti.com\/en\/remote\/gastronomy\/","og_locale":"en_US","og_type":"article","og_title":"Gastronomia - IBITI","og_description":"Remote Gastronomia Remote Restaurante Arei\u00e3o Comida mineira e ambiente natural Para os h\u00f3spedes do Arei\u00e3o, casas Spinoza e Epicuro, as refei\u00e7\u00f5es podem ser servidas na pr\u00f3pria casa ou no novo restaurante em um ambiente arejado com vista para as montanhas. Ilumina\u00e7\u00e3o natural e fog\u00e3o a lenha r\u00fastico. Comida mineira caseira com ingredientes rec\u00e9m-colhidos. Caf\u00e9 da [&hellip;]","og_url":"https:\/\/ibiti.com\/en\/remote\/gastronomy\/","og_site_name":"IBITI","article_modified_time":"2024-11-27T18:01:48+00:00","og_image":[{"url":"https:\/\/ibiti.com\/wp-content\/uploads\/2024\/11\/restaurante-areiao-01.jpg","type":"","width":"","height":""}],"twitter_card":"summary_large_image","twitter_misc":{"Est. reading time":"2 minutes"},"schema":{"@context":"https:\/\/schema.org","@graph":[{"@type":"WebPage","@id":"https:\/\/ibiti.com\/remote\/gastronomia\/","url":"https:\/\/ibiti.com\/remote\/gastronomia\/","name":"Gastronomy - IBITI","isPartOf":{"@id":"https:\/\/ibiti.com\/#website"},"primaryImageOfPage":{"@id":"https:\/\/ibiti.com\/remote\/gastronomia\/#primaryimage"},"image":{"@id":"https:\/\/ibiti.com\/remote\/gastronomia\/#primaryimage"},"thumbnailUrl":"https:\/\/ibiti.com\/wp-content\/uploads\/2024\/11\/restaurante-areiao-01.jpg","datePublished":"2024-10-31T15:34:27+00:00","dateModified":"2024-11-27T18:01:48+00:00","breadcrumb":{"@id":"https:\/\/ibiti.com\/remote\/gastronomia\/#breadcrumb"},"inLanguage":"en-US","potentialAction":[{"@type":"ReadAction","target":["https:\/\/ibiti.com\/remote\/gastronomia\/"]}]},{"@type":"ImageObject","inLanguage":"en-US","@id":"https:\/\/ibiti.com\/remote\/gastronomia\/#primaryimage","url":"https:\/\/ibiti.com\/wp-content\/uploads\/2024\/11\/restaurante-areiao-01.jpg","contentUrl":"https:\/\/ibiti.com\/wp-content\/uploads\/2024\/11\/restaurante-areiao-01.jpg"},{"@type":"BreadcrumbList","@id":"https:\/\/ibiti.com\/remote\/gastronomia\/#breadcrumb","itemListElement":[{"@type":"ListItem","position":1,"name":"Remote","item":"https:\/\/ibiti.com\/remote\/"},{"@type":"ListItem","position":2,"name":"Gastronomia"}]},{"@type":"WebSite","@id":"https:\/\/ibiti.com\/#website","url":"https:\/\/ibiti.com\/","name":"IBITI","description":"We are an experimental socio-environmental project focused on man and his home, the planet.  We are a new world in the mountains of Minas Gerais.  We believe in harmony between human beings and nature.","publisher":{"@id":"https:\/\/ibiti.com\/#organization"},"potentialAction":[{"@type":"SearchAction","target":{"@type":"EntryPoint","urlTemplate":"https:\/\/ibiti.com\/?s={search_term_string}"},"query-input":{"@type":"PropertyValueSpecification","valueRequired":true,"valueName":"search_term_string"}}],"inLanguage":"en-US"},{"@type":"Organization","@id":"https:\/\/ibiti.com\/#organization","name":"IBITI","url":"https:\/\/ibiti.com\/","logo":{"@type":"ImageObject","inLanguage":"en-US","@id":"https:\/\/ibiti.com\/#\/schema\/logo\/image\/","url":"https:\/\/ibiti.com\/wp-content\/uploads\/2024\/10\/ibiti-logo-default.svg","contentUrl":"https:\/\/ibiti.com\/wp-content\/uploads\/2024\/10\/ibiti-logo-default.svg","width":80,"height":54,"caption":"IBITI"},"image":{"@id":"https:\/\/ibiti.com\/#\/schema\/logo\/image\/"}}]}},"jetpack_sharing_enabled":true,"_links":{"self":[{"href":"https:\/\/ibiti.com\/en\/wp-json\/wp\/v2\/pages\/1456","targetHints":{"allow":["GET"]}}],"collection":[{"href":"https:\/\/ibiti.com\/en\/wp-json\/wp\/v2\/pages"}],"about":[{"href":"https:\/\/ibiti.com\/en\/wp-json\/wp\/v2\/types\/page"}],"author":[{"embeddable":true,"href":"https:\/\/ibiti.com\/en\/wp-json\/wp\/v2\/users\/4"}],"replies":[{"embeddable":true,"href":"https:\/\/ibiti.com\/en\/wp-json\/wp\/v2\/comments?post=1456"}],"version-history":[{"count":0,"href":"https:\/\/ibiti.com\/en\/wp-json\/wp\/v2\/pages\/1456\/revisions"}],"up":[{"embeddable":true,"href":"https:\/\/ibiti.com\/en\/wp-json\/wp\/v2\/pages\/1444"}],"wp:attachment":[{"href":"https:\/\/ibiti.com\/en\/wp-json\/wp\/v2\/media?parent=1456"}],"curies":[{"name":"wp","href":"https:\/\/api.w.org\/{rel}","templated":true}]}}