{"id":1452,"date":"2024-10-31T15:33:55","date_gmt":"2024-10-31T15:33:55","guid":{"rendered":"https:\/\/ibiti.com\/?page_id=1452"},"modified":"2026-01-08T15:11:35","modified_gmt":"2026-01-08T18:11:35","slug":"gastronomy","status":"publish","type":"page","link":"https:\/\/ibiti.com\/en\/engenho-lodge-2\/gastronomy\/","title":{"rendered":"Gastronomy"},"content":{"rendered":"<div data-elementor-type=\"wp-page\" data-elementor-id=\"1452\" class=\"elementor elementor-1452\" data-elementor-post-type=\"page\">\n\t\t\t\t<div class=\"elementor-element elementor-element-3909303 e-flex e-con-boxed e-con e-parent\" data-id=\"3909303\" data-element_type=\"container\" data-e-type=\"container\">\n\t\t\t\t\t<div class=\"e-con-inner\">\n\t\t\t\t<div class=\"elementor-element elementor-element-1e2bb9c link-sem-estilo elementor-widget elementor-widget-heading\" data-id=\"1e2bb9c\" data-element_type=\"widget\" data-e-type=\"widget\" data-widget_type=\"heading.default\">\n\t\t\t\t<div class=\"elementor-widget-container\">\n\t\t\t\t\t<span class=\"elementor-heading-title elementor-size-default\"><a href=\"https:\/\/ibiti.com\/en\/engenho-lodge-2\/\">Engenho Lodge<\/a><\/span>\t\t\t\t<\/div>\n\t\t\t\t<\/div>\n\t\t\t\t<div class=\"elementor-element elementor-element-b06b4f2 width-920 elementor-widget elementor-widget-heading\" data-id=\"b06b4f2\" data-element_type=\"widget\" data-e-type=\"widget\" data-widget_type=\"heading.default\">\n\t\t\t\t<div class=\"elementor-widget-container\">\n\t\t\t\t\t<h1 class=\"elementor-heading-title elementor-size-default\"><span>Engenho Gastronomy<\/span><\/h1>\t\t\t\t<\/div>\n\t\t\t\t<\/div>\n\t\t\t\t\t<\/div>\n\t\t\t\t<\/div>\n\t\t<div class=\"elementor-element elementor-element-0994110 e-flex e-con-boxed e-con e-parent\" data-id=\"0994110\" data-element_type=\"container\" data-e-type=\"container\">\n\t\t\t\t\t<div class=\"e-con-inner\">\n\t\t<div class=\"elementor-element elementor-element-49ee7ef e-con-full e-flex e-con e-child\" data-id=\"49ee7ef\" data-element_type=\"container\" data-e-type=\"container\">\n\t\t\t\t<div class=\"elementor-element elementor-element-5a5a9a3 elementor-widget elementor-widget-heading\" data-id=\"5a5a9a3\" data-element_type=\"widget\" data-e-type=\"widget\" data-widget_type=\"heading.default\">\n\t\t\t\t<div class=\"elementor-widget-container\">\n\t\t\t\t\t<span class=\"elementor-heading-title elementor-size-default\">Engenho Restaurant<\/span>\t\t\t\t<\/div>\n\t\t\t\t<\/div>\n\t\t\t\t<div class=\"elementor-element elementor-element-c188cba elementor-widget elementor-widget-heading\" data-id=\"c188cba\" data-element_type=\"widget\" data-e-type=\"widget\" data-widget_type=\"heading.default\">\n\t\t\t\t<div class=\"elementor-widget-container\">\n\t\t\t\t\t<h2 class=\"elementor-heading-title elementor-size-default\">Flavors of the land in a rustic setting<\/h2>\t\t\t\t<\/div>\n\t\t\t\t<\/div>\n\t\t\t\t<div class=\"elementor-element elementor-element-8a8c642 elementor-widget elementor-widget-text-editor\" data-id=\"8a8c642\" data-element_type=\"widget\" data-e-type=\"widget\" data-widget_type=\"text-editor.default\">\n\t\t\t\t<div class=\"elementor-widget-container\">\n\t\t\t\t\t\t\t\t\t<p>At Engenho Lodge, enjoy a self-service lunch with Minas Gerais delicacies and \u00e0 la carte dinners prepared by renowned chefs, such as Claude Troisgros and Pablo Oazen.<\/p><ul><li>Traditional cuisine cooked on a wood-burning stove.<\/li><li>We prioritize locally sourced products from partnerships with producers in the region.<\/li><li>Breakfast, lunch and dinner included in the daily rate.<\/li><\/ul>\t\t\t\t\t\t\t\t<\/div>\n\t\t\t\t<\/div>\n\t\t\t\t<\/div>\n\t\t<div class=\"elementor-element elementor-element-ba9ad1e e-con-full e-flex e-con e-child\" data-id=\"ba9ad1e\" data-element_type=\"container\" data-e-type=\"container\">\n\t\t\t\t<div class=\"elementor-element elementor-element-8566ed6 elementor-widget elementor-widget-image\" data-id=\"8566ed6\" data-element_type=\"widget\" data-e-type=\"widget\" data-widget_type=\"image.default\">\n\t\t\t\t<div class=\"elementor-widget-container\">\n\t\t\t\t\t\t\t\t\t\t\t\t\t\t\t<img fetchpriority=\"high\" decoding=\"async\" width=\"2041\" height=\"1361\" src=\"https:\/\/ibiti.com\/wp-content\/uploads\/2024\/11\/restaurante-engenho-01.jpg\" class=\"attachment-full size-full wp-image-2923\" alt=\"\" srcset=\"https:\/\/ibiti.com\/wp-content\/uploads\/2024\/11\/restaurante-engenho-01.jpg 2041w, https:\/\/ibiti.com\/wp-content\/uploads\/2024\/11\/restaurante-engenho-01-300x200.jpg 300w, https:\/\/ibiti.com\/wp-content\/uploads\/2024\/11\/restaurante-engenho-01-1024x683.jpg 1024w, https:\/\/ibiti.com\/wp-content\/uploads\/2024\/11\/restaurante-engenho-01-768x512.jpg 768w, https:\/\/ibiti.com\/wp-content\/uploads\/2024\/11\/restaurante-engenho-01-1536x1024.jpg 1536w, https:\/\/ibiti.com\/wp-content\/uploads\/2024\/11\/restaurante-engenho-01-18x12.jpg 18w\" sizes=\"(max-width: 2041px) 100vw, 2041px\" \/>\t\t\t\t\t\t\t\t\t\t\t\t\t\t\t<\/div>\n\t\t\t\t<\/div>\n\t\t\t\t<\/div>\n\t\t\t\t\t<\/div>\n\t\t\t\t<\/div>\n\t\t<div class=\"elementor-element elementor-element-6e8e7bb e-flex e-con-boxed e-con e-parent\" data-id=\"6e8e7bb\" data-element_type=\"container\" data-e-type=\"container\">\n\t\t\t\t\t<div class=\"e-con-inner\">\n\t\t<div class=\"elementor-element elementor-element-5836c73 e-con-full e-flex e-con e-child\" data-id=\"5836c73\" data-element_type=\"container\" data-e-type=\"container\">\n\t\t\t\t<div class=\"elementor-element elementor-element-fc41976 elementor-widget elementor-widget-image\" data-id=\"fc41976\" data-element_type=\"widget\" data-e-type=\"widget\" data-widget_type=\"image.default\">\n\t\t\t\t<div class=\"elementor-widget-container\">\n\t\t\t\t\t\t\t\t\t\t\t\t\t\t\t<img decoding=\"async\" width=\"2041\" height=\"1361\" src=\"https:\/\/ibiti.com\/wp-content\/uploads\/2024\/11\/restaurante-engenho-02.jpg\" class=\"attachment-full size-full wp-image-2924\" alt=\"\" srcset=\"https:\/\/ibiti.com\/wp-content\/uploads\/2024\/11\/restaurante-engenho-02.jpg 2041w, https:\/\/ibiti.com\/wp-content\/uploads\/2024\/11\/restaurante-engenho-02-300x200.jpg 300w, https:\/\/ibiti.com\/wp-content\/uploads\/2024\/11\/restaurante-engenho-02-1024x683.jpg 1024w, https:\/\/ibiti.com\/wp-content\/uploads\/2024\/11\/restaurante-engenho-02-768x512.jpg 768w, https:\/\/ibiti.com\/wp-content\/uploads\/2024\/11\/restaurante-engenho-02-1536x1024.jpg 1536w, https:\/\/ibiti.com\/wp-content\/uploads\/2024\/11\/restaurante-engenho-02-18x12.jpg 18w\" sizes=\"(max-width: 2041px) 100vw, 2041px\" \/>\t\t\t\t\t\t\t\t\t\t\t\t\t\t\t<\/div>\n\t\t\t\t<\/div>\n\t\t\t\t<\/div>\n\t\t<div class=\"elementor-element elementor-element-7d360fb e-con-full e-flex e-con e-child\" data-id=\"7d360fb\" data-element_type=\"container\" data-e-type=\"container\">\n\t\t\t\t<div class=\"elementor-element elementor-element-43ef7d8 elementor-widget elementor-widget-image\" data-id=\"43ef7d8\" data-element_type=\"widget\" data-e-type=\"widget\" data-widget_type=\"image.default\">\n\t\t\t\t<div class=\"elementor-widget-container\">\n\t\t\t\t\t\t\t\t\t\t\t\t\t\t\t<img decoding=\"async\" width=\"2041\" height=\"1361\" src=\"https:\/\/ibiti.com\/wp-content\/uploads\/2024\/11\/restaurante-engenho-03.jpg\" class=\"attachment-full size-full wp-image-2925\" alt=\"\" srcset=\"https:\/\/ibiti.com\/wp-content\/uploads\/2024\/11\/restaurante-engenho-03.jpg 2041w, https:\/\/ibiti.com\/wp-content\/uploads\/2024\/11\/restaurante-engenho-03-300x200.jpg 300w, https:\/\/ibiti.com\/wp-content\/uploads\/2024\/11\/restaurante-engenho-03-1024x683.jpg 1024w, https:\/\/ibiti.com\/wp-content\/uploads\/2024\/11\/restaurante-engenho-03-768x512.jpg 768w, https:\/\/ibiti.com\/wp-content\/uploads\/2024\/11\/restaurante-engenho-03-1536x1024.jpg 1536w, https:\/\/ibiti.com\/wp-content\/uploads\/2024\/11\/restaurante-engenho-03-18x12.jpg 18w\" sizes=\"(max-width: 2041px) 100vw, 2041px\" \/>\t\t\t\t\t\t\t\t\t\t\t\t\t\t\t<\/div>\n\t\t\t\t<\/div>\n\t\t\t\t<\/div>\n\t\t\t\t\t<\/div>\n\t\t\t\t<\/div>\n\t\t<div class=\"elementor-element elementor-element-5ab2f93 e-flex e-con-boxed e-con e-parent\" data-id=\"5ab2f93\" data-element_type=\"container\" data-e-type=\"container\">\n\t\t\t\t\t<div class=\"e-con-inner\">\n\t\t<div class=\"elementor-element elementor-element-b8789bc e-con-full e-flex e-con e-child\" data-id=\"b8789bc\" data-element_type=\"container\" data-e-type=\"container\">\n\t\t\t\t<div class=\"elementor-element elementor-element-f6a6dc7 elementor-widget elementor-widget-image\" data-id=\"f6a6dc7\" data-element_type=\"widget\" data-e-type=\"widget\" data-widget_type=\"image.default\">\n\t\t\t\t<div class=\"elementor-widget-container\">\n\t\t\t\t\t\t\t\t\t\t\t\t\t\t\t<img loading=\"lazy\" decoding=\"async\" width=\"2464\" height=\"1642\" src=\"https:\/\/ibiti.com\/wp-content\/uploads\/2024\/11\/gaia-produtos-ecologicos.jpeg\" class=\"attachment-full size-full wp-image-2906\" alt=\"\" srcset=\"https:\/\/ibiti.com\/wp-content\/uploads\/2024\/11\/gaia-produtos-ecologicos.jpeg 2464w, https:\/\/ibiti.com\/wp-content\/uploads\/2024\/11\/gaia-produtos-ecologicos-300x200.jpeg 300w, https:\/\/ibiti.com\/wp-content\/uploads\/2024\/11\/gaia-produtos-ecologicos-1024x682.jpeg 1024w, https:\/\/ibiti.com\/wp-content\/uploads\/2024\/11\/gaia-produtos-ecologicos-768x512.jpeg 768w, https:\/\/ibiti.com\/wp-content\/uploads\/2024\/11\/gaia-produtos-ecologicos-1536x1024.jpeg 1536w, https:\/\/ibiti.com\/wp-content\/uploads\/2024\/11\/gaia-produtos-ecologicos-2048x1365.jpeg 2048w, https:\/\/ibiti.com\/wp-content\/uploads\/2024\/11\/gaia-produtos-ecologicos-18x12.jpeg 18w\" sizes=\"(max-width: 2464px) 100vw, 2464px\" \/>\t\t\t\t\t\t\t\t\t\t\t\t\t\t\t<\/div>\n\t\t\t\t<\/div>\n\t\t\t\t<\/div>\n\t\t<div class=\"elementor-element elementor-element-5f58a5f e-con-full e-flex e-con e-child\" data-id=\"5f58a5f\" data-element_type=\"container\" data-e-type=\"container\">\n\t\t\t\t<div class=\"elementor-element elementor-element-cb93dd9 elementor-widget elementor-widget-heading\" data-id=\"cb93dd9\" data-element_type=\"widget\" data-e-type=\"widget\" data-widget_type=\"heading.default\">\n\t\t\t\t<div class=\"elementor-widget-container\">\n\t\t\t\t\t<span class=\"elementor-heading-title elementor-size-default\">Gaia Ecological Products<\/span>\t\t\t\t<\/div>\n\t\t\t\t<\/div>\n\t\t\t\t<div class=\"elementor-element elementor-element-5396138 elementor-widget elementor-widget-heading\" data-id=\"5396138\" data-element_type=\"widget\" data-e-type=\"widget\" data-widget_type=\"heading.default\">\n\t\t\t\t<div class=\"elementor-widget-container\">\n\t\t\t\t\t<h2 class=\"elementor-heading-title elementor-size-default\">Sustainable local production<\/h2>\t\t\t\t<\/div>\n\t\t\t\t<\/div>\n\t\t\t\t<div class=\"elementor-element elementor-element-2a12236 elementor-widget elementor-widget-text-editor\" data-id=\"2a12236\" data-element_type=\"widget\" data-e-type=\"widget\" data-widget_type=\"text-editor.default\">\n\t\t\t\t<div class=\"elementor-widget-container\">\n\t\t\t\t\t\t\t\t\t<p>Gaia Produtos Ecol\u00f3gicos produces and sells organic food without the use of pesticides, with the organic product seal in process. Most of the ingredients used in the restaurants are supplied by Gaia.<\/p><ul><li>Intercropping to enrich the soil.<\/li><li>Production of vegetables, legumes, fruits and cereals.<\/li><li>What is not produced is purchased from local partners committed to sustainable practices.<\/li><\/ul>\t\t\t\t\t\t\t\t<\/div>\n\t\t\t\t<\/div>\n\t\t\t\t<div class=\"elementor-element elementor-element-74c1c01 elementor-absolute elementor-widget elementor-widget-image\" data-id=\"74c1c01\" data-element_type=\"widget\" data-e-type=\"widget\" data-settings=\"{&quot;_position&quot;:&quot;absolute&quot;}\" data-widget_type=\"image.default\">\n\t\t\t\t<div class=\"elementor-widget-container\">\n\t\t\t\t\t\t\t\t\t\t\t\t\t\t\t<img loading=\"lazy\" decoding=\"async\" width=\"128\" height=\"59\" src=\"https:\/\/ibiti.com\/wp-content\/uploads\/2024\/11\/folhas-verdes.png\" class=\"attachment-full size-full wp-image-2905\" alt=\"\" srcset=\"https:\/\/ibiti.com\/wp-content\/uploads\/2024\/11\/folhas-verdes.png 128w, https:\/\/ibiti.com\/wp-content\/uploads\/2024\/11\/folhas-verdes-18x8.png 18w\" sizes=\"(max-width: 128px) 100vw, 128px\" \/>\t\t\t\t\t\t\t\t\t\t\t\t\t\t\t<\/div>\n\t\t\t\t<\/div>\n\t\t\t\t<\/div>\n\t\t\t\t\t<\/div>\n\t\t\t\t<\/div>\n\t\t\t\t<\/div>","protected":false},"excerpt":{"rendered":"<p>Engenho Lodge Gastronomia Engenho Restaurante do Engenho Sabores da terra em ambiente r\u00fastico No Engenho Lodge, desfrute de um almo\u00e7o self-service com del\u00edcias mineiras e jantares \u00e0 la carte assinados por chefs renomados, como Claude Troisgros e Pablo Oazen. Cozinha tradicional no fog\u00e3o a lenha. Priorizamos produtos de origem local, provenientes de parcerias com produtores [&hellip;]<\/p>\n","protected":false},"author":2,"featured_media":0,"parent":1442,"menu_order":0,"comment_status":"closed","ping_status":"closed","template":"","meta":{"footnotes":""},"class_list":["post-1452","page","type-page","status-publish","hentry"],"yoast_head":"<!-- This site is optimized with the Yoast SEO plugin v27.4 - https:\/\/yoast.com\/product\/yoast-seo-wordpress\/ -->\n<title>Gastronomia - IBITI<\/title>\n<meta name=\"robots\" content=\"index, follow, max-snippet:-1, max-image-preview:large, max-video-preview:-1\" \/>\n<link rel=\"canonical\" href=\"https:\/\/ibiti.com\/en\/engenho-lodge-2\/gastronomy\/\" \/>\n<meta property=\"og:locale\" content=\"en_US\" \/>\n<meta property=\"og:type\" content=\"article\" \/>\n<meta property=\"og:title\" content=\"Gastronomia - IBITI\" \/>\n<meta property=\"og:description\" content=\"Engenho Lodge Gastronomia Engenho Restaurante do Engenho Sabores da terra em ambiente r\u00fastico No Engenho Lodge, desfrute de um almo\u00e7o self-service com del\u00edcias mineiras e jantares \u00e0 la carte assinados por chefs renomados, como Claude Troisgros e Pablo Oazen. Cozinha tradicional no fog\u00e3o a lenha. Priorizamos produtos de origem local, provenientes de parcerias com produtores [&hellip;]\" \/>\n<meta property=\"og:url\" content=\"https:\/\/ibiti.com\/en\/engenho-lodge-2\/gastronomy\/\" \/>\n<meta property=\"og:site_name\" content=\"IBITI\" \/>\n<meta property=\"article:modified_time\" content=\"2026-01-08T18:11:35+00:00\" \/>\n<meta property=\"og:image\" content=\"https:\/\/ibiti.com\/wp-content\/uploads\/2024\/11\/restaurante-engenho-01.jpg\" \/>\n\t<meta property=\"og:image:width\" content=\"2041\" \/>\n\t<meta property=\"og:image:height\" content=\"1361\" \/>\n\t<meta property=\"og:image:type\" content=\"image\/jpeg\" \/>\n<meta name=\"twitter:card\" content=\"summary_large_image\" \/>\n<meta name=\"twitter:label1\" content=\"Est. reading time\" \/>\n\t<meta name=\"twitter:data1\" content=\"2 minutes\" \/>\n<script type=\"application\/ld+json\" class=\"yoast-schema-graph\">{\"@context\":\"https:\\\/\\\/schema.org\",\"@graph\":[{\"@type\":\"WebPage\",\"@id\":\"https:\\\/\\\/ibiti.com\\\/ibiti-engenho\\\/gastronomia\\\/\",\"url\":\"https:\\\/\\\/ibiti.com\\\/ibiti-engenho\\\/gastronomia\\\/\",\"name\":\"Gastronomia - IBITI\",\"isPartOf\":{\"@id\":\"https:\\\/\\\/ibiti.com\\\/#website\"},\"primaryImageOfPage\":{\"@id\":\"https:\\\/\\\/ibiti.com\\\/ibiti-engenho\\\/gastronomia\\\/#primaryimage\"},\"image\":{\"@id\":\"https:\\\/\\\/ibiti.com\\\/ibiti-engenho\\\/gastronomia\\\/#primaryimage\"},\"thumbnailUrl\":\"https:\\\/\\\/ibiti.com\\\/wp-content\\\/uploads\\\/2024\\\/11\\\/restaurante-engenho-01.jpg\",\"datePublished\":\"2024-10-31T15:33:55+00:00\",\"dateModified\":\"2026-01-08T18:11:35+00:00\",\"breadcrumb\":{\"@id\":\"https:\\\/\\\/ibiti.com\\\/ibiti-engenho\\\/gastronomia\\\/#breadcrumb\"},\"inLanguage\":\"en-US\",\"potentialAction\":[{\"@type\":\"ReadAction\",\"target\":[\"https:\\\/\\\/ibiti.com\\\/ibiti-engenho\\\/gastronomia\\\/\"]}]},{\"@type\":\"ImageObject\",\"inLanguage\":\"en-US\",\"@id\":\"https:\\\/\\\/ibiti.com\\\/ibiti-engenho\\\/gastronomia\\\/#primaryimage\",\"url\":\"https:\\\/\\\/ibiti.com\\\/wp-content\\\/uploads\\\/2024\\\/11\\\/restaurante-engenho-01.jpg\",\"contentUrl\":\"https:\\\/\\\/ibiti.com\\\/wp-content\\\/uploads\\\/2024\\\/11\\\/restaurante-engenho-01.jpg\"},{\"@type\":\"BreadcrumbList\",\"@id\":\"https:\\\/\\\/ibiti.com\\\/ibiti-engenho\\\/gastronomia\\\/#breadcrumb\",\"itemListElement\":[{\"@type\":\"ListItem\",\"position\":1,\"name\":\"Ibiti Engenho\",\"item\":\"https:\\\/\\\/ibiti.com\\\/ibiti-engenho\\\/\"},{\"@type\":\"ListItem\",\"position\":2,\"name\":\"Gastronomia\"}]},{\"@type\":\"WebSite\",\"@id\":\"https:\\\/\\\/ibiti.com\\\/#website\",\"url\":\"https:\\\/\\\/ibiti.com\\\/\",\"name\":\"IBITI\",\"description\":\"Somos um projeto socioambiental experimental focado no homem e sua casa, o planeta.  Somos um novo mundo nas montanhas de Minas.  Acreditamos na harmonia entre o ser humano e a natureza.\",\"publisher\":{\"@id\":\"https:\\\/\\\/ibiti.com\\\/#organization\"},\"potentialAction\":[{\"@type\":\"SearchAction\",\"target\":{\"@type\":\"EntryPoint\",\"urlTemplate\":\"https:\\\/\\\/ibiti.com\\\/?s={search_term_string}\"},\"query-input\":{\"@type\":\"PropertyValueSpecification\",\"valueRequired\":true,\"valueName\":\"search_term_string\"}}],\"inLanguage\":\"en-US\"},{\"@type\":\"Organization\",\"@id\":\"https:\\\/\\\/ibiti.com\\\/#organization\",\"name\":\"IBITI\",\"url\":\"https:\\\/\\\/ibiti.com\\\/\",\"logo\":{\"@type\":\"ImageObject\",\"inLanguage\":\"en-US\",\"@id\":\"https:\\\/\\\/ibiti.com\\\/#\\\/schema\\\/logo\\\/image\\\/\",\"url\":\"https:\\\/\\\/ibiti.com\\\/wp-content\\\/uploads\\\/2024\\\/10\\\/ibiti-logo-default.svg\",\"contentUrl\":\"https:\\\/\\\/ibiti.com\\\/wp-content\\\/uploads\\\/2024\\\/10\\\/ibiti-logo-default.svg\",\"width\":80,\"height\":54,\"caption\":\"IBITI\"},\"image\":{\"@id\":\"https:\\\/\\\/ibiti.com\\\/#\\\/schema\\\/logo\\\/image\\\/\"}}]}<\/script>\n<!-- \/ Yoast SEO plugin. -->","yoast_head_json":{"title":"Gastronomy - IBITI","robots":{"index":"index","follow":"follow","max-snippet":"max-snippet:-1","max-image-preview":"max-image-preview:large","max-video-preview":"max-video-preview:-1"},"canonical":"https:\/\/ibiti.com\/en\/engenho-lodge-2\/gastronomy\/","og_locale":"en_US","og_type":"article","og_title":"Gastronomia - IBITI","og_description":"Engenho Lodge Gastronomia Engenho Restaurante do Engenho Sabores da terra em ambiente r\u00fastico No Engenho Lodge, desfrute de um almo\u00e7o self-service com del\u00edcias mineiras e jantares \u00e0 la carte assinados por chefs renomados, como Claude Troisgros e Pablo Oazen. Cozinha tradicional no fog\u00e3o a lenha. Priorizamos produtos de origem local, provenientes de parcerias com produtores [&hellip;]","og_url":"https:\/\/ibiti.com\/en\/engenho-lodge-2\/gastronomy\/","og_site_name":"IBITI","article_modified_time":"2026-01-08T18:11:35+00:00","og_image":[{"width":2041,"height":1361,"url":"https:\/\/ibiti.com\/wp-content\/uploads\/2024\/11\/restaurante-engenho-01.jpg","type":"image\/jpeg"}],"twitter_card":"summary_large_image","twitter_misc":{"Est. reading time":"2 minutes"},"schema":{"@context":"https:\/\/schema.org","@graph":[{"@type":"WebPage","@id":"https:\/\/ibiti.com\/ibiti-engenho\/gastronomia\/","url":"https:\/\/ibiti.com\/ibiti-engenho\/gastronomia\/","name":"Gastronomy - IBITI","isPartOf":{"@id":"https:\/\/ibiti.com\/#website"},"primaryImageOfPage":{"@id":"https:\/\/ibiti.com\/ibiti-engenho\/gastronomia\/#primaryimage"},"image":{"@id":"https:\/\/ibiti.com\/ibiti-engenho\/gastronomia\/#primaryimage"},"thumbnailUrl":"https:\/\/ibiti.com\/wp-content\/uploads\/2024\/11\/restaurante-engenho-01.jpg","datePublished":"2024-10-31T15:33:55+00:00","dateModified":"2026-01-08T18:11:35+00:00","breadcrumb":{"@id":"https:\/\/ibiti.com\/ibiti-engenho\/gastronomia\/#breadcrumb"},"inLanguage":"en-US","potentialAction":[{"@type":"ReadAction","target":["https:\/\/ibiti.com\/ibiti-engenho\/gastronomia\/"]}]},{"@type":"ImageObject","inLanguage":"en-US","@id":"https:\/\/ibiti.com\/ibiti-engenho\/gastronomia\/#primaryimage","url":"https:\/\/ibiti.com\/wp-content\/uploads\/2024\/11\/restaurante-engenho-01.jpg","contentUrl":"https:\/\/ibiti.com\/wp-content\/uploads\/2024\/11\/restaurante-engenho-01.jpg"},{"@type":"BreadcrumbList","@id":"https:\/\/ibiti.com\/ibiti-engenho\/gastronomia\/#breadcrumb","itemListElement":[{"@type":"ListItem","position":1,"name":"Ibiti Engenho","item":"https:\/\/ibiti.com\/ibiti-engenho\/"},{"@type":"ListItem","position":2,"name":"Gastronomia"}]},{"@type":"WebSite","@id":"https:\/\/ibiti.com\/#website","url":"https:\/\/ibiti.com\/","name":"IBITI","description":"We are an experimental socio-environmental project focused on man and his home, the planet.  We are a new world in the mountains of Minas Gerais.  We believe in harmony between human beings and nature.","publisher":{"@id":"https:\/\/ibiti.com\/#organization"},"potentialAction":[{"@type":"SearchAction","target":{"@type":"EntryPoint","urlTemplate":"https:\/\/ibiti.com\/?s={search_term_string}"},"query-input":{"@type":"PropertyValueSpecification","valueRequired":true,"valueName":"search_term_string"}}],"inLanguage":"en-US"},{"@type":"Organization","@id":"https:\/\/ibiti.com\/#organization","name":"IBITI","url":"https:\/\/ibiti.com\/","logo":{"@type":"ImageObject","inLanguage":"en-US","@id":"https:\/\/ibiti.com\/#\/schema\/logo\/image\/","url":"https:\/\/ibiti.com\/wp-content\/uploads\/2024\/10\/ibiti-logo-default.svg","contentUrl":"https:\/\/ibiti.com\/wp-content\/uploads\/2024\/10\/ibiti-logo-default.svg","width":80,"height":54,"caption":"IBITI"},"image":{"@id":"https:\/\/ibiti.com\/#\/schema\/logo\/image\/"}}]}},"jetpack_sharing_enabled":true,"_links":{"self":[{"href":"https:\/\/ibiti.com\/en\/wp-json\/wp\/v2\/pages\/1452","targetHints":{"allow":["GET"]}}],"collection":[{"href":"https:\/\/ibiti.com\/en\/wp-json\/wp\/v2\/pages"}],"about":[{"href":"https:\/\/ibiti.com\/en\/wp-json\/wp\/v2\/types\/page"}],"author":[{"embeddable":true,"href":"https:\/\/ibiti.com\/en\/wp-json\/wp\/v2\/users\/2"}],"replies":[{"embeddable":true,"href":"https:\/\/ibiti.com\/en\/wp-json\/wp\/v2\/comments?post=1452"}],"version-history":[{"count":0,"href":"https:\/\/ibiti.com\/en\/wp-json\/wp\/v2\/pages\/1452\/revisions"}],"up":[{"embeddable":true,"href":"https:\/\/ibiti.com\/en\/wp-json\/wp\/v2\/pages\/1442"}],"wp:attachment":[{"href":"https:\/\/ibiti.com\/en\/wp-json\/wp\/v2\/media?parent=1452"}],"curies":[{"name":"wp","href":"https:\/\/api.w.org\/{rel}","templated":true}]}}