{"id":1448,"date":"2024-10-31T15:33:27","date_gmt":"2024-10-31T15:33:27","guid":{"rendered":"https:\/\/ibiti.com\/?page_id=1448"},"modified":"2026-03-12T11:47:02","modified_gmt":"2026-03-12T14:47:02","slug":"gastronomia","status":"publish","type":"page","link":"https:\/\/ibiti.com\/en\/ibiti-village\/gastronomy-2\/","title":{"rendered":"Gastronomy"},"content":{"rendered":"<div data-elementor-type=\"wp-page\" data-elementor-id=\"1448\" class=\"elementor elementor-1448\" data-elementor-post-type=\"page\">\n\t\t\t\t<div class=\"elementor-element elementor-element-853458f e-flex e-con-boxed e-con e-parent\" data-id=\"853458f\" data-element_type=\"container\" data-e-type=\"container\">\n\t\t\t\t\t<div class=\"e-con-inner\">\n\t\t\t\t<div class=\"elementor-element elementor-element-b816dc8 link-sem-estilo elementor-widget elementor-widget-heading\" data-id=\"b816dc8\" data-element_type=\"widget\" data-e-type=\"widget\" data-widget_type=\"heading.default\">\n\t\t\t\t<div class=\"elementor-widget-container\">\n\t\t\t\t\t<span class=\"elementor-heading-title elementor-size-default\"><a href=\"https:\/\/ibiti.com\/en\/ibiti-village\/\">Ibiti Village<\/a><\/span>\t\t\t\t<\/div>\n\t\t\t\t<\/div>\n\t\t\t\t<div class=\"elementor-element elementor-element-237e663 width-920 elementor-widget elementor-widget-heading\" data-id=\"237e663\" data-element_type=\"widget\" data-e-type=\"widget\" data-widget_type=\"heading.default\">\n\t\t\t\t<div class=\"elementor-widget-container\">\n\t\t\t\t\t<h1 class=\"elementor-heading-title elementor-size-default\"><span>Village Gastronomy<\/span><\/h1>\t\t\t\t<\/div>\n\t\t\t\t<\/div>\n\t\t\t\t\t<\/div>\n\t\t\t\t<\/div>\n\t\t<div class=\"elementor-element elementor-element-520639c e-flex e-con-boxed e-con e-parent\" data-id=\"520639c\" data-element_type=\"container\" data-e-type=\"container\">\n\t\t\t\t\t<div class=\"e-con-inner\">\n\t\t<div class=\"elementor-element elementor-element-c641d2d e-con-full e-flex e-con e-child\" data-id=\"c641d2d\" data-element_type=\"container\" data-e-type=\"container\">\n\t\t\t\t<div class=\"elementor-element elementor-element-21faab4 elementor-widget elementor-widget-heading\" data-id=\"21faab4\" data-element_type=\"widget\" data-e-type=\"widget\" data-widget_type=\"heading.default\">\n\t\t\t\t<div class=\"elementor-widget-container\">\n\t\t\t\t\t<span class=\"elementor-heading-title elementor-size-default\">Yucca Restaurant<\/span>\t\t\t\t<\/div>\n\t\t\t\t<\/div>\n\t\t\t\t<div class=\"elementor-element elementor-element-139ff30 sem-br elementor-widget elementor-widget-heading\" data-id=\"139ff30\" data-element_type=\"widget\" data-e-type=\"widget\" data-widget_type=\"heading.default\">\n\t\t\t\t<div class=\"elementor-widget-container\">\n\t\t\t\t\t<h2 class=\"elementor-heading-title elementor-size-default translation-block\">A creative and healthy cuisine<\/h2>\t\t\t\t<\/div>\n\t\t\t\t<\/div>\n\t\t\t\t<div class=\"elementor-element elementor-element-917ab7a elementor-widget elementor-widget-text-editor\" data-id=\"917ab7a\" data-element_type=\"widget\" data-e-type=\"widget\" data-widget_type=\"text-editor.default\">\n\t\t\t\t<div class=\"elementor-widget-container\">\n\t\t\t\t\t\t\t\t\t<p>Restaurante Yucca offers organic cuisine, following the garden to table philosophy, valuing the health of the planet without sacrificing the flavors of the region.<\/p><ul><li>Kitchen integrated into the dining room, providing an intimate experience.<\/li><li>Healthy and organic food.<\/li><li>Breakfast, lunch and dinner included in the daily rate.<\/li><\/ul>\t\t\t\t\t\t\t\t<\/div>\n\t\t\t\t<\/div>\n\t\t\t\t<\/div>\n\t\t<div class=\"elementor-element elementor-element-d13022a e-con-full e-flex e-con e-child\" data-id=\"d13022a\" data-element_type=\"container\" data-e-type=\"container\">\n\t\t\t\t<div class=\"elementor-element elementor-element-574483a elementor-widget elementor-widget-image\" data-id=\"574483a\" data-element_type=\"widget\" data-e-type=\"widget\" data-widget_type=\"image.default\">\n\t\t\t\t<div class=\"elementor-widget-container\">\n\t\t\t\t\t\t\t\t\t\t\t\t\t\t\t<img fetchpriority=\"high\" decoding=\"async\" width=\"2464\" height=\"1642\" src=\"https:\/\/ibiti.com\/wp-content\/uploads\/2024\/11\/restaurante-yucca-01.jpeg\" class=\"attachment-full size-full wp-image-2902\" alt=\"\" srcset=\"https:\/\/ibiti.com\/wp-content\/uploads\/2024\/11\/restaurante-yucca-01.jpeg 2464w, https:\/\/ibiti.com\/wp-content\/uploads\/2024\/11\/restaurante-yucca-01-300x200.jpeg 300w, https:\/\/ibiti.com\/wp-content\/uploads\/2024\/11\/restaurante-yucca-01-1024x682.jpeg 1024w, https:\/\/ibiti.com\/wp-content\/uploads\/2024\/11\/restaurante-yucca-01-768x512.jpeg 768w, https:\/\/ibiti.com\/wp-content\/uploads\/2024\/11\/restaurante-yucca-01-1536x1024.jpeg 1536w, https:\/\/ibiti.com\/wp-content\/uploads\/2024\/11\/restaurante-yucca-01-2048x1365.jpeg 2048w, https:\/\/ibiti.com\/wp-content\/uploads\/2024\/11\/restaurante-yucca-01-18x12.jpeg 18w\" sizes=\"(max-width: 2464px) 100vw, 2464px\" \/>\t\t\t\t\t\t\t\t\t\t\t\t\t\t\t<\/div>\n\t\t\t\t<\/div>\n\t\t\t\t<\/div>\n\t\t\t\t\t<\/div>\n\t\t\t\t<\/div>\n\t\t<div class=\"elementor-element elementor-element-72cff2a e-flex e-con-boxed e-con e-parent\" data-id=\"72cff2a\" data-element_type=\"container\" data-e-type=\"container\">\n\t\t\t\t\t<div class=\"e-con-inner\">\n\t\t<div class=\"elementor-element elementor-element-3486341 e-con-full e-flex e-con e-child\" data-id=\"3486341\" data-element_type=\"container\" data-e-type=\"container\">\n\t\t\t\t<div class=\"elementor-element elementor-element-f0ab04c elementor-widget elementor-widget-image\" data-id=\"f0ab04c\" data-element_type=\"widget\" data-e-type=\"widget\" data-widget_type=\"image.default\">\n\t\t\t\t<div class=\"elementor-widget-container\">\n\t\t\t\t\t\t\t\t\t\t\t\t\t\t\t<img decoding=\"async\" width=\"1600\" height=\"898\" src=\"https:\/\/ibiti.com\/wp-content\/uploads\/2024\/11\/restaurante-yucca-02.jpeg\" class=\"attachment-full size-full wp-image-2903\" alt=\"\" srcset=\"https:\/\/ibiti.com\/wp-content\/uploads\/2024\/11\/restaurante-yucca-02.jpeg 1600w, https:\/\/ibiti.com\/wp-content\/uploads\/2024\/11\/restaurante-yucca-02-300x168.jpeg 300w, https:\/\/ibiti.com\/wp-content\/uploads\/2024\/11\/restaurante-yucca-02-1024x575.jpeg 1024w, https:\/\/ibiti.com\/wp-content\/uploads\/2024\/11\/restaurante-yucca-02-768x431.jpeg 768w, https:\/\/ibiti.com\/wp-content\/uploads\/2024\/11\/restaurante-yucca-02-1536x862.jpeg 1536w, https:\/\/ibiti.com\/wp-content\/uploads\/2024\/11\/restaurante-yucca-02-18x10.jpeg 18w\" sizes=\"(max-width: 1600px) 100vw, 1600px\" \/>\t\t\t\t\t\t\t\t\t\t\t\t\t\t\t<\/div>\n\t\t\t\t<\/div>\n\t\t\t\t<\/div>\n\t\t<div class=\"elementor-element elementor-element-6028524 e-con-full e-flex e-con e-child\" data-id=\"6028524\" data-element_type=\"container\" data-e-type=\"container\">\n\t\t\t\t<div class=\"elementor-element elementor-element-52b68f2 elementor-widget elementor-widget-image\" data-id=\"52b68f2\" data-element_type=\"widget\" data-e-type=\"widget\" data-widget_type=\"image.default\">\n\t\t\t\t<div class=\"elementor-widget-container\">\n\t\t\t\t\t\t\t\t\t\t\t\t\t\t\t<img decoding=\"async\" width=\"2464\" height=\"1642\" src=\"https:\/\/ibiti.com\/wp-content\/uploads\/2024\/11\/restaurante-yucca-03.jpeg\" class=\"attachment-full size-full wp-image-2904\" alt=\"\" srcset=\"https:\/\/ibiti.com\/wp-content\/uploads\/2024\/11\/restaurante-yucca-03.jpeg 2464w, https:\/\/ibiti.com\/wp-content\/uploads\/2024\/11\/restaurante-yucca-03-300x200.jpeg 300w, https:\/\/ibiti.com\/wp-content\/uploads\/2024\/11\/restaurante-yucca-03-1024x682.jpeg 1024w, https:\/\/ibiti.com\/wp-content\/uploads\/2024\/11\/restaurante-yucca-03-768x512.jpeg 768w, https:\/\/ibiti.com\/wp-content\/uploads\/2024\/11\/restaurante-yucca-03-1536x1024.jpeg 1536w, https:\/\/ibiti.com\/wp-content\/uploads\/2024\/11\/restaurante-yucca-03-2048x1365.jpeg 2048w, https:\/\/ibiti.com\/wp-content\/uploads\/2024\/11\/restaurante-yucca-03-18x12.jpeg 18w\" sizes=\"(max-width: 2464px) 100vw, 2464px\" \/>\t\t\t\t\t\t\t\t\t\t\t\t\t\t\t<\/div>\n\t\t\t\t<\/div>\n\t\t\t\t<\/div>\n\t\t\t\t\t<\/div>\n\t\t\t\t<\/div>\n\t\t<div class=\"elementor-element elementor-element-45c0660 e-flex e-con-boxed e-con e-parent\" data-id=\"45c0660\" data-element_type=\"container\" data-e-type=\"container\">\n\t\t\t\t\t<div class=\"e-con-inner\">\n\t\t<div class=\"elementor-element elementor-element-d412cb6 e-con-full e-flex e-con e-child\" data-id=\"d412cb6\" data-element_type=\"container\" data-e-type=\"container\">\n\t\t\t\t<div class=\"elementor-element elementor-element-32c64b1 elementor-widget elementor-widget-image\" data-id=\"32c64b1\" data-element_type=\"widget\" data-e-type=\"widget\" data-widget_type=\"image.default\">\n\t\t\t\t<div class=\"elementor-widget-container\">\n\t\t\t\t\t\t\t\t\t\t\t\t\t\t\t<img loading=\"lazy\" decoding=\"async\" width=\"597\" height=\"536\" src=\"https:\/\/ibiti.com\/wp-content\/uploads\/2026\/03\/Village_Desing_Site.png\" class=\"attachment-full size-full wp-image-8521\" alt=\"\" srcset=\"https:\/\/ibiti.com\/wp-content\/uploads\/2026\/03\/Village_Desing_Site.png 597w, https:\/\/ibiti.com\/wp-content\/uploads\/2026\/03\/Village_Desing_Site-300x269.png 300w, https:\/\/ibiti.com\/wp-content\/uploads\/2026\/03\/Village_Desing_Site-13x12.png 13w\" sizes=\"(max-width: 597px) 100vw, 597px\" \/>\t\t\t\t\t\t\t\t\t\t\t\t\t\t\t<\/div>\n\t\t\t\t<\/div>\n\t\t\t\t<\/div>\n\t\t<div class=\"elementor-element elementor-element-a8a3099 e-con-full e-flex e-con e-child\" data-id=\"a8a3099\" data-element_type=\"container\" data-e-type=\"container\">\n\t\t\t\t<div class=\"elementor-element elementor-element-2cb8818 elementor-widget elementor-widget-heading\" data-id=\"2cb8818\" data-element_type=\"widget\" data-e-type=\"widget\" data-widget_type=\"heading.default\">\n\t\t\t\t<div class=\"elementor-widget-container\">\n\t\t\t\t\t<span class=\"elementor-heading-title elementor-size-default\">Gaia Caf\u00e9<\/span>\t\t\t\t<\/div>\n\t\t\t\t<\/div>\n\t\t\t\t<div class=\"elementor-element elementor-element-555c87a elementor-widget elementor-widget-heading\" data-id=\"555c87a\" data-element_type=\"widget\" data-e-type=\"widget\" data-widget_type=\"heading.default\">\n\t\t\t\t<div class=\"elementor-widget-container\">\n\t\t\t\t\t<h2 class=\"elementor-heading-title elementor-size-default\">Farmhouse coffee and local products<\/h2>\t\t\t\t<\/div>\n\t\t\t\t<\/div>\n\t\t\t\t<div class=\"elementor-element elementor-element-31a0ce9 elementor-widget elementor-widget-text-editor\" data-id=\"31a0ce9\" data-element_type=\"widget\" data-e-type=\"widget\" data-widget_type=\"text-editor.default\">\n\t\t\t\t<div class=\"elementor-widget-container\">\n\t\t\t\t\t\t\t\t\t<p>Located in an old reconstructed shop, Gaia Caf\u00e9 offers various types of coffee, such as traditional \u201ccaf\u00e9 da ro\u00e7a\u201d and other locally produced foods, following the garden to table concept.<\/p><ul><li>Rustic and welcoming space.<\/li><li>Musical attractions, such as a piano concert on a Steinway from 1874.<\/li><li>Gaia Produtos Ecol\u00f3gicos products available for consumption and purchase.<\/li><\/ul>\t\t\t\t\t\t\t\t<\/div>\n\t\t\t\t<\/div>\n\t\t\t\t<\/div>\n\t\t\t\t\t<\/div>\n\t\t\t\t<\/div>\n\t\t<div class=\"elementor-element elementor-element-4178181 e-flex e-con-boxed e-con e-parent\" data-id=\"4178181\" data-element_type=\"container\" data-e-type=\"container\">\n\t\t\t\t\t<div class=\"e-con-inner\">\n\t\t<div class=\"elementor-element elementor-element-8a6c67c e-con-full e-flex e-con e-child\" data-id=\"8a6c67c\" data-element_type=\"container\" data-e-type=\"container\">\n\t\t\t\t<div class=\"elementor-element elementor-element-f009e67 elementor-widget elementor-widget-heading\" data-id=\"f009e67\" data-element_type=\"widget\" data-e-type=\"widget\" data-widget_type=\"heading.default\">\n\t\t\t\t<div class=\"elementor-widget-container\">\n\t\t\t\t\t<span class=\"elementor-heading-title elementor-size-default\">Gaia Ecological Products<\/span>\t\t\t\t<\/div>\n\t\t\t\t<\/div>\n\t\t\t\t<div class=\"elementor-element elementor-element-681b8a2 elementor-widget elementor-widget-heading\" data-id=\"681b8a2\" data-element_type=\"widget\" data-e-type=\"widget\" data-widget_type=\"heading.default\">\n\t\t\t\t<div class=\"elementor-widget-container\">\n\t\t\t\t\t<h2 class=\"elementor-heading-title elementor-size-default\">Sustainable local production<\/h2>\t\t\t\t<\/div>\n\t\t\t\t<\/div>\n\t\t\t\t<div class=\"elementor-element elementor-element-6bd40be elementor-widget elementor-widget-text-editor\" data-id=\"6bd40be\" data-element_type=\"widget\" data-e-type=\"widget\" data-widget_type=\"text-editor.default\">\n\t\t\t\t<div class=\"elementor-widget-container\">\n\t\t\t\t\t\t\t\t\t<p>Gaia Produtos Ecol\u00f3gicos produces and sells organic food without the use of pesticides, with the organic product seal in process. Most of the ingredients used in the restaurants are supplied by Gaia.<\/p><ul><li>Intercropping to enrich the soil.<\/li><li>Production of vegetables, legumes, fruits and cereals.<\/li><li>What is not produced is purchased from local partners committed to sustainable practices.<\/li><\/ul>\t\t\t\t\t\t\t\t<\/div>\n\t\t\t\t<\/div>\n\t\t\t\t<div class=\"elementor-element elementor-element-a0f8c12 elementor-absolute elementor-widget elementor-widget-image\" data-id=\"a0f8c12\" data-element_type=\"widget\" data-e-type=\"widget\" data-settings=\"{&quot;_position&quot;:&quot;absolute&quot;}\" data-widget_type=\"image.default\">\n\t\t\t\t<div class=\"elementor-widget-container\">\n\t\t\t\t\t\t\t\t\t\t\t\t\t\t\t<img loading=\"lazy\" decoding=\"async\" width=\"128\" height=\"59\" src=\"https:\/\/ibiti.com\/wp-content\/uploads\/2024\/11\/folhas-verdes.png\" class=\"attachment-full size-full wp-image-2905\" alt=\"\" srcset=\"https:\/\/ibiti.com\/wp-content\/uploads\/2024\/11\/folhas-verdes.png 128w, https:\/\/ibiti.com\/wp-content\/uploads\/2024\/11\/folhas-verdes-18x8.png 18w\" sizes=\"(max-width: 128px) 100vw, 128px\" \/>\t\t\t\t\t\t\t\t\t\t\t\t\t\t\t<\/div>\n\t\t\t\t<\/div>\n\t\t\t\t<\/div>\n\t\t<div class=\"elementor-element elementor-element-f0c593e e-con-full e-flex e-con e-child\" data-id=\"f0c593e\" data-element_type=\"container\" data-e-type=\"container\">\n\t\t\t\t<div class=\"elementor-element elementor-element-0986074 elementor-widget elementor-widget-image\" data-id=\"0986074\" data-element_type=\"widget\" data-e-type=\"widget\" data-widget_type=\"image.default\">\n\t\t\t\t<div class=\"elementor-widget-container\">\n\t\t\t\t\t\t\t\t\t\t\t\t\t\t\t<img loading=\"lazy\" decoding=\"async\" width=\"2464\" height=\"1642\" src=\"https:\/\/ibiti.com\/wp-content\/uploads\/2024\/11\/gaia-produtos-ecologicos.jpeg\" class=\"attachment-full size-full wp-image-2906\" alt=\"\" srcset=\"https:\/\/ibiti.com\/wp-content\/uploads\/2024\/11\/gaia-produtos-ecologicos.jpeg 2464w, https:\/\/ibiti.com\/wp-content\/uploads\/2024\/11\/gaia-produtos-ecologicos-300x200.jpeg 300w, https:\/\/ibiti.com\/wp-content\/uploads\/2024\/11\/gaia-produtos-ecologicos-1024x682.jpeg 1024w, https:\/\/ibiti.com\/wp-content\/uploads\/2024\/11\/gaia-produtos-ecologicos-768x512.jpeg 768w, https:\/\/ibiti.com\/wp-content\/uploads\/2024\/11\/gaia-produtos-ecologicos-1536x1024.jpeg 1536w, https:\/\/ibiti.com\/wp-content\/uploads\/2024\/11\/gaia-produtos-ecologicos-2048x1365.jpeg 2048w, https:\/\/ibiti.com\/wp-content\/uploads\/2024\/11\/gaia-produtos-ecologicos-18x12.jpeg 18w\" sizes=\"(max-width: 2464px) 100vw, 2464px\" \/>\t\t\t\t\t\t\t\t\t\t\t\t\t\t\t<\/div>\n\t\t\t\t<\/div>\n\t\t\t\t<\/div>\n\t\t\t\t\t<\/div>\n\t\t\t\t<\/div>\n\t\t\t\t<\/div>","protected":false},"excerpt":{"rendered":"<p>Ibiti Village Gastronomia Village Restaurante Yucca Uma cozinha criativa e saud\u00e1vel Restaurante Yucca oferece uma culin\u00e1ria org\u00e2nica, seguindo a filosofia garden to table, valorizando a sa\u00fade do planeta sem abrir m\u00e3o dos sabores da regi\u00e3o. Cozinha integrada ao sal\u00e3o, proporcionando uma experi\u00eancia intimista. Alimenta\u00e7\u00e3o saud\u00e1vel e org\u00e2nica. Caf\u00e9 da manh\u00e3, almo\u00e7o e jantar inclusos na [&hellip;]<\/p>\n","protected":false},"author":4,"featured_media":8333,"parent":1440,"menu_order":0,"comment_status":"closed","ping_status":"closed","template":"elementor_theme","meta":{"footnotes":""},"class_list":["post-1448","page","type-page","status-publish","has-post-thumbnail","hentry"],"yoast_head":"<!-- This site is optimized with the Yoast SEO plugin v27.3 - https:\/\/yoast.com\/product\/yoast-seo-wordpress\/ -->\n<title>Gastronomia - IBITI<\/title>\n<meta name=\"robots\" content=\"index, follow, max-snippet:-1, max-image-preview:large, max-video-preview:-1\" \/>\n<link rel=\"canonical\" href=\"https:\/\/ibiti.com\/en\/ibiti-village\/gastronomy-2\/\" \/>\n<meta property=\"og:locale\" content=\"en_US\" \/>\n<meta property=\"og:type\" content=\"article\" \/>\n<meta property=\"og:title\" content=\"Gastronomia - IBITI\" \/>\n<meta property=\"og:description\" content=\"Ibiti Village Gastronomia Village Restaurante Yucca Uma cozinha criativa e saud\u00e1vel Restaurante Yucca oferece uma culin\u00e1ria org\u00e2nica, seguindo a filosofia garden to table, valorizando a sa\u00fade do planeta sem abrir m\u00e3o dos sabores da regi\u00e3o. Cozinha integrada ao sal\u00e3o, proporcionando uma experi\u00eancia intimista. Alimenta\u00e7\u00e3o saud\u00e1vel e org\u00e2nica. Caf\u00e9 da manh\u00e3, almo\u00e7o e jantar inclusos na [&hellip;]\" \/>\n<meta property=\"og:url\" content=\"https:\/\/ibiti.com\/en\/ibiti-village\/gastronomy-2\/\" \/>\n<meta property=\"og:site_name\" content=\"IBITI\" \/>\n<meta property=\"article:modified_time\" content=\"2026-03-12T14:47:02+00:00\" \/>\n<meta property=\"og:image\" content=\"https:\/\/ibiti.com\/wp-content\/uploads\/2025\/10\/DSC07366-scaled.jpg\" \/>\n\t<meta property=\"og:image:width\" content=\"2560\" \/>\n\t<meta property=\"og:image:height\" content=\"1710\" \/>\n\t<meta property=\"og:image:type\" content=\"image\/jpeg\" \/>\n<meta name=\"twitter:card\" content=\"summary_large_image\" \/>\n<meta name=\"twitter:label1\" content=\"Est. reading time\" \/>\n\t<meta name=\"twitter:data1\" content=\"3 minutes\" \/>\n<script type=\"application\/ld+json\" class=\"yoast-schema-graph\">{\"@context\":\"https:\\\/\\\/schema.org\",\"@graph\":[{\"@type\":\"WebPage\",\"@id\":\"https:\\\/\\\/ibiti.com\\\/ibiti-village\\\/gastronomia\\\/\",\"url\":\"https:\\\/\\\/ibiti.com\\\/ibiti-village\\\/gastronomia\\\/\",\"name\":\"Gastronomia - IBITI\",\"isPartOf\":{\"@id\":\"https:\\\/\\\/ibiti.com\\\/#website\"},\"primaryImageOfPage\":{\"@id\":\"https:\\\/\\\/ibiti.com\\\/ibiti-village\\\/gastronomia\\\/#primaryimage\"},\"image\":{\"@id\":\"https:\\\/\\\/ibiti.com\\\/ibiti-village\\\/gastronomia\\\/#primaryimage\"},\"thumbnailUrl\":\"https:\\\/\\\/ibiti.com\\\/wp-content\\\/uploads\\\/2025\\\/10\\\/DSC07366-scaled.jpg\",\"datePublished\":\"2024-10-31T15:33:27+00:00\",\"dateModified\":\"2026-03-12T14:47:02+00:00\",\"breadcrumb\":{\"@id\":\"https:\\\/\\\/ibiti.com\\\/ibiti-village\\\/gastronomia\\\/#breadcrumb\"},\"inLanguage\":\"en-US\",\"potentialAction\":[{\"@type\":\"ReadAction\",\"target\":[\"https:\\\/\\\/ibiti.com\\\/ibiti-village\\\/gastronomia\\\/\"]}]},{\"@type\":\"ImageObject\",\"inLanguage\":\"en-US\",\"@id\":\"https:\\\/\\\/ibiti.com\\\/ibiti-village\\\/gastronomia\\\/#primaryimage\",\"url\":\"https:\\\/\\\/ibiti.com\\\/wp-content\\\/uploads\\\/2025\\\/10\\\/DSC07366-scaled.jpg\",\"contentUrl\":\"https:\\\/\\\/ibiti.com\\\/wp-content\\\/uploads\\\/2025\\\/10\\\/DSC07366-scaled.jpg\",\"width\":2560,\"height\":1710},{\"@type\":\"BreadcrumbList\",\"@id\":\"https:\\\/\\\/ibiti.com\\\/ibiti-village\\\/gastronomia\\\/#breadcrumb\",\"itemListElement\":[{\"@type\":\"ListItem\",\"position\":1,\"name\":\"Ibiti Village\",\"item\":\"https:\\\/\\\/ibiti.com\\\/ibiti-village\\\/\"},{\"@type\":\"ListItem\",\"position\":2,\"name\":\"Gastronomia\"}]},{\"@type\":\"WebSite\",\"@id\":\"https:\\\/\\\/ibiti.com\\\/#website\",\"url\":\"https:\\\/\\\/ibiti.com\\\/\",\"name\":\"IBITI\",\"description\":\"Somos um projeto socioambiental experimental focado no homem e sua casa, o planeta.  Somos um novo mundo nas montanhas de Minas.  Acreditamos na harmonia entre o ser humano e a natureza.\",\"publisher\":{\"@id\":\"https:\\\/\\\/ibiti.com\\\/#organization\"},\"potentialAction\":[{\"@type\":\"SearchAction\",\"target\":{\"@type\":\"EntryPoint\",\"urlTemplate\":\"https:\\\/\\\/ibiti.com\\\/?s={search_term_string}\"},\"query-input\":{\"@type\":\"PropertyValueSpecification\",\"valueRequired\":true,\"valueName\":\"search_term_string\"}}],\"inLanguage\":\"en-US\"},{\"@type\":\"Organization\",\"@id\":\"https:\\\/\\\/ibiti.com\\\/#organization\",\"name\":\"IBITI\",\"url\":\"https:\\\/\\\/ibiti.com\\\/\",\"logo\":{\"@type\":\"ImageObject\",\"inLanguage\":\"en-US\",\"@id\":\"https:\\\/\\\/ibiti.com\\\/#\\\/schema\\\/logo\\\/image\\\/\",\"url\":\"https:\\\/\\\/ibiti.com\\\/wp-content\\\/uploads\\\/2024\\\/10\\\/ibiti-logo-default.svg\",\"contentUrl\":\"https:\\\/\\\/ibiti.com\\\/wp-content\\\/uploads\\\/2024\\\/10\\\/ibiti-logo-default.svg\",\"width\":80,\"height\":54,\"caption\":\"IBITI\"},\"image\":{\"@id\":\"https:\\\/\\\/ibiti.com\\\/#\\\/schema\\\/logo\\\/image\\\/\"}}]}<\/script>\n<!-- \/ Yoast SEO plugin. -->","yoast_head_json":{"title":"Gastronomy - IBITI","robots":{"index":"index","follow":"follow","max-snippet":"max-snippet:-1","max-image-preview":"max-image-preview:large","max-video-preview":"max-video-preview:-1"},"canonical":"https:\/\/ibiti.com\/en\/ibiti-village\/gastronomy-2\/","og_locale":"en_US","og_type":"article","og_title":"Gastronomia - IBITI","og_description":"Ibiti Village Gastronomia Village Restaurante Yucca Uma cozinha criativa e saud\u00e1vel Restaurante Yucca oferece uma culin\u00e1ria org\u00e2nica, seguindo a filosofia garden to table, valorizando a sa\u00fade do planeta sem abrir m\u00e3o dos sabores da regi\u00e3o. Cozinha integrada ao sal\u00e3o, proporcionando uma experi\u00eancia intimista. Alimenta\u00e7\u00e3o saud\u00e1vel e org\u00e2nica. Caf\u00e9 da manh\u00e3, almo\u00e7o e jantar inclusos na [&hellip;]","og_url":"https:\/\/ibiti.com\/en\/ibiti-village\/gastronomy-2\/","og_site_name":"IBITI","article_modified_time":"2026-03-12T14:47:02+00:00","og_image":[{"width":2560,"height":1710,"url":"https:\/\/ibiti.com\/wp-content\/uploads\/2025\/10\/DSC07366-scaled.jpg","type":"image\/jpeg"}],"twitter_card":"summary_large_image","twitter_misc":{"Est. reading time":"3 minutes"},"schema":{"@context":"https:\/\/schema.org","@graph":[{"@type":"WebPage","@id":"https:\/\/ibiti.com\/ibiti-village\/gastronomia\/","url":"https:\/\/ibiti.com\/ibiti-village\/gastronomia\/","name":"Gastronomy - IBITI","isPartOf":{"@id":"https:\/\/ibiti.com\/#website"},"primaryImageOfPage":{"@id":"https:\/\/ibiti.com\/ibiti-village\/gastronomia\/#primaryimage"},"image":{"@id":"https:\/\/ibiti.com\/ibiti-village\/gastronomia\/#primaryimage"},"thumbnailUrl":"https:\/\/ibiti.com\/wp-content\/uploads\/2025\/10\/DSC07366-scaled.jpg","datePublished":"2024-10-31T15:33:27+00:00","dateModified":"2026-03-12T14:47:02+00:00","breadcrumb":{"@id":"https:\/\/ibiti.com\/ibiti-village\/gastronomia\/#breadcrumb"},"inLanguage":"en-US","potentialAction":[{"@type":"ReadAction","target":["https:\/\/ibiti.com\/ibiti-village\/gastronomia\/"]}]},{"@type":"ImageObject","inLanguage":"en-US","@id":"https:\/\/ibiti.com\/ibiti-village\/gastronomia\/#primaryimage","url":"https:\/\/ibiti.com\/wp-content\/uploads\/2025\/10\/DSC07366-scaled.jpg","contentUrl":"https:\/\/ibiti.com\/wp-content\/uploads\/2025\/10\/DSC07366-scaled.jpg","width":2560,"height":1710},{"@type":"BreadcrumbList","@id":"https:\/\/ibiti.com\/ibiti-village\/gastronomia\/#breadcrumb","itemListElement":[{"@type":"ListItem","position":1,"name":"Ibiti Village","item":"https:\/\/ibiti.com\/ibiti-village\/"},{"@type":"ListItem","position":2,"name":"Gastronomia"}]},{"@type":"WebSite","@id":"https:\/\/ibiti.com\/#website","url":"https:\/\/ibiti.com\/","name":"IBITI","description":"We are an experimental socio-environmental project focused on man and his home, the planet.  We are a new world in the mountains of Minas Gerais.  We believe in harmony between human beings and nature.","publisher":{"@id":"https:\/\/ibiti.com\/#organization"},"potentialAction":[{"@type":"SearchAction","target":{"@type":"EntryPoint","urlTemplate":"https:\/\/ibiti.com\/?s={search_term_string}"},"query-input":{"@type":"PropertyValueSpecification","valueRequired":true,"valueName":"search_term_string"}}],"inLanguage":"en-US"},{"@type":"Organization","@id":"https:\/\/ibiti.com\/#organization","name":"IBITI","url":"https:\/\/ibiti.com\/","logo":{"@type":"ImageObject","inLanguage":"en-US","@id":"https:\/\/ibiti.com\/#\/schema\/logo\/image\/","url":"https:\/\/ibiti.com\/wp-content\/uploads\/2024\/10\/ibiti-logo-default.svg","contentUrl":"https:\/\/ibiti.com\/wp-content\/uploads\/2024\/10\/ibiti-logo-default.svg","width":80,"height":54,"caption":"IBITI"},"image":{"@id":"https:\/\/ibiti.com\/#\/schema\/logo\/image\/"}}]}},"jetpack_sharing_enabled":true,"_links":{"self":[{"href":"https:\/\/ibiti.com\/en\/wp-json\/wp\/v2\/pages\/1448","targetHints":{"allow":["GET"]}}],"collection":[{"href":"https:\/\/ibiti.com\/en\/wp-json\/wp\/v2\/pages"}],"about":[{"href":"https:\/\/ibiti.com\/en\/wp-json\/wp\/v2\/types\/page"}],"author":[{"embeddable":true,"href":"https:\/\/ibiti.com\/en\/wp-json\/wp\/v2\/users\/4"}],"replies":[{"embeddable":true,"href":"https:\/\/ibiti.com\/en\/wp-json\/wp\/v2\/comments?post=1448"}],"version-history":[{"count":4,"href":"https:\/\/ibiti.com\/en\/wp-json\/wp\/v2\/pages\/1448\/revisions"}],"predecessor-version":[{"id":8525,"href":"https:\/\/ibiti.com\/en\/wp-json\/wp\/v2\/pages\/1448\/revisions\/8525"}],"up":[{"embeddable":true,"href":"https:\/\/ibiti.com\/en\/wp-json\/wp\/v2\/pages\/1440"}],"wp:featuredmedia":[{"embeddable":true,"href":"https:\/\/ibiti.com\/en\/wp-json\/wp\/v2\/media\/8333"}],"wp:attachment":[{"href":"https:\/\/ibiti.com\/en\/wp-json\/wp\/v2\/media?parent=1448"}],"curies":[{"name":"wp","href":"https:\/\/api.w.org\/{rel}","templated":true}]}}